{"id":712704,"date":"2025-08-27T16:58:51","date_gmt":"2025-08-27T13:58:51","guid":{"rendered":"https:\/\/roveyayinevi.com.tr\/index.php\/urun\/kirik-kalpler-kavanozu\/"},"modified":"2026-04-16T02:21:05","modified_gmt":"2026-04-15T23:21:05","slug":"kirik-kalpler-kavanozu","status":"publish","type":"product","link":"https:\/\/roveyayinevi.com.tr\/index.php\/urun\/kirik-kalpler-kavanozu\/","title":{"rendered":"K\u0131r\u0131k Kalpler Kavanozu"},"content":{"rendered":"<p>ON8, D\u00fcnya Kad\u0131nlar G\u00fcn\u00fc\u2019n\u00fc her \u015feye ra\u011fmen y\u00fcr\u00fcmeye devam edenlerin roman\u0131yla selaml\u0131yor. Baz\u0131 insanlardan yaln\u0131zca uzakla\u015fmak gerekir. \u015eimdi bile \u00e7evremde, lisede, her yerde, hayat\u0131 benimkinden \u00e7ok daha kolay olan, benden daha fazla sevilen, bu y\u00fczden aptall\u0131klar yapan k\u0131zlar g\u00f6r\u00fcyorum&#8230; \u0130stedikleri tek \u015fey dikkat \u00e7ekmek; bunun ne t\u00fcr bir dikkat oldu\u011funun onlar i\u00e7in pek de \u00f6nemi yok sanki.       Ben \u00f6yle yapm\u0131yorum.       Yine de, elbette, bo\u015fluk benim gibi s\u0131cakl\u0131\u011f\u0131 \u00e7ok \u00f6zlemi\u015f insanlarda daha fazla kendini hissettiriyor.Kalpteki delik kocaman.Benim daha da dikkatli olmam gerek.       Joe ve ben ilk kez bak\u0131\u015ft\u0131\u011f\u0131m\u0131zda, etkilenen i\u015fte bu yan\u0131md\u0131.Sanki biri yarama so\u011fuk pansuman yap\u0131yordu. Bir yanda ila\u00e7lar, korkular, vazge\u00e7i\u015fler; di\u011fer yanda \u015fiddet, \u00f6fke ve nefret.Ya av olacakt\u0131 ya da avc\u0131.Reva g\u00f6r\u00fclene raz\u0131 de\u011fildi.Yumru\u011funu s\u0131kt\u0131, gard\u0131n\u0131 ald\u0131; kaderini kendi yazacakt\u0131. Frans\u0131z gen\u00e7lik edebiyat\u0131n\u0131n g\u00fc\u00e7l\u00fc kalemi Jean-Fran\u00e7ois Chabas, sars\u0131c\u0131 roman\u0131yla ilk kez T\u00fcrk\u00e7e\u2019de! \u0130nsan\u0131n ailesini de\u011fi\u015ftiremese de gelece\u011fini in\u015fa edebildi\u011fini hat\u0131rlatan yazar, \u015fiddet sarmal\u0131n\u0131n y\u0131k\u0131labilir oldu\u011funa i\u015faret ediyor. <\/p>\n","protected":false},"excerpt":{"rendered":"<p>ON8, D\u00fcnya Kad\u0131nlar G\u00fcn\u00fc\u2019n\u00fc her \u015feye ra\u011fmen y\u00fcr\u00fcmeye devam edenlerin roman\u0131yla selaml\u0131yor. Baz\u0131 insanlardan yaln\u0131zca uzakla\u015fmak gerekir. \u015eimdi bile \u00e7evremde, lisede, her yerde, hayat\u0131 benimkinden \u00e7ok<span class=\"excerpt-hellip\"> [\u2026]<\/span><\/p>\n","protected":false},"featured_media":0,"template":"","meta":{"_monsterinsights_skip_tracking":false,"_monsterinsights_sitenote_active":false,"_monsterinsights_sitenote_note":"","_monsterinsights_sitenote_category":0},"product_brand":[],"product_cat":[12291,12711],"product_tag":[],"class_list":{"0":"post-712704","1":"product","2":"type-product","3":"status-publish","5":"product_cat-edebiyat","6":"product_cat-roman-oyku","7":"pa_cilt-ciltsiz","8":"pa_tur-kitap","9":"pa_yayinevi-on8-kitap","10":"pa_yazar-jean-francois-chabas","12":"first","13":"instock","14":"sale","15":"shipping-taxable","16":"purchasable","17":"product-type-simple"},"_links":{"self":[{"href":"https:\/\/roveyayinevi.com.tr\/index.php\/wp-json\/wp\/v2\/product\/712704","targetHints":{"allow":["GET"]}}],"collection":[{"href":"https:\/\/roveyayinevi.com.tr\/index.php\/wp-json\/wp\/v2\/product"}],"about":[{"href":"https:\/\/roveyayinevi.com.tr\/index.php\/wp-json\/wp\/v2\/types\/product"}],"wp:attachment":[{"href":"https:\/\/roveyayinevi.com.tr\/index.php\/wp-json\/wp\/v2\/media?parent=712704"}],"wp:term":[{"taxonomy":"product_brand","embeddable":true,"href":"https:\/\/roveyayinevi.com.tr\/index.php\/wp-json\/wp\/v2\/product_brand?post=712704"},{"taxonomy":"product_cat","embeddable":true,"href":"https:\/\/roveyayinevi.com.tr\/index.php\/wp-json\/wp\/v2\/product_cat?post=712704"},{"taxonomy":"product_tag","embeddable":true,"href":"https:\/\/roveyayinevi.com.tr\/index.php\/wp-json\/wp\/v2\/product_tag?post=712704"}],"curies":[{"name":"wp","href":"https:\/\/api.w.org\/{rel}","templated":true}]}}