{"id":712703,"date":"2025-08-27T16:58:51","date_gmt":"2025-08-27T13:58:51","guid":{"rendered":"https:\/\/roveyayinevi.com.tr\/index.php\/urun\/kapilandin-kiyameti\/"},"modified":"2026-04-16T02:21:05","modified_gmt":"2026-04-15T23:21:05","slug":"kapilandin-kiyameti","status":"publish","type":"product","link":"https:\/\/roveyayinevi.com.tr\/index.php\/urun\/kapilandin-kiyameti\/","title":{"rendered":"Kapiland&#8217;\u0131n K\u0131yameti"},"content":{"rendered":"<p>Kapiland&#8217;\u0131n kirli oyunlar\u0131 d\u00fcnyan\u0131n sonunu haz\u0131rl\u0131yor!   \u00d6d\u00fcll\u00fc yazar Miyase Sertbarut\u2019un, y\u00fcz binleri pe\u015finden s\u00fcr\u00fckleyen \u201cKapiland\u201d serisi, \u00fc\u00e7\u00fcnc\u00fc ve en sars\u0131c\u0131 kitab\u0131 Kapiland&#8217;\u0131n K\u0131yameti ile tamamlan\u0131yor. Kurguyla ger\u00e7e\u011fin i\u00e7 i\u00e7e ge\u00e7ti\u011fi bir distopya olan Kapiland\u2019\u0131n K\u0131yameti, s\u00f6m\u00fcrgecilik, n\u00fckleer sava\u015f gibi g\u00fcncel konulara de\u011finerek, h\u0131zla felakete s\u00fcr\u00fcklenen d\u00fcnyan\u0131n karanl\u0131k gelece\u011fini anlat\u0131yor.  Her bir cildi ba\u011f\u0131ms\u0131z olarak da okunabilen \u201cKapiland\u201d dizisi, s\u00fcr\u00fckleyici kurgusunun sat\u0131r aralar\u0131nda ince ince sistemi ele\u015ftirirken, gen\u00e7leri haks\u0131zl\u0131klara kar\u015f\u0131 tek y\u00fcrek olmaya \u00e7a\u011f\u0131r\u0131yor. <\/p>\n","protected":false},"excerpt":{"rendered":"<p>Kapiland&#8217;\u0131n kirli oyunlar\u0131 d\u00fcnyan\u0131n sonunu haz\u0131rl\u0131yor! \u00d6d\u00fcll\u00fc yazar Miyase Sertbarut\u2019un, y\u00fcz binleri pe\u015finden s\u00fcr\u00fckleyen \u201cKapiland\u201d serisi, \u00fc\u00e7\u00fcnc\u00fc ve en sars\u0131c\u0131 kitab\u0131 Kapiland&#8217;\u0131n K\u0131yameti ile tamamlan\u0131yor. Kurguyla<span class=\"excerpt-hellip\"> [\u2026]<\/span><\/p>\n","protected":false},"featured_media":0,"template":"","meta":{"_monsterinsights_skip_tracking":false,"_monsterinsights_sitenote_active":false,"_monsterinsights_sitenote_note":"","_monsterinsights_sitenote_category":0},"product_brand":[],"product_cat":[12275,12274],"product_tag":[],"class_list":{"0":"post-712703","1":"product","2":"type-product","3":"status-publish","5":"product_cat-6-12-yas-kitaplari","6":"product_cat-cocuk-ve-genclik-kitaplari","7":"pa_cilt-ciltsiz","8":"pa_tur-kitap","9":"pa_yayinevi-tudem-yayinlari","10":"pa_yazar-miyase-sertbarut","12":"first","13":"instock","14":"sale","15":"shipping-taxable","16":"purchasable","17":"product-type-simple"},"_links":{"self":[{"href":"https:\/\/roveyayinevi.com.tr\/index.php\/wp-json\/wp\/v2\/product\/712703","targetHints":{"allow":["GET"]}}],"collection":[{"href":"https:\/\/roveyayinevi.com.tr\/index.php\/wp-json\/wp\/v2\/product"}],"about":[{"href":"https:\/\/roveyayinevi.com.tr\/index.php\/wp-json\/wp\/v2\/types\/product"}],"wp:attachment":[{"href":"https:\/\/roveyayinevi.com.tr\/index.php\/wp-json\/wp\/v2\/media?parent=712703"}],"wp:term":[{"taxonomy":"product_brand","embeddable":true,"href":"https:\/\/roveyayinevi.com.tr\/index.php\/wp-json\/wp\/v2\/product_brand?post=712703"},{"taxonomy":"product_cat","embeddable":true,"href":"https:\/\/roveyayinevi.com.tr\/index.php\/wp-json\/wp\/v2\/product_cat?post=712703"},{"taxonomy":"product_tag","embeddable":true,"href":"https:\/\/roveyayinevi.com.tr\/index.php\/wp-json\/wp\/v2\/product_tag?post=712703"}],"curies":[{"name":"wp","href":"https:\/\/api.w.org\/{rel}","templated":true}]}}