{"id":712702,"date":"2025-08-27T16:58:50","date_gmt":"2025-08-27T13:58:50","guid":{"rendered":"https:\/\/roveyayinevi.com.tr\/index.php\/urun\/matematik-delisi-buyucu-okulu\/"},"modified":"2026-04-16T02:21:05","modified_gmt":"2026-04-15T23:21:05","slug":"matematik-delisi-buyucu-okulu","status":"publish","type":"product","link":"https:\/\/roveyayinevi.com.tr\/index.php\/urun\/matematik-delisi-buyucu-okulu\/","title":{"rendered":"Matematik Delisi B\u00fcy\u00fcc\u00fc Okulu"},"content":{"rendered":"<p>Matemati\u011fi E\u011flenerek \u00d6\u011frenebilirsiniz! Bu kitap, say\u0131lar\u0131n d\u00fcnyas\u0131na ilgin\u00e7 ve \u00f6\u011frenme iste\u011fi uyand\u0131ran bir y\u00f6ntemle yakla\u015f\u0131yor. Matemati\u011fin \u00f6nemli kavramlar\u0131n\u0131 anlamay\u0131 ve \u00f6\u011frenmeyi oyun yoluyla kolayla\u015ft\u0131ran Matematik Delisi\u2019nde etkinlikler s\u0131ra d\u0131\u015f\u0131 bir dekor i\u00e7inde ge\u00e7iyor. Her b\u00f6l\u00fcm bir \u00f6yk\u00fcyle ba\u015fl\u0131yor ve bu \u00f6yk\u00fcde verilen g\u00f6revler sayesinde matematik al\u0131\u015ft\u0131rmalar\u0131, \u00e7ocuklar\u0131n e\u011flenerek \u00e7\u00f6zece\u011fi birer oyun haline geliyor. \u00dcstelik bu \u00f6yk\u00fcleyici yakla\u015f\u0131m \u00e7ocuklarda merak duygusu da uyand\u0131r\u0131yor. OKUMA, YAZMA VE B\u0130NL\u0130 SAYILARA KADAR B\u00dcY\u00dcKL\u00dcKLER\u0130 KAR\u015eILA\u015eTIRMA TOPLAMA, \u00c7IKARMA, \u00c7ARPMA VE B\u00d6LME Z\u0130H\u0130NDEN HESAPLAMA Y\u00d6NTEMLER\u0130 MANTIK BULMACALARI <\/p>\n","protected":false},"excerpt":{"rendered":"<p>Matemati\u011fi E\u011flenerek \u00d6\u011frenebilirsiniz! Bu kitap, say\u0131lar\u0131n d\u00fcnyas\u0131na ilgin\u00e7 ve \u00f6\u011frenme iste\u011fi uyand\u0131ran bir y\u00f6ntemle yakla\u015f\u0131yor. Matemati\u011fin \u00f6nemli kavramlar\u0131n\u0131 anlamay\u0131 ve \u00f6\u011frenmeyi oyun yoluyla kolayla\u015ft\u0131ran Matematik Delisi\u2019nde<span class=\"excerpt-hellip\"> [\u2026]<\/span><\/p>\n","protected":false},"featured_media":0,"template":"","meta":{"_monsterinsights_skip_tracking":false,"_monsterinsights_sitenote_active":false,"_monsterinsights_sitenote_note":"","_monsterinsights_sitenote_category":0},"product_brand":[],"product_cat":[12913,12274],"product_tag":[],"class_list":{"0":"post-712702","1":"product","2":"type-product","3":"status-publish","5":"product_cat-3-6-yas-kitaplari","6":"product_cat-cocuk-ve-genclik-kitaplari","7":"pa_cilt-ciltli","8":"pa_tur-kitap","9":"pa_yayinevi-dinozor-cocuk","10":"pa_yazar-linda-bertola","12":"first","13":"instock","14":"sale","15":"shipping-taxable","16":"purchasable","17":"product-type-simple"},"_links":{"self":[{"href":"https:\/\/roveyayinevi.com.tr\/index.php\/wp-json\/wp\/v2\/product\/712702","targetHints":{"allow":["GET"]}}],"collection":[{"href":"https:\/\/roveyayinevi.com.tr\/index.php\/wp-json\/wp\/v2\/product"}],"about":[{"href":"https:\/\/roveyayinevi.com.tr\/index.php\/wp-json\/wp\/v2\/types\/product"}],"wp:attachment":[{"href":"https:\/\/roveyayinevi.com.tr\/index.php\/wp-json\/wp\/v2\/media?parent=712702"}],"wp:term":[{"taxonomy":"product_brand","embeddable":true,"href":"https:\/\/roveyayinevi.com.tr\/index.php\/wp-json\/wp\/v2\/product_brand?post=712702"},{"taxonomy":"product_cat","embeddable":true,"href":"https:\/\/roveyayinevi.com.tr\/index.php\/wp-json\/wp\/v2\/product_cat?post=712702"},{"taxonomy":"product_tag","embeddable":true,"href":"https:\/\/roveyayinevi.com.tr\/index.php\/wp-json\/wp\/v2\/product_tag?post=712702"}],"curies":[{"name":"wp","href":"https:\/\/api.w.org\/{rel}","templated":true}]}}