{"id":712701,"date":"2025-08-27T16:58:49","date_gmt":"2025-08-27T13:58:49","guid":{"rendered":"https:\/\/roveyayinevi.com.tr\/index.php\/urun\/iki-flut-icin-anadoludan-turkuler-1\/"},"modified":"2026-04-16T02:21:05","modified_gmt":"2026-04-15T23:21:05","slug":"iki-flut-icin-anadoludan-turkuler-1","status":"publish","type":"product","link":"https:\/\/roveyayinevi.com.tr\/index.php\/urun\/iki-flut-icin-anadoludan-turkuler-1\/","title":{"rendered":"\u0130ki Fl\u00fct \u0130\u00e7in Anadolu&#8217;dan T\u00fcrk\u00fcler 1"},"content":{"rendered":"<p>Cumhuriyetin ilan edilmesiyle birlikte bir\u00e7ok alanda oldu\u011fu gibi m\u00fczik alan\u0131nda da yenilikler ortaya \u00e7\u0131km\u0131\u015ft\u0131r. M\u00fczik alan\u0131nda ortaya \u00e7\u0131kan en b\u00fcy\u00fck yenilik ise hi\u00e7 ku\u015fkusuz ki tek sesli m\u00fczikten \u00e7ok sesli m\u00fczi\u011fe ge\u00e7i\u015ftir. T\u00fcrkiye\u2019de \u00e7ok sesli m\u00fczi\u011fin ilk tohumlar\u0131, \u00f6z\u00fcn\u00fc ulusal ezgilerimizden alarak evrensel m\u00fczik kurallar\u0131 \u00e7er\u00e7evesinde bestelenen eserler yoluyla at\u0131lm\u0131\u015ft\u0131r. Bundan dolay\u0131 T\u00fcrkiye\u2019deki ilk \u00e7ok sesli ezgilerin b\u00fcy\u00fck bir \u00e7o\u011funlu\u011fu geleneksel m\u00fcziklerimizden esinlenerek olu\u015fturulmu\u015ftur.Geleneksel m\u00fcziklerimizden olan T\u00fcrk halk m\u00fczi\u011fimizdeki \u00e7ok seslilik, cumhuriyetin ilk y\u0131llar\u0131ndan bug\u00fcne kadar varl\u0131\u011f\u0131n\u0131 s\u00fcrd\u00fcrm\u00fc\u015ft\u00fcr. Zaman i\u00e7erisinde \u00e7alg\u0131lar\u0131n \u00e7e\u015fitlili\u011finin artmas\u0131 ve kullan\u0131m \u015feklinin geli\u015fmesi, t\u00fcrk\u00fclerin derlemeler yoluyla ortaya \u00e7\u0131kar\u0131l\u0131p \u00e7ok seslilik anlay\u0131\u015f\u0131na g\u00f6re armonize edilmesi T\u00fcrk halk m\u00fczi\u011fimizdeki \u00e7okseslilik uyarlama ve aray\u0131\u015flar\u0131n\u0131n \u00e7o\u011falmas\u0131n\u0131 sa\u011flam\u0131\u015ft\u0131r. <\/p>\n","protected":false},"excerpt":{"rendered":"<p>Cumhuriyetin ilan edilmesiyle birlikte bir\u00e7ok alanda oldu\u011fu gibi m\u00fczik alan\u0131nda da yenilikler ortaya \u00e7\u0131km\u0131\u015ft\u0131r. M\u00fczik alan\u0131nda ortaya \u00e7\u0131kan en b\u00fcy\u00fck yenilik ise hi\u00e7 ku\u015fkusuz ki tek<span class=\"excerpt-hellip\"> [\u2026]<\/span><\/p>\n","protected":false},"featured_media":0,"template":"","meta":{"_monsterinsights_skip_tracking":false,"_monsterinsights_sitenote_active":false,"_monsterinsights_sitenote_note":"","_monsterinsights_sitenote_category":0},"product_brand":[],"product_cat":[14591,14556],"product_tag":[],"class_list":{"0":"post-712701","1":"product","2":"type-product","3":"status-publish","5":"product_cat-genel-kavramlar-kuram-ve-tarihce","6":"product_cat-muzik","7":"pa_cilt-ciltsiz","8":"pa_tur-kitap","9":"pa_yayinevi-ani-yayincilik","10":"pa_yazar-hazan-kurtaslan","12":"first","13":"instock","14":"sale","15":"shipping-taxable","16":"purchasable","17":"product-type-simple"},"_links":{"self":[{"href":"https:\/\/roveyayinevi.com.tr\/index.php\/wp-json\/wp\/v2\/product\/712701","targetHints":{"allow":["GET"]}}],"collection":[{"href":"https:\/\/roveyayinevi.com.tr\/index.php\/wp-json\/wp\/v2\/product"}],"about":[{"href":"https:\/\/roveyayinevi.com.tr\/index.php\/wp-json\/wp\/v2\/types\/product"}],"wp:attachment":[{"href":"https:\/\/roveyayinevi.com.tr\/index.php\/wp-json\/wp\/v2\/media?parent=712701"}],"wp:term":[{"taxonomy":"product_brand","embeddable":true,"href":"https:\/\/roveyayinevi.com.tr\/index.php\/wp-json\/wp\/v2\/product_brand?post=712701"},{"taxonomy":"product_cat","embeddable":true,"href":"https:\/\/roveyayinevi.com.tr\/index.php\/wp-json\/wp\/v2\/product_cat?post=712701"},{"taxonomy":"product_tag","embeddable":true,"href":"https:\/\/roveyayinevi.com.tr\/index.php\/wp-json\/wp\/v2\/product_tag?post=712701"}],"curies":[{"name":"wp","href":"https:\/\/api.w.org\/{rel}","templated":true}]}}