{"id":712700,"date":"2025-08-27T16:58:49","date_gmt":"2025-08-27T13:58:49","guid":{"rendered":"https:\/\/roveyayinevi.com.tr\/index.php\/urun\/sosyal-bilimler-icin-ra-giris\/"},"modified":"2026-04-16T02:21:05","modified_gmt":"2026-04-15T23:21:05","slug":"sosyal-bilimler-icin-ra-giris","status":"publish","type":"product","link":"https:\/\/roveyayinevi.com.tr\/index.php\/urun\/sosyal-bilimler-icin-ra-giris\/","title":{"rendered":"Sosyal Bilimler \u0130\u00e7in R&#8217;a Giri\u015f"},"content":{"rendered":"<p>Bu materyal sosyal bilimler alan\u0131nda \u00e7al\u0131\u015fan ve nicel veri analizlerinin teoriden ziyade uygulama a\u015famas\u0131na ilgi g\u00f6steren ara\u015ft\u0131rmac\u0131lar i\u00e7in olu\u015fturulmu\u015ftur. B\u00fct\u00fcn istatistiksel \u00e7\u00f6z\u00fcmlemeler R ile tamamlanm\u0131\u015f, ger\u00e7ek veri kullan\u0131m\u0131na \u00f6zen g\u00f6sterilmi\u015ftirKitab\u0131n i\u00e7eri\u011fi bir ders kitab\u0131ndan ziyade yard\u0131mc\u0131 materyal olarak haz\u0131rlanm\u0131\u015ft\u0131r. \u0130\u00e7erik \u00e7ok geni\u015f tutulmam\u0131\u015f, konunun \u00f6z\u00fc verilmeye \u00e7al\u0131\u015f\u0131lm\u0131\u015ft\u0131r. \u0130\u00e7erik; Windows i\u00e7in R kurulumu, R k\u0131sa tan\u0131t\u0131m\u0131, veri setleri, betimsel analizler ve hipotez testi, t-testi, varyans analizine giri\u015f, korelasyon ve \u00e7oklu regresyona giri\u015f konular\u0131ndan olu\u015fmaktad\u0131r. <\/p>\n","protected":false},"excerpt":{"rendered":"<p>Bu materyal sosyal bilimler alan\u0131nda \u00e7al\u0131\u015fan ve nicel veri analizlerinin teoriden ziyade uygulama a\u015famas\u0131na ilgi g\u00f6steren ara\u015ft\u0131rmac\u0131lar i\u00e7in olu\u015fturulmu\u015ftur. B\u00fct\u00fcn istatistiksel \u00e7\u00f6z\u00fcmlemeler R ile tamamlanm\u0131\u015f, ger\u00e7ek<span class=\"excerpt-hellip\"> [\u2026]<\/span><\/p>\n","protected":false},"featured_media":0,"template":"","meta":{"_monsterinsights_skip_tracking":false,"_monsterinsights_sitenote_active":false,"_monsterinsights_sitenote_note":"","_monsterinsights_sitenote_category":0},"product_brand":[],"product_cat":[12312,12304],"product_tag":[],"class_list":{"0":"post-712700","1":"product","2":"type-product","3":"status-publish","5":"product_cat-diger","6":"product_cat-tarih","7":"pa_cilt-ciltsiz","8":"pa_tur-kitap","9":"pa_yayinevi-ani-yayincilik","10":"pa_yazar-hakan-atilgan-burak-aydin-walter-leite-james-algina","12":"first","13":"instock","14":"sale","15":"shipping-taxable","16":"purchasable","17":"product-type-simple"},"_links":{"self":[{"href":"https:\/\/roveyayinevi.com.tr\/index.php\/wp-json\/wp\/v2\/product\/712700","targetHints":{"allow":["GET"]}}],"collection":[{"href":"https:\/\/roveyayinevi.com.tr\/index.php\/wp-json\/wp\/v2\/product"}],"about":[{"href":"https:\/\/roveyayinevi.com.tr\/index.php\/wp-json\/wp\/v2\/types\/product"}],"wp:attachment":[{"href":"https:\/\/roveyayinevi.com.tr\/index.php\/wp-json\/wp\/v2\/media?parent=712700"}],"wp:term":[{"taxonomy":"product_brand","embeddable":true,"href":"https:\/\/roveyayinevi.com.tr\/index.php\/wp-json\/wp\/v2\/product_brand?post=712700"},{"taxonomy":"product_cat","embeddable":true,"href":"https:\/\/roveyayinevi.com.tr\/index.php\/wp-json\/wp\/v2\/product_cat?post=712700"},{"taxonomy":"product_tag","embeddable":true,"href":"https:\/\/roveyayinevi.com.tr\/index.php\/wp-json\/wp\/v2\/product_tag?post=712700"}],"curies":[{"name":"wp","href":"https:\/\/api.w.org\/{rel}","templated":true}]}}