{"id":712695,"date":"2025-08-27T16:58:46","date_gmt":"2025-08-27T13:58:46","guid":{"rendered":"https:\/\/roveyayinevi.com.tr\/index.php\/urun\/bu-tebesirlerde-is-var\/"},"modified":"2026-03-12T02:28:47","modified_gmt":"2026-03-11T23:28:47","slug":"bu-tebesirlerde-is-var","status":"publish","type":"product","link":"https:\/\/roveyayinevi.com.tr\/index.php\/urun\/bu-tebesirlerde-is-var\/","title":{"rendered":"Bu Tebe\u015firlerde \u0130s Var"},"content":{"rendered":"<p>Bundan iki y\u0131l \u00f6nce, baz\u0131 televizyon kanallar\u0131n\u0131n ak\u015fam haberlerinde k\u00fc\u00e7\u00fcc\u00fck bir haber: &#8221;A\u011fr\u0131&#8217;n\u0131n Do\u011fu Beyaz\u0131t \u0130l\u00e7esinin Ortadirek K\u00f6y\u00fc okulunda \u00e7\u0131kan bir yang\u0131n sonucu iki \u00f6\u011fretmen ve bir \u00f6\u011frenci hayat\u0131n\u0131 kaybetmi\u015ftir.&#8221; S\u00fcre 50 saniye veya bir dakika! \ufffcTan\u0131t\u0131m Metni<\/p>\n","protected":false},"excerpt":{"rendered":"<p>Bundan iki y\u0131l \u00f6nce, baz\u0131 televizyon kanallar\u0131n\u0131n ak\u015fam haberlerinde k\u00fc\u00e7\u00fcc\u00fck bir haber: &#8221;A\u011fr\u0131&#8217;n\u0131n Do\u011fu Beyaz\u0131t \u0130l\u00e7esinin Ortadirek K\u00f6y\u00fc okulunda \u00e7\u0131kan bir yang\u0131n sonucu iki \u00f6\u011fretmen ve<span class=\"excerpt-hellip\"> [\u2026]<\/span><\/p>\n","protected":false},"featured_media":0,"template":"","meta":{"_monsterinsights_skip_tracking":false,"_monsterinsights_sitenote_active":false,"_monsterinsights_sitenote_note":"","_monsterinsights_sitenote_category":0},"product_brand":[],"product_cat":[12291,14272],"product_tag":[],"class_list":{"0":"post-712695","1":"product","2":"type-product","3":"status-publish","5":"product_cat-edebiyat","6":"product_cat-tiyatro","7":"pa_cilt-ciltsiz","8":"pa_tur-kitap","9":"pa_yayinevi-kirmizi-cati-yayinlari","10":"pa_yazar-saban-karakaya","12":"first","13":"instock","14":"sale","15":"shipping-taxable","16":"purchasable","17":"product-type-simple"},"_links":{"self":[{"href":"https:\/\/roveyayinevi.com.tr\/index.php\/wp-json\/wp\/v2\/product\/712695","targetHints":{"allow":["GET"]}}],"collection":[{"href":"https:\/\/roveyayinevi.com.tr\/index.php\/wp-json\/wp\/v2\/product"}],"about":[{"href":"https:\/\/roveyayinevi.com.tr\/index.php\/wp-json\/wp\/v2\/types\/product"}],"wp:attachment":[{"href":"https:\/\/roveyayinevi.com.tr\/index.php\/wp-json\/wp\/v2\/media?parent=712695"}],"wp:term":[{"taxonomy":"product_brand","embeddable":true,"href":"https:\/\/roveyayinevi.com.tr\/index.php\/wp-json\/wp\/v2\/product_brand?post=712695"},{"taxonomy":"product_cat","embeddable":true,"href":"https:\/\/roveyayinevi.com.tr\/index.php\/wp-json\/wp\/v2\/product_cat?post=712695"},{"taxonomy":"product_tag","embeddable":true,"href":"https:\/\/roveyayinevi.com.tr\/index.php\/wp-json\/wp\/v2\/product_tag?post=712695"}],"curies":[{"name":"wp","href":"https:\/\/api.w.org\/{rel}","templated":true}]}}