{"id":712691,"date":"2025-08-27T16:58:44","date_gmt":"2025-08-27T13:58:44","guid":{"rendered":"https:\/\/roveyayinevi.com.tr\/index.php\/urun\/benim-sudokum\/"},"modified":"2026-04-16T02:21:05","modified_gmt":"2026-04-15T23:21:05","slug":"benim-sudokum","status":"publish","type":"product","link":"https:\/\/roveyayinevi.com.tr\/index.php\/urun\/benim-sudokum\/","title":{"rendered":"Benim Sudokum"},"content":{"rendered":"<p>T\u00fcm d\u00fcnyan\u0131n g\u00f6zbebe\u011fi, T\u00fcrkiye\u2019de de olduk\u00e7a yayg\u0131nla\u015ft\u0131. Her ortamda ve tek ba\u015f\u0131na rahatl\u0131kla oynanan sudoku Japon k\u00f6kenli bir oyun. Terim, Japoncada \u201csay\u0131lar tek olmal\u0131\u201d anlam\u0131na gelen s\u00f6zc\u00fcklerin k\u0131saltmas\u0131d\u0131r. Dinlendiricidir, keyif verir, zihinsel fonksiyonlar\u0131n\u0131n din\u00e7 kalmas\u0131na olumlu katk\u0131s\u0131 vard\u0131r.\u00c7a\u011fatay G\u00fcler, siz severlere her g\u00fcn oynayabilece\u011finiz bir sudoku kitab\u0131 sunuyor. <\/p>\n","protected":false},"excerpt":{"rendered":"<p>T\u00fcm d\u00fcnyan\u0131n g\u00f6zbebe\u011fi, T\u00fcrkiye\u2019de de olduk\u00e7a yayg\u0131nla\u015ft\u0131. Her ortamda ve tek ba\u015f\u0131na rahatl\u0131kla oynanan sudoku Japon k\u00f6kenli bir oyun. Terim, Japoncada \u201csay\u0131lar tek olmal\u0131\u201d anlam\u0131na gelen<span class=\"excerpt-hellip\"> [\u2026]<\/span><\/p>\n","protected":false},"featured_media":0,"template":"","meta":{"_monsterinsights_skip_tracking":false,"_monsterinsights_sitenote_active":false,"_monsterinsights_sitenote_note":"","_monsterinsights_sitenote_category":0},"product_brand":[],"product_cat":[16943,15563],"product_tag":[],"class_list":{"0":"post-712691","1":"product","2":"type-product","3":"status-publish","5":"product_cat-bilmeceler-bulmacalar","6":"product_cat-hobi","7":"pa_cilt-ciltsiz","8":"pa_tur-kitap","9":"pa_yayinevi-efil-yayinevi","10":"pa_yazar-cagatay-guler","12":"first","13":"instock","14":"sale","15":"shipping-taxable","16":"purchasable","17":"product-type-simple"},"_links":{"self":[{"href":"https:\/\/roveyayinevi.com.tr\/index.php\/wp-json\/wp\/v2\/product\/712691","targetHints":{"allow":["GET"]}}],"collection":[{"href":"https:\/\/roveyayinevi.com.tr\/index.php\/wp-json\/wp\/v2\/product"}],"about":[{"href":"https:\/\/roveyayinevi.com.tr\/index.php\/wp-json\/wp\/v2\/types\/product"}],"wp:attachment":[{"href":"https:\/\/roveyayinevi.com.tr\/index.php\/wp-json\/wp\/v2\/media?parent=712691"}],"wp:term":[{"taxonomy":"product_brand","embeddable":true,"href":"https:\/\/roveyayinevi.com.tr\/index.php\/wp-json\/wp\/v2\/product_brand?post=712691"},{"taxonomy":"product_cat","embeddable":true,"href":"https:\/\/roveyayinevi.com.tr\/index.php\/wp-json\/wp\/v2\/product_cat?post=712691"},{"taxonomy":"product_tag","embeddable":true,"href":"https:\/\/roveyayinevi.com.tr\/index.php\/wp-json\/wp\/v2\/product_tag?post=712691"}],"curies":[{"name":"wp","href":"https:\/\/api.w.org\/{rel}","templated":true}]}}