{"id":712690,"date":"2025-08-27T16:58:43","date_gmt":"2025-08-27T13:58:43","guid":{"rendered":"https:\/\/roveyayinevi.com.tr\/index.php\/urun\/esitsizlik-ne-yapilabilir\/"},"modified":"2026-04-16T02:21:05","modified_gmt":"2026-04-15T23:21:05","slug":"esitsizlik-ne-yapilabilir","status":"publish","type":"product","link":"https:\/\/roveyayinevi.com.tr\/index.php\/urun\/esitsizlik-ne-yapilabilir\/","title":{"rendered":"E\u015fitsizlik &#8211; Ne Yap\u0131labilir?"},"content":{"rendered":"<p>E\u015fitsizlik en \u00f6nemli sosyal problemlerimizden bir tanesidir. \u0130kinci D\u00fcnya Sava\u015f\u0131\u2019ndan sonraki y\u0131llarda kontrol alt\u0131na al\u0131nan e\u015fitsizlik son y\u0131llarda alabildi\u011fine geri d\u00f6nm\u00fc\u015ft\u00fcr. Hepimiz problemin boyutunun fark\u0131nday\u0131z %99 hakk\u0131nda konu\u015fuyoruz ve %1 toplumsal tart\u0131\u015fman\u0131n merkezinde yer almaktad\u0131r fakat umutsuzlu\u011fa kap\u0131lmak d\u0131\u015f\u0131nda ne yap\u0131labilece\u011fiyle ilgili \u00e7ok az tart\u0131\u015fma mevcuttur ancak, \u00fcnl\u00fc iktisat\u00e7\u0131 Anthony Atkinson\u2019a g\u00f6re, \u015f\u00fcphecilerin hayal edebilece\u011finden \u00e7ok daha fazlas\u0131n\u0131 yapabiliriz.Atkinson uzun y\u0131llard\u0131r e\u015fitsizlik ara\u015ft\u0131rmas\u0131nda en \u00f6nde gelenlerden biri olmu\u015ftur ve teorik ve pratik tecr\u00fcbesini e\u015fitsizli\u011fin \u00e7e\u015fitli problemlerine uygulamaktad\u0131r. Geli\u015fmi\u015f \u00fclkelerdeki gelir da\u011f\u0131l\u0131m\u0131nda kayda de\u011fer bir de\u011fi\u015fime neden olabilecek b\u00fct\u00fcnc\u00fcl bir politika seti sunmaktad\u0131r. Atkinson g\u00f6stermektedir ki sorun basit\u00e7e zenginin daha zengin olmas\u0131 de\u011fildir. Yoksullukla m\u00fccadelede de ba\u015far\u0131s\u0131z\u0131z ve ekonomi h\u0131zl\u0131 bir \u015fekilde b\u00fcy\u00fck bir kitleyi geride b\u0131rakmaya evrilmektedir.E\u015fitsizli\u011fi azaltmak i\u00e7in var olan programlar\u0131 finanse etmek amac\u0131yla zenginler \u00fczerine yeni vergiler koyman\u0131n \u00f6tesine gitmeliyiz. Yeni fikirlere ihtiyac\u0131m\u0131z var. Bu nedenle, Atkinson be\u015f alanda iddial\u0131 yeni politikalar \u00f6nermektedir: teknoloji, istihdam, sosyal g\u00fcvenlik, sermayenin payla\u015f\u0131m\u0131 ve vergilendirme. Bu \u00f6nerileri genel iddialara ve harekete ge\u00e7meyenlerin, m\u00fcdahalenin ekonomiyi k\u00fc\u00e7\u00fcltece\u011fini, k\u00fcreselle\u015fmenin giri\u015fimleri imkans\u0131zla\u015ft\u0131raca\u011f\u0131n\u0131 ve yeni politikalar\u0131n maddi olarak kar\u015f\u0131lanamayaca\u011f\u0131 mazeretlerine kar\u015f\u0131 savunmaktad\u0131r.Bir de\u011fi\u015fim program\u0131ndan \u00e7ok daha fazlas\u0131 olan Atkinson\u2019\u0131n kitab\u0131 umudun sesidir ve siyasal eylem ihtimalleri i\u00e7in iyimserlik sunmaktad\u0131r.<\/p>\n","protected":false},"excerpt":{"rendered":"<p>E\u015fitsizlik en \u00f6nemli sosyal problemlerimizden bir tanesidir. \u0130kinci D\u00fcnya Sava\u015f\u0131\u2019ndan sonraki y\u0131llarda kontrol alt\u0131na al\u0131nan e\u015fitsizlik son y\u0131llarda alabildi\u011fine geri d\u00f6nm\u00fc\u015ft\u00fcr. Hepimiz problemin boyutunun fark\u0131nday\u0131z %99<span class=\"excerpt-hellip\"> [\u2026]<\/span><\/p>\n","protected":false},"featured_media":0,"template":"","meta":{"_monsterinsights_skip_tracking":false,"_monsterinsights_sitenote_active":false,"_monsterinsights_sitenote_note":"","_monsterinsights_sitenote_category":0},"product_brand":[],"product_cat":[12835,12324],"product_tag":[],"class_list":{"0":"post-712690","1":"product","2":"type-product","3":"status-publish","5":"product_cat-genel-sosyoloji","6":"product_cat-sosyoloji","7":"pa_cilt-ciltsiz","8":"pa_tur-kitap","9":"pa_yayinevi-efil-yayinevi","10":"pa_yazar-anthony-b-atkinson","12":"first","13":"instock","14":"sale","15":"shipping-taxable","16":"purchasable","17":"product-type-simple"},"_links":{"self":[{"href":"https:\/\/roveyayinevi.com.tr\/index.php\/wp-json\/wp\/v2\/product\/712690","targetHints":{"allow":["GET"]}}],"collection":[{"href":"https:\/\/roveyayinevi.com.tr\/index.php\/wp-json\/wp\/v2\/product"}],"about":[{"href":"https:\/\/roveyayinevi.com.tr\/index.php\/wp-json\/wp\/v2\/types\/product"}],"wp:attachment":[{"href":"https:\/\/roveyayinevi.com.tr\/index.php\/wp-json\/wp\/v2\/media?parent=712690"}],"wp:term":[{"taxonomy":"product_brand","embeddable":true,"href":"https:\/\/roveyayinevi.com.tr\/index.php\/wp-json\/wp\/v2\/product_brand?post=712690"},{"taxonomy":"product_cat","embeddable":true,"href":"https:\/\/roveyayinevi.com.tr\/index.php\/wp-json\/wp\/v2\/product_cat?post=712690"},{"taxonomy":"product_tag","embeddable":true,"href":"https:\/\/roveyayinevi.com.tr\/index.php\/wp-json\/wp\/v2\/product_tag?post=712690"}],"curies":[{"name":"wp","href":"https:\/\/api.w.org\/{rel}","templated":true}]}}