{"id":712689,"date":"2025-08-27T16:58:43","date_gmt":"2025-08-27T13:58:43","guid":{"rendered":"https:\/\/roveyayinevi.com.tr\/index.php\/urun\/bitmemis-defter-kadinlara-dair-oykuler\/"},"modified":"2026-04-16T02:21:05","modified_gmt":"2026-04-15T23:21:05","slug":"bitmemis-defter-kadinlara-dair-oykuler","status":"publish","type":"product","link":"https:\/\/roveyayinevi.com.tr\/index.php\/urun\/bitmemis-defter-kadinlara-dair-oykuler\/","title":{"rendered":"Bitmemi\u015f Defter: Kad\u0131nlara Dair \u00d6yk\u00fcler"},"content":{"rendered":"<p>Halid Ziya\u2019ya kadar, romanc\u0131 muhayyilesiyle do\u011fmu\u015f tek muharririmiz yoktur. Hepsi roman veya hik\u00e2ye yazmaya hevesli insanlard\u0131r. Ahmet Hamdi Tanp\u0131nar Mai ve Siyah ve A\u015fk-\u0131 Memnu gibi ba\u015fyap\u0131tlar\u0131n yazar\u0131 Halid Ziya U\u015fakl\u0131gil\u2019in \u00f6yk\u00fcleri de romanlar\u0131 kadar \u00f6nemli. Romanlar\u0131nda daha belirli konular \u00fczerinde duran yazar, \u00f6yk\u00fclerinde Osmanl\u0131\u2019dan cumhuriyete uzanan s\u00fcre\u00e7te de\u011fi\u015fen sosyal hayat \u00fczerine g\u00f6zlemlerini ve kendi hat\u0131ralar\u0131n\u0131 \u00e7arp\u0131c\u0131 tespitlerle bezeyerek aktar\u0131yor.   Bitmemi\u015f Defter, Halid Ziya\u2019n\u0131n \u00f6yk\u00fclerinin konular\u0131na g\u00f6re yeniden s\u0131n\u0131fland\u0131r\u0131lmas\u0131yla ortaya \u00e7\u0131kan bir derleme. Yazar\u0131n belki de en ba\u015far\u0131l\u0131 oldu\u011fu karakterlerin, kad\u0131nlar\u0131n merkeze al\u0131nd\u0131\u011f\u0131 \u00f6yk\u00fclerin toplam\u0131. \u00dclkesinden ka\u00e7\u0131r\u0131l\u0131p cariye olarak konaklara sat\u0131lan kad\u0131nlar, kocas\u0131n\u0131 \u00f6ld\u00fcrenler, sanat\u00e7\u0131 kad\u0131nlar, evlenme tela\u015f\u0131ndaki gen\u00e7 k\u0131zlar, ge\u00e7im derdiyle \u00e7\u0131rp\u0131nanlar, veremliler, boh\u00e7ac\u0131 kad\u0131nlar\u2026 her ya\u015ftan, her sosyal s\u0131n\u0131ftan, kimi zaman ac\u0131kl\u0131 kimi zaman g\u00fcl\u00fcmseten \u00f6yk\u00fcler\u2026 \u00dclkenin belki de \u201cen uzun y\u0131llar\u0131nda\u201d ya\u015fam\u0131\u015f, t\u00fcm deneyimlerini hayran b\u0131rakan g\u00f6zlem g\u00fcc\u00fcyle \u00e7a\u011fda\u015flar\u0131na ve sonraki ku\u015faklara aktarm\u0131\u015f yazar\u0131n, modern edebiyat\u0131m\u0131z\u0131n mimarlar\u0131ndan Halid Ziya\u2019n\u0131n g\u00f6z\u00fcnden T\u00fcrkiye\u2019nin kad\u0131nlar\u0131. Her birinde \u00f6nce, \u201cBunlar ger\u00e7ekten ya\u015fand\u0131 m\u0131?\u201d diye soraca\u011f\u0131m\u0131z ama sonras\u0131nda bir\u00e7o\u011funun h\u00e2l\u00e2 da ya\u015fand\u0131\u011f\u0131n\u0131 fark edip \u015fa\u015f\u0131raca\u011f\u0131m\u0131z benzersiz \u00f6yk\u00fcler. <\/p>\n","protected":false},"excerpt":{"rendered":"<p>Halid Ziya\u2019ya kadar, romanc\u0131 muhayyilesiyle do\u011fmu\u015f tek muharririmiz yoktur. Hepsi roman veya hik\u00e2ye yazmaya hevesli insanlard\u0131r. Ahmet Hamdi Tanp\u0131nar Mai ve Siyah ve A\u015fk-\u0131 Memnu gibi<span class=\"excerpt-hellip\"> [\u2026]<\/span><\/p>\n","protected":false},"featured_media":0,"template":"","meta":{"_monsterinsights_skip_tracking":false,"_monsterinsights_sitenote_active":false,"_monsterinsights_sitenote_note":"","_monsterinsights_sitenote_category":0},"product_brand":[],"product_cat":[12291,12292],"product_tag":[],"class_list":{"0":"post-712689","1":"product","2":"type-product","3":"status-publish","5":"product_cat-edebiyat","6":"product_cat-turk-edebiyati","7":"pa_cilt-ciltsiz","8":"pa_tur-kitap","9":"pa_yayinevi-can-yayinlari","10":"pa_yazar-halid-ziya-usakligil","12":"first","13":"instock","14":"sale","15":"shipping-taxable","16":"purchasable","17":"product-type-simple"},"_links":{"self":[{"href":"https:\/\/roveyayinevi.com.tr\/index.php\/wp-json\/wp\/v2\/product\/712689","targetHints":{"allow":["GET"]}}],"collection":[{"href":"https:\/\/roveyayinevi.com.tr\/index.php\/wp-json\/wp\/v2\/product"}],"about":[{"href":"https:\/\/roveyayinevi.com.tr\/index.php\/wp-json\/wp\/v2\/types\/product"}],"wp:attachment":[{"href":"https:\/\/roveyayinevi.com.tr\/index.php\/wp-json\/wp\/v2\/media?parent=712689"}],"wp:term":[{"taxonomy":"product_brand","embeddable":true,"href":"https:\/\/roveyayinevi.com.tr\/index.php\/wp-json\/wp\/v2\/product_brand?post=712689"},{"taxonomy":"product_cat","embeddable":true,"href":"https:\/\/roveyayinevi.com.tr\/index.php\/wp-json\/wp\/v2\/product_cat?post=712689"},{"taxonomy":"product_tag","embeddable":true,"href":"https:\/\/roveyayinevi.com.tr\/index.php\/wp-json\/wp\/v2\/product_tag?post=712689"}],"curies":[{"name":"wp","href":"https:\/\/api.w.org\/{rel}","templated":true}]}}