{"id":712687,"date":"2025-08-27T16:58:41","date_gmt":"2025-08-27T13:58:41","guid":{"rendered":"https:\/\/roveyayinevi.com.tr\/index.php\/urun\/ermis-amin-maaloufun-onsozuyle\/"},"modified":"2026-04-16T02:21:05","modified_gmt":"2026-04-15T23:21:05","slug":"ermis-amin-maaloufun-onsozuyle","status":"publish","type":"product","link":"https:\/\/roveyayinevi.com.tr\/index.php\/urun\/ermis-amin-maaloufun-onsozuyle\/","title":{"rendered":"Ermi\u015f Amin Maalouf\u2019un \u00d6ns\u00f6z\u00fcyle"},"content":{"rendered":"<p>L\u00fcbnan da\u011flar\u0131n\u0131n ba\u011fr\u0131nda, onunla ayn\u0131 co\u011frafyada do\u011fmu\u015fsan\u0131z, Ermi\u015f\u2019in yazar\u0131ndan alel\u00e2de biriymi\u015f gibi s\u00f6z edebilir misiniz? Onun \u015fairane sesini, insan\u0131 \u00f6zg\u00fcrle\u015ftiren bilgeli\u011fini ya da isyank\u00e2r g\u00fcc\u00fcn\u00fc co\u015fkuyla and\u0131\u011f\u0131n\u0131z zaman, do\u011fdu\u011funuz yeri y\u00fcceltti\u011finiz zannedilebilir. Bunun aksine, birtak\u0131m ele\u015ftiriler getirdi\u011finizde, de\u011ferini tart\u0131\u015fmaya a\u00e7t\u0131\u011f\u0131n\u0131zda, b\u00fcy\u00fcs\u00fcn\u00fc bozmaya \u00e7al\u0131\u015ft\u0131\u011f\u0131n\u0131zdaysa, itiraf edemedi\u011finiz kimi duygular beslemekle ve \u201csedir a\u011fa\u00e7lar\u0131na halel getirmekle\u201d su\u00e7lan\u0131rs\u0131n\u0131z. Ermi\u015f hangi edebiyat t\u00fcr\u00fcne aittir? Bu kitapta tutarl\u0131 ve sistematik bir felsefe ya da ba\u015fl\u0131\u011f\u0131n \u00e7a\u011fr\u0131\u015ft\u0131rd\u0131\u011f\u0131 \u00fczere bir teoloji arayanlar\u0131n eli bo\u015f kal\u0131yor; bu ki\u015filerin omuz silkerek \u015f\u00f6yle dediklerini hayal edebiliriz: \u201cBu kitapta yaz\u0131lanlar yaln\u0131zca \u015fiirden ibaret!\u201d Fakat bu kitap bir \u015fiir derlemesi de de\u011fildir. Ba\u015fka bir \u00e7a\u011fda olsayd\u0131k \u015f\u00f6yle diyebilirdik: Bu bir bilgelik kitab\u0131\u2026 Edebiyat tarihinde b\u00f6ylesi \u00fcn kazanm\u0131\u015f ve say\u0131s\u0131z okur i\u00e7in k\u00fc\u00e7\u00fck bir kutsal kitaba d\u00f6n\u00fc\u015fm\u00fc\u015f oldu\u011fu halde kenarda kalmaya devam eden ve sanki Cibran gizli sakl\u0131, utan\u0131lacak ve l\u00e2netlenmi\u015f bir yazarm\u0131\u015f gibi ceket ceplerinde, evet belki milyonlarca ceket cebinde ama nihayetinde ceket cebinde ta\u015f\u0131nan ba\u015fka bir kitap tan\u0131m\u0131yorum.  Yay\u0131mland\u0131\u011f\u0131 g\u00fcnden beri ola\u011fan\u00fcst\u00fc bir h\u0131zla kulaktan kula\u011fa yay\u0131lan Ermi\u015f t\u00fcm d\u00fcnyay\u0131 dola\u015fan bir f\u0131s\u0131lt\u0131 olmaya devam ediyor: Cesur, g\u00fc\u00e7l\u00fc, saf y\u00fcrekli bir f\u0131s\u0131lt\u0131&#8230; Amin Maalouf <\/p>\n","protected":false},"excerpt":{"rendered":"<p>L\u00fcbnan da\u011flar\u0131n\u0131n ba\u011fr\u0131nda, onunla ayn\u0131 co\u011frafyada do\u011fmu\u015fsan\u0131z, Ermi\u015f\u2019in yazar\u0131ndan alel\u00e2de biriymi\u015f gibi s\u00f6z edebilir misiniz? Onun \u015fairane sesini, insan\u0131 \u00f6zg\u00fcrle\u015ftiren bilgeli\u011fini ya da isyank\u00e2r g\u00fcc\u00fcn\u00fc co\u015fkuyla<span class=\"excerpt-hellip\"> [\u2026]<\/span><\/p>\n","protected":false},"featured_media":0,"template":"","meta":{"_monsterinsights_skip_tracking":false,"_monsterinsights_sitenote_active":false,"_monsterinsights_sitenote_note":"","_monsterinsights_sitenote_category":0},"product_brand":[],"product_cat":[12312,12304],"product_tag":[],"class_list":{"0":"post-712687","1":"product","2":"type-product","3":"status-publish","5":"product_cat-diger","6":"product_cat-tarih","7":"pa_cilt-ciltsiz","8":"pa_tur-kitap","9":"pa_yayinevi-dogu-bati-yayinlari","10":"pa_yazar-halil-cibran","12":"first","13":"instock","14":"sale","15":"shipping-taxable","16":"purchasable","17":"product-type-simple"},"_links":{"self":[{"href":"https:\/\/roveyayinevi.com.tr\/index.php\/wp-json\/wp\/v2\/product\/712687","targetHints":{"allow":["GET"]}}],"collection":[{"href":"https:\/\/roveyayinevi.com.tr\/index.php\/wp-json\/wp\/v2\/product"}],"about":[{"href":"https:\/\/roveyayinevi.com.tr\/index.php\/wp-json\/wp\/v2\/types\/product"}],"wp:attachment":[{"href":"https:\/\/roveyayinevi.com.tr\/index.php\/wp-json\/wp\/v2\/media?parent=712687"}],"wp:term":[{"taxonomy":"product_brand","embeddable":true,"href":"https:\/\/roveyayinevi.com.tr\/index.php\/wp-json\/wp\/v2\/product_brand?post=712687"},{"taxonomy":"product_cat","embeddable":true,"href":"https:\/\/roveyayinevi.com.tr\/index.php\/wp-json\/wp\/v2\/product_cat?post=712687"},{"taxonomy":"product_tag","embeddable":true,"href":"https:\/\/roveyayinevi.com.tr\/index.php\/wp-json\/wp\/v2\/product_tag?post=712687"}],"curies":[{"name":"wp","href":"https:\/\/api.w.org\/{rel}","templated":true}]}}