{"id":712686,"date":"2025-08-27T16:58:40","date_gmt":"2025-08-27T13:58:40","guid":{"rendered":"https:\/\/roveyayinevi.com.tr\/index.php\/urun\/emre-tore-ve-teror-sarmalinda-3-bir-altin-cocugun-oykusu\/"},"modified":"2026-04-16T02:21:05","modified_gmt":"2026-04-15T23:21:05","slug":"emre-tore-ve-teror-sarmalinda-3-bir-altin-cocugun-oykusu","status":"publish","type":"product","link":"https:\/\/roveyayinevi.com.tr\/index.php\/urun\/emre-tore-ve-teror-sarmalinda-3-bir-altin-cocugun-oykusu\/","title":{"rendered":"Emre &#8211; T\u00f6re ve Ter\u00f6r Sarmal\u0131nda -3 Bir Alt\u0131n \u00c7ocu\u011fun \u00d6yk\u00fcs\u00fc"},"content":{"rendered":"<p>T\u00d6RE ve TER\u00d6R SARMALINDA \u2013 3  B\u0130R ALTIN \u00c7OCU\u011eUN \u00d6YK\u00dcS\u00dc \u015eimdi okuma \u00f6\u011frenme \u00e7a\u011f\u0131ndas\u0131n\u0131z, k\u0131zlarla i\u015finiz yok. \u00d6nce her \u015feyi en ince teferruat\u0131na dek, temelden \u00f6\u011freneceksiniz. \u0130lerde gitti\u011finiz okullarda ba\u015far\u0131l\u0131 olman\u0131n s\u0131rr\u0131 bu. O okullarda ba\u015far\u0131l\u0131 olman\u0131n temelini burada atm\u0131\u015f olacaks\u0131n\u0131z. Sonra y\u00fcksek okullarda kesinlikle ba\u015far\u0131l\u0131 olursunuz, i\u015fte orada etraf\u0131n\u0131zda en g\u00fczel en sevimli, en ak\u0131ll\u0131 k\u0131zlardan olu\u015fan onlarca k\u0131zlarla dostluk arkada\u015fl\u0131k kurars\u0131n\u0131z. \u015eimdi s\u0131ras\u0131 de\u011fil&#8221; dedikten sonra benim g\u00f6zlerimin i\u00e7ine bakarak; &#8220;San\u0131r\u0131m sen de anlad\u0131n beni. Senin \u00e7ok \u00e7e\u015fitli zorluklar ya\u015fayarak, ezile ezile s\u00fcz\u00fcle s\u00fcz\u00fcle adeta dam\u0131t\u0131lm\u0131\u015f bir alt\u0131n \u00e7ocuk oldu\u011funu hayretle duydum. Cemil asl\u0131nda \u00e7ok zeki bir \u00e7ocuk. Day\u0131s\u0131n\u0131n yan\u0131ndan buraya geldi\u011finde abuk sabuk sa\u00e7ma sapan, disiplinsiz bir \u00e7ocuktu. Bunca i\u015flerimin aras\u0131nda ilk iki y\u0131l\u0131m\u0131 harcay\u0131p, onu d\u00fczene soktum. Son iki y\u0131ld\u0131r O\u011fuz-han&#8217;\u0131n kontrol\u00fcnde. D\u00fczeldi. Fakat yine de tam de\u011fil. Sevil daha iyi, daha disiplinli. <\/p>\n","protected":false},"excerpt":{"rendered":"<p>T\u00d6RE ve TER\u00d6R SARMALINDA \u2013 3 B\u0130R ALTIN \u00c7OCU\u011eUN \u00d6YK\u00dcS\u00dc \u015eimdi okuma \u00f6\u011frenme \u00e7a\u011f\u0131ndas\u0131n\u0131z, k\u0131zlarla i\u015finiz yok. \u00d6nce her \u015feyi en ince teferruat\u0131na dek, temelden \u00f6\u011freneceksiniz.<span class=\"excerpt-hellip\"> [\u2026]<\/span><\/p>\n","protected":false},"featured_media":0,"template":"","meta":{"_monsterinsights_skip_tracking":false,"_monsterinsights_sitenote_active":false,"_monsterinsights_sitenote_note":"","_monsterinsights_sitenote_category":0},"product_brand":[],"product_cat":[12291,12711],"product_tag":[],"class_list":{"0":"post-712686","1":"product","2":"type-product","3":"status-publish","5":"product_cat-edebiyat","6":"product_cat-roman-oyku","7":"pa_cilt-ciltsiz","8":"pa_tur-kitap","9":"pa_yayinevi-kultur-ajans-yayinlari","10":"pa_yazar-ihsan-hokelekli","12":"first","13":"instock","14":"sale","15":"shipping-taxable","16":"purchasable","17":"product-type-simple"},"_links":{"self":[{"href":"https:\/\/roveyayinevi.com.tr\/index.php\/wp-json\/wp\/v2\/product\/712686","targetHints":{"allow":["GET"]}}],"collection":[{"href":"https:\/\/roveyayinevi.com.tr\/index.php\/wp-json\/wp\/v2\/product"}],"about":[{"href":"https:\/\/roveyayinevi.com.tr\/index.php\/wp-json\/wp\/v2\/types\/product"}],"wp:attachment":[{"href":"https:\/\/roveyayinevi.com.tr\/index.php\/wp-json\/wp\/v2\/media?parent=712686"}],"wp:term":[{"taxonomy":"product_brand","embeddable":true,"href":"https:\/\/roveyayinevi.com.tr\/index.php\/wp-json\/wp\/v2\/product_brand?post=712686"},{"taxonomy":"product_cat","embeddable":true,"href":"https:\/\/roveyayinevi.com.tr\/index.php\/wp-json\/wp\/v2\/product_cat?post=712686"},{"taxonomy":"product_tag","embeddable":true,"href":"https:\/\/roveyayinevi.com.tr\/index.php\/wp-json\/wp\/v2\/product_tag?post=712686"}],"curies":[{"name":"wp","href":"https:\/\/api.w.org\/{rel}","templated":true}]}}