{"id":712685,"date":"2025-08-27T16:58:40","date_gmt":"2025-08-27T13:58:40","guid":{"rendered":"https:\/\/roveyayinevi.com.tr\/index.php\/urun\/ataturkun-terorle-mucadele-yontem-pontuscu-rum-ceteler-ornegi\/"},"modified":"2026-04-16T02:21:05","modified_gmt":"2026-04-15T23:21:05","slug":"ataturkun-terorle-mucadele-yontem-pontuscu-rum-ceteler-ornegi","status":"publish","type":"product","link":"https:\/\/roveyayinevi.com.tr\/index.php\/urun\/ataturkun-terorle-mucadele-yontem-pontuscu-rum-ceteler-ornegi\/","title":{"rendered":"Atat\u00fcrk&#8217;\u00fcn Ter\u00f6rle M\u00fccadele Y\u00f6ntem &#8211; &#8220;Pontus\u00e7u Rum \u00c7eteler \u00d6rne\u011fi&#8221;"},"content":{"rendered":"<p>Devletimizin kurucusu Mustafa Kemal Atat\u00fcrk\u2019\u00fcn Mill\u00ee M\u00fccadele d\u00f6nemindeki imk\u00e2ns\u0131zl\u0131klar i\u00e7inde bile, her birini birer ter\u00f6r faaliyeti olarak nitelendirebilece\u011fimiz onlarca isyan\u0131 ba\u015far\u0131yla bast\u0131rabilmi\u015f olmas\u0131, \u00fczerinde ara\u015ft\u0131rma yap\u0131lmaya de\u011fer bir konudur. Atat\u00fcrk\u2019\u00fcn bu ter\u00f6r faaliyetlerine kar\u015f\u0131 yapm\u0131\u015f oldu\u011fu ba\u015far\u0131l\u0131 m\u00fccadelede nas\u0131l bir yol izledi\u011fi ve hangi y\u00f6ntemleri kulland\u0131\u011f\u0131n\u0131n ortaya \u00e7\u0131kart\u0131lmas\u0131 devletimizin ter\u00f6rle m\u00fccadelesi a\u00e7\u0131s\u0131ndan \u00f6nem arz etmektedir. Bu kitab\u0131n haz\u0131rlanmas\u0131n\u0131n temel sebebi budur. Kitapta, Atat\u00fcrk\u2019\u00fcn ter\u00f6rle m\u00fccadelede uygulad\u0131\u011f\u0131 y\u00f6ntemler, \u201cPontus \u00e7eteleri \u00f6rne\u011fi\u201d \u00fczerinden ele al\u0131nm\u0131\u015ft\u0131r. Pontus meselesinin di\u011fer isyanlara g\u00f6re daha geni\u015f bir co\u011frafyaya yay\u0131lm\u0131\u015f olmas\u0131, i\u00e7 ve d\u0131\u015f destek\u00e7ileriyle olduk\u00e7a g\u00fc\u00e7l\u00fc bir te\u015fkilata sahip olmas\u0131, TBMM h\u00fck\u00fcmetini en uzun s\u00fcre u\u011fra\u015ft\u0131ran isyan olmas\u0131, g\u00fcn\u00fcm\u00fczde Yunanl\u0131lar taraf\u0131ndan siyasi bir mesele olarak g\u00fcndeme getirilmesi gibi nedenler, Pontus \u00e7etelerinin \u00f6rnek olarak se\u00e7ilmesinde etkili olmu\u015ftur. \ufffcTan\u0131t\u0131m Metni<\/p>\n","protected":false},"excerpt":{"rendered":"<p>Devletimizin kurucusu Mustafa Kemal Atat\u00fcrk\u2019\u00fcn Mill\u00ee M\u00fccadele d\u00f6nemindeki imk\u00e2ns\u0131zl\u0131klar i\u00e7inde bile, her birini birer ter\u00f6r faaliyeti olarak nitelendirebilece\u011fimiz onlarca isyan\u0131 ba\u015far\u0131yla bast\u0131rabilmi\u015f olmas\u0131, \u00fczerinde ara\u015ft\u0131rma yap\u0131lmaya<span class=\"excerpt-hellip\"> [\u2026]<\/span><\/p>\n","protected":false},"featured_media":0,"template":"","meta":{"_monsterinsights_skip_tracking":false,"_monsterinsights_sitenote_active":false,"_monsterinsights_sitenote_note":"","_monsterinsights_sitenote_category":0},"product_brand":[],"product_cat":[12370,12304],"product_tag":[],"class_list":{"0":"post-712685","1":"product","2":"type-product","3":"status-publish","5":"product_cat-arastirma-inceleme","6":"product_cat-tarih","7":"pa_cilt-ciltsiz","8":"pa_tur-kitap","9":"pa_yayinevi-kripto-basim-yayin","10":"pa_yazar-umit-dogan","12":"first","13":"instock","14":"sale","15":"shipping-taxable","16":"purchasable","17":"product-type-simple"},"_links":{"self":[{"href":"https:\/\/roveyayinevi.com.tr\/index.php\/wp-json\/wp\/v2\/product\/712685","targetHints":{"allow":["GET"]}}],"collection":[{"href":"https:\/\/roveyayinevi.com.tr\/index.php\/wp-json\/wp\/v2\/product"}],"about":[{"href":"https:\/\/roveyayinevi.com.tr\/index.php\/wp-json\/wp\/v2\/types\/product"}],"wp:attachment":[{"href":"https:\/\/roveyayinevi.com.tr\/index.php\/wp-json\/wp\/v2\/media?parent=712685"}],"wp:term":[{"taxonomy":"product_brand","embeddable":true,"href":"https:\/\/roveyayinevi.com.tr\/index.php\/wp-json\/wp\/v2\/product_brand?post=712685"},{"taxonomy":"product_cat","embeddable":true,"href":"https:\/\/roveyayinevi.com.tr\/index.php\/wp-json\/wp\/v2\/product_cat?post=712685"},{"taxonomy":"product_tag","embeddable":true,"href":"https:\/\/roveyayinevi.com.tr\/index.php\/wp-json\/wp\/v2\/product_tag?post=712685"}],"curies":[{"name":"wp","href":"https:\/\/api.w.org\/{rel}","templated":true}]}}