{"id":712684,"date":"2025-08-27T16:58:39","date_gmt":"2025-08-27T13:58:39","guid":{"rendered":"https:\/\/roveyayinevi.com.tr\/index.php\/urun\/bu-bir-ruya-mi\/"},"modified":"2026-04-08T02:27:30","modified_gmt":"2026-04-07T23:27:30","slug":"bu-bir-ruya-mi","status":"publish","type":"product","link":"https:\/\/roveyayinevi.com.tr\/index.php\/urun\/bu-bir-ruya-mi\/","title":{"rendered":"Bu Bir R\u00fcya m\u0131 ?"},"content":{"rendered":"<p>Bu Bir R\u00fcya m\u0131? Ve k\u00fc\u00e7\u00fck yazar\u0131m\u0131z der ki: De\u011ferli okuyucu; elinde tuttu\u011fun bu kitab\u0131 okuyup da son noktay\u0131 g\u00f6r\u00fcnce, senin de hayalin varsa hayalinin pe\u015finden gideceksin&#8230; <\/p>\n","protected":false},"excerpt":{"rendered":"<p>Bu Bir R\u00fcya m\u0131? Ve k\u00fc\u00e7\u00fck yazar\u0131m\u0131z der ki: De\u011ferli okuyucu; elinde tuttu\u011fun bu kitab\u0131 okuyup da son noktay\u0131 g\u00f6r\u00fcnce, senin de hayalin varsa hayalinin pe\u015finden<span class=\"excerpt-hellip\"> [\u2026]<\/span><\/p>\n","protected":false},"featured_media":0,"template":"","meta":{"_monsterinsights_skip_tracking":false,"_monsterinsights_sitenote_active":false,"_monsterinsights_sitenote_note":"","_monsterinsights_sitenote_category":0},"product_brand":[],"product_cat":[12275,12274],"product_tag":[],"class_list":{"0":"post-712684","1":"product","2":"type-product","3":"status-publish","5":"product_cat-6-12-yas-kitaplari","6":"product_cat-cocuk-ve-genclik-kitaplari","7":"pa_cilt-ciltsiz","8":"pa_tur-kitap","9":"pa_yayinevi-yade-yayinlari","10":"pa_yazar-tugce-yalcinkaya","12":"first","13":"instock","14":"sale","15":"shipping-taxable","16":"purchasable","17":"product-type-simple"},"_links":{"self":[{"href":"https:\/\/roveyayinevi.com.tr\/index.php\/wp-json\/wp\/v2\/product\/712684","targetHints":{"allow":["GET"]}}],"collection":[{"href":"https:\/\/roveyayinevi.com.tr\/index.php\/wp-json\/wp\/v2\/product"}],"about":[{"href":"https:\/\/roveyayinevi.com.tr\/index.php\/wp-json\/wp\/v2\/types\/product"}],"wp:attachment":[{"href":"https:\/\/roveyayinevi.com.tr\/index.php\/wp-json\/wp\/v2\/media?parent=712684"}],"wp:term":[{"taxonomy":"product_brand","embeddable":true,"href":"https:\/\/roveyayinevi.com.tr\/index.php\/wp-json\/wp\/v2\/product_brand?post=712684"},{"taxonomy":"product_cat","embeddable":true,"href":"https:\/\/roveyayinevi.com.tr\/index.php\/wp-json\/wp\/v2\/product_cat?post=712684"},{"taxonomy":"product_tag","embeddable":true,"href":"https:\/\/roveyayinevi.com.tr\/index.php\/wp-json\/wp\/v2\/product_tag?post=712684"}],"curies":[{"name":"wp","href":"https:\/\/api.w.org\/{rel}","templated":true}]}}