{"id":712683,"date":"2025-08-27T16:58:39","date_gmt":"2025-08-27T13:58:39","guid":{"rendered":"https:\/\/roveyayinevi.com.tr\/index.php\/urun\/0-2-yas-dogru-beslenme-adim-adim-beslenme-onerileri\/"},"modified":"2026-03-28T02:24:31","modified_gmt":"2026-03-27T23:24:31","slug":"0-2-yas-dogru-beslenme-adim-adim-beslenme-onerileri","status":"publish","type":"product","link":"https:\/\/roveyayinevi.com.tr\/index.php\/urun\/0-2-yas-dogru-beslenme-adim-adim-beslenme-onerileri\/","title":{"rendered":"0-2 Ya\u015f Do\u011fru Beslenme &#8211; Ad\u0131m Ad\u0131m Beslenme \u00d6nerileri"},"content":{"rendered":"<p>\u0130lk iki y\u0131ldaki do\u011fal ve dengeli beslenme, ya\u015fam boyu devam edecek olan beslenme al\u0131\u015fkanl\u0131\u011f\u0131m\u0131z\u0131 belirler. Damak zevkimizin b\u00fcy\u00fck k\u0131sm\u0131 bu ya\u015flarda geli\u015fir. Do\u011fru ba\u015flamak, yanl\u0131\u015f\u0131 d\u00fczeltmekten \u00e7ok daha kolayd\u0131r. B\u00f6yle bir ba\u015flang\u0131\u00e7la uzun, sa\u011fl\u0131kl\u0131, ba\u015far\u0131l\u0131, mutlu ve kilo sorunu olmadan ya\u015fayabiliriz.Bu rehber kitapta, 2018 y\u0131l\u0131na kadar yap\u0131lan ara\u015ft\u0131rmalar\u0131n derlenmesiyle olu\u015fturulmu\u015f beslenme \u00f6nerilerinin yan\u0131nda, ilk iki ya\u015fta bebek beslenmesiyle ilgili anne-baban\u0131n akl\u0131na gelebilecek 300\u2019e yak\u0131n sorunun da yan\u0131tlar\u0131n\u0131 bulabilirsiniz.Hangi ay hangi g\u0131dalar\u0131 vermelisiniz?Ek besinlere ba\u015flarken ka\u015f\u0131k yerine kendi eliyle mi yemeli?Eliyle yemeye nas\u0131l ve ne \u015fekilde ba\u015flamal\u0131?Neler yedirerek bebe\u011finizin zek\u00e2s\u0131n\u0131 artt\u0131rabilirsiniz?\u00c7ocu\u011funuzu hangi d\u00f6nemde yeni tatlara daha kolay al\u0131\u015ft\u0131rabilirsiniz?Yerken neden inat\u00e7\u0131 tav\u0131rlar tak\u0131n\u0131r?Yemek konusunda se\u00e7ici olmas\u0131n\u0131 nas\u0131l engellersiniz?Kitap ayr\u0131ca beslenme tarihinde moda olmu\u015f ak\u0131mlar\u0131, modern beslenmenin yanl\u0131\u015f ve do\u011frular\u0131n\u0131, de\u011fi\u015fen yemek pi\u015firme ve saklama tekniklerini de g\u00f6zden ge\u00e7iriyor ve g\u00fcncelliyor&#8230; <\/p>\n","protected":false},"excerpt":{"rendered":"<p>\u0130lk iki y\u0131ldaki do\u011fal ve dengeli beslenme, ya\u015fam boyu devam edecek olan beslenme al\u0131\u015fkanl\u0131\u011f\u0131m\u0131z\u0131 belirler. Damak zevkimizin b\u00fcy\u00fck k\u0131sm\u0131 bu ya\u015flarda geli\u015fir. Do\u011fru ba\u015flamak, yanl\u0131\u015f\u0131 d\u00fczeltmekten<span class=\"excerpt-hellip\"> [\u2026]<\/span><\/p>\n","protected":false},"featured_media":0,"template":"","meta":{"_monsterinsights_skip_tracking":false,"_monsterinsights_sitenote_active":false,"_monsterinsights_sitenote_note":"","_monsterinsights_sitenote_category":0},"product_brand":[],"product_cat":[14902,13365],"product_tag":[],"class_list":{"0":"post-712683","1":"product","2":"type-product","3":"status-publish","5":"product_cat-annelik-ve-cocuk-bakimi","6":"product_cat-saglik","7":"pa_cilt-ciltsiz","8":"pa_tur-kitap","9":"pa_yayinevi-remzi-kitabevi","10":"pa_yazar-sirin-seckin","12":"first","13":"instock","14":"sale","15":"shipping-taxable","16":"purchasable","17":"product-type-simple"},"_links":{"self":[{"href":"https:\/\/roveyayinevi.com.tr\/index.php\/wp-json\/wp\/v2\/product\/712683","targetHints":{"allow":["GET"]}}],"collection":[{"href":"https:\/\/roveyayinevi.com.tr\/index.php\/wp-json\/wp\/v2\/product"}],"about":[{"href":"https:\/\/roveyayinevi.com.tr\/index.php\/wp-json\/wp\/v2\/types\/product"}],"wp:attachment":[{"href":"https:\/\/roveyayinevi.com.tr\/index.php\/wp-json\/wp\/v2\/media?parent=712683"}],"wp:term":[{"taxonomy":"product_brand","embeddable":true,"href":"https:\/\/roveyayinevi.com.tr\/index.php\/wp-json\/wp\/v2\/product_brand?post=712683"},{"taxonomy":"product_cat","embeddable":true,"href":"https:\/\/roveyayinevi.com.tr\/index.php\/wp-json\/wp\/v2\/product_cat?post=712683"},{"taxonomy":"product_tag","embeddable":true,"href":"https:\/\/roveyayinevi.com.tr\/index.php\/wp-json\/wp\/v2\/product_tag?post=712683"}],"curies":[{"name":"wp","href":"https:\/\/api.w.org\/{rel}","templated":true}]}}