{"id":712682,"date":"2025-08-27T16:58:38","date_gmt":"2025-08-27T13:58:38","guid":{"rendered":"https:\/\/roveyayinevi.com.tr\/index.php\/urun\/koseye-sikisanlar\/"},"modified":"2026-04-16T02:21:05","modified_gmt":"2026-04-15T23:21:05","slug":"koseye-sikisanlar","status":"publish","type":"product","link":"https:\/\/roveyayinevi.com.tr\/index.php\/urun\/koseye-sikisanlar\/","title":{"rendered":"K\u00f6\u015feye S\u0131k\u0131\u015fanlar"},"content":{"rendered":"<p>Biraz bilmek ve biraz da anlamak laz\u0131m san\u0131r\u0131m. Okuman\u0131n gerekleri \u00fczerine d\u00fc\u015f\u00fcnd\u00fc\u011f\u00fcm\u00fczde en zahmetsiz mesele ve en ucuz materyal oldu\u011fu \u015f\u00fcphesiz. O h\u00e2lde bizlere d\u00fc\u015fen as\u0131l g\u00f6rev okumak. Tabii ki duygulara d\u00fc\u015f\u00fcncelere ve isteklere g\u00f6re de\u011fi\u015fen bir durum okumak. Ne okumal\u0131 deyince yelpaze geni\u015f. K\u00f6\u015fe yaz\u0131lar\u0131 deyince gen\u00e7li\u011fimden bu yana gazete sayfalar\u0131n\u0131n i\u00e7 kesimlerinde bazen ruhlar\u0131 bunalt\u0131c\u0131 bir esaret geliyor akl\u0131ma. Art\u0131k yelpaze de alternatif de geli\u015fti. Kimi hangi k\u00f6\u015fe yaz\u0131lar\u0131n\u0131 okuyaca\u011f\u0131ma kendim karar veriyorum. Bu kitap, Sabahat Karag\u00f6z\u2019\u00fcn, \u015fiir kitab\u0131ndan sonra ikinci kitab\u0131. Onun k\u00f6\u015fe yaz\u0131lar\u0131n\u0131 okurken \u00e7o\u011fu kez ya\u015fanm\u0131\u015fl\u0131klar\u0131n iz tuttu\u011funu s\u00f6ylemeden ge\u00e7emeyece\u011fim. Yazd\u0131\u011f\u0131 her k\u00f6\u015fe yaz\u0131s\u0131na ruhunu, duygular\u0131n\u0131, ya\u015fanm\u0131\u015fl\u0131klar\u0131n\u0131 katmas\u0131 ise yaz\u0131y\u0131 kasavetten uzak, ak\u0131c\u0131 ve okunabilir k\u0131lmakta. Hatta hatta bir\u00e7ok yaz\u0131n\u0131n i\u00e7inde kendinizden de ya\u015fanm\u0131\u015fl\u0131klar bulabilmeniz olas\u0131. Yazar\u0131n b\u00fct\u00fcn amac\u0131 okuyucuya biraz daha ne verebilirim, ne anlatabilirim sorumlulu\u011fu ta\u015f\u0131mas\u0131d\u0131r. Bilinmeli ki kitap yazmak kolay de\u011fil, olayd\u0131r. Adem Efilo\u011flu \u015eair\/Yazar\/TV Programc\u0131s\u0131 <\/p>\n","protected":false},"excerpt":{"rendered":"<p>Biraz bilmek ve biraz da anlamak laz\u0131m san\u0131r\u0131m. Okuman\u0131n gerekleri \u00fczerine d\u00fc\u015f\u00fcnd\u00fc\u011f\u00fcm\u00fczde en zahmetsiz mesele ve en ucuz materyal oldu\u011fu \u015f\u00fcphesiz. O h\u00e2lde bizlere d\u00fc\u015fen as\u0131l<span class=\"excerpt-hellip\"> [\u2026]<\/span><\/p>\n","protected":false},"featured_media":0,"template":"","meta":{"_monsterinsights_skip_tracking":false,"_monsterinsights_sitenote_active":false,"_monsterinsights_sitenote_note":"","_monsterinsights_sitenote_category":0},"product_brand":[],"product_cat":[27157,12291],"product_tag":[],"class_list":{"0":"post-712682","1":"product","2":"type-product","3":"status-publish","5":"product_cat-derleme","6":"product_cat-edebiyat","7":"pa_cilt-ciltsiz","8":"pa_tur-kitap","9":"pa_yayinevi-yade-yayinlari","10":"pa_yazar-sebahat-karagoz","12":"first","13":"instock","14":"sale","15":"shipping-taxable","16":"purchasable","17":"product-type-simple"},"_links":{"self":[{"href":"https:\/\/roveyayinevi.com.tr\/index.php\/wp-json\/wp\/v2\/product\/712682","targetHints":{"allow":["GET"]}}],"collection":[{"href":"https:\/\/roveyayinevi.com.tr\/index.php\/wp-json\/wp\/v2\/product"}],"about":[{"href":"https:\/\/roveyayinevi.com.tr\/index.php\/wp-json\/wp\/v2\/types\/product"}],"wp:attachment":[{"href":"https:\/\/roveyayinevi.com.tr\/index.php\/wp-json\/wp\/v2\/media?parent=712682"}],"wp:term":[{"taxonomy":"product_brand","embeddable":true,"href":"https:\/\/roveyayinevi.com.tr\/index.php\/wp-json\/wp\/v2\/product_brand?post=712682"},{"taxonomy":"product_cat","embeddable":true,"href":"https:\/\/roveyayinevi.com.tr\/index.php\/wp-json\/wp\/v2\/product_cat?post=712682"},{"taxonomy":"product_tag","embeddable":true,"href":"https:\/\/roveyayinevi.com.tr\/index.php\/wp-json\/wp\/v2\/product_tag?post=712682"}],"curies":[{"name":"wp","href":"https:\/\/api.w.org\/{rel}","templated":true}]}}