{"id":712681,"date":"2025-08-27T16:58:38","date_gmt":"2025-08-27T13:58:38","guid":{"rendered":"https:\/\/roveyayinevi.com.tr\/index.php\/urun\/halusinasyonlar\/"},"modified":"2026-04-16T02:21:05","modified_gmt":"2026-04-15T23:21:05","slug":"halusinasyonlar","status":"publish","type":"product","link":"https:\/\/roveyayinevi.com.tr\/index.php\/urun\/halusinasyonlar\/","title":{"rendered":"Hal\u00fcsinasyonlar"},"content":{"rendered":"<p>Hal\u00fcsinasyonlar\u0131n s\u0131n\u0131rs\u0131z ve ger\u00e7ek\u00fcst\u00fc d\u00fcnyas\u0131Sacks, kitaplar\u0131n\u0131n d\u00fcnya \u00fczerinde binlerce okur taraf\u0131ndan okunmas\u0131n\u0131 sa\u011flayan kendine \u00f6zg\u00fc yaz\u0131m tarz\u0131n\u0131 ve yakla\u015f\u0131m\u0131n\u0131 Hal\u00fcsinasyonlar\u2019da da sergiliyor: Kar\u0131s\u0131n\u0131 \u015eapka Sanan Adam, Uyan\u0131\u015flar, Migren ve M\u00fczikofili gibi eserleriyle tan\u0131d\u0131\u011f\u0131m\u0131z d\u00fcnyaca \u00fcnl\u00fc n\u00f6rolog-yazar Oliver Sacks, son kitab\u0131nda okurlar\u0131 hal\u00fcsinasyonlar\u0131n gizemli, \u015fa\u015f\u0131rt\u0131c\u0131, yer yer komik yer yer deh\u015fet verici d\u00fcnyas\u0131na g\u00f6t\u00fcr\u00fcyor. Hastal\u0131klar\u0131 so\u011fuk bir bak\u0131\u015f a\u00e7\u0131s\u0131yla g\u00f6zlemleyip birka\u00e7 semptoma indirgemek yerine her hastan\u0131n \u00f6znel deneyimine odaklan\u0131yor (bu arada kendi hal\u00fcsinasyon deneyimlerini payla\u015fmaktan da \u00e7ekinmiyor), k\u00fclt\u00fcrel ve dinsel ba\u011flamlar\u0131 g\u00f6zden ka\u00e7\u0131rm\u0131yor ve sadece \u00e7a\u011fda\u015f t\u0131bb\u0131n son bulgular\u0131ndan de\u011fil, 19. y\u00fczy\u0131l\u0131n \u00f6nc\u00fc t\u0131p adamlar\u0131n\u0131n ke\u015fiflerinden de yararlan\u0131yor.Hal\u00fcsinasyonlar\u0131n d\u00fcnyas\u0131n\u0131n ne kadar geni\u015f oldu\u011funu, sadece g\u00f6rsel alanla s\u0131n\u0131rl\u0131 kalmay\u0131p i\u015fitsel, dokunsal, kokuyla ilgili, hatta v\u00fccudun konumunu yanl\u0131\u015f alg\u0131lamay\u0131 i\u00e7eren hal\u00fcsinasyonlara da s\u0131k rastland\u0131\u011f\u0131n\u0131 g\u00f6sterirken, hal\u00fcsinasyonlara maruz kalanlar\u0131n \u00e7o\u011funlukla psikiyatrik sorunlar ya\u015fayan ki\u015filer oldu\u011fu y\u00f6n\u00fcndeki \u00f6nyarg\u0131y\u0131 da yerle bir ediyor Oliver Sacks: Kitapta kar\u015f\u0131la\u015ft\u0131\u011f\u0131m\u0131z onlarca vaka hik\u00e2yesini okuyunca, bu davetsiz misafirlerin, migrenden g\u00f6rme kayb\u0131na, yak\u0131n \u00f6l\u00fcm\u00fcnden uzuv kayb\u0131na dek \u00e7e\u015fit \u00e7e\u015fit sebep sonucunda insan\u0131n g\u00fcndelik hayat\u0131na bir anda dahil olabildi\u011fini ve bu hayat\u0131 c\u00fcmb\u00fc\u015fe ya da kabusa \u00e7evirebildi\u011fini g\u00f6r\u00fcyoruz.Sacks incelemesini edebiyat ve tarihe yapt\u0131\u011f\u0131 g\u00f6ndermelerle zenginle\u015ftiriyor. Ger\u00e7ek olmayan ama ger\u00e7e\u011fi kusursuz bir bi\u00e7imde taklit eden hal\u00fcsinasyonlar\u0131n hikayesini Sacks\u2019\u0131n kaleminden okumak, b\u00fct\u00fcn ufuk a\u00e7\u0131c\u0131 kitaplar\u0131n yaratt\u0131\u011f\u0131 etkiye yol a\u00e7\u0131yor: \u0130nsan okuduklar\u0131n\u0131 hemen gidip bir ba\u015fkas\u0131na anlatmak, \u015fahit oldu\u011fu tuhaf d\u00fcnyan\u0131n (ve bu d\u00fcnyay\u0131 b\u00fct\u00fcn geni\u015fli\u011fi ve renkleriyle anlatan b\u00f6yle bir kitab\u0131n) varl\u0131\u011f\u0131ndan ba\u015fkalar\u0131n\u0131 da haberdar etmek istiyor.\u201cBilge, tutkulu ve her daim merak dolu Sacks, t\u0131bb\u0131n bir bilim kadar bir sanat da oldu\u011funu \u00e7oktan anlam\u0131\u015f bir hekim.\u201d- New York Times <\/p>\n","protected":false},"excerpt":{"rendered":"<p>Hal\u00fcsinasyonlar\u0131n s\u0131n\u0131rs\u0131z ve ger\u00e7ek\u00fcst\u00fc d\u00fcnyas\u0131Sacks, kitaplar\u0131n\u0131n d\u00fcnya \u00fczerinde binlerce okur taraf\u0131ndan okunmas\u0131n\u0131 sa\u011flayan kendine \u00f6zg\u00fc yaz\u0131m tarz\u0131n\u0131 ve yakla\u015f\u0131m\u0131n\u0131 Hal\u00fcsinasyonlar\u2019da da sergiliyor: Kar\u0131s\u0131n\u0131 \u015eapka Sanan Adam,<span class=\"excerpt-hellip\"> [\u2026]<\/span><\/p>\n","protected":false},"featured_media":0,"template":"","meta":{"_monsterinsights_skip_tracking":false,"_monsterinsights_sitenote_active":false,"_monsterinsights_sitenote_note":"","_monsterinsights_sitenote_category":0},"product_brand":[],"product_cat":[13072,12291],"product_tag":[],"class_list":{"0":"post-712681","1":"product","2":"type-product","3":"status-publish","5":"product_cat-arastirma-inceleme-referans","6":"product_cat-edebiyat","7":"pa_cilt-ciltsiz","8":"pa_tur-kitap","9":"pa_yayinevi-yapi-kredi-yayinlari","10":"pa_yazar-oliver-sacks","12":"first","13":"instock","14":"sale","15":"shipping-taxable","16":"purchasable","17":"product-type-simple"},"_links":{"self":[{"href":"https:\/\/roveyayinevi.com.tr\/index.php\/wp-json\/wp\/v2\/product\/712681","targetHints":{"allow":["GET"]}}],"collection":[{"href":"https:\/\/roveyayinevi.com.tr\/index.php\/wp-json\/wp\/v2\/product"}],"about":[{"href":"https:\/\/roveyayinevi.com.tr\/index.php\/wp-json\/wp\/v2\/types\/product"}],"wp:attachment":[{"href":"https:\/\/roveyayinevi.com.tr\/index.php\/wp-json\/wp\/v2\/media?parent=712681"}],"wp:term":[{"taxonomy":"product_brand","embeddable":true,"href":"https:\/\/roveyayinevi.com.tr\/index.php\/wp-json\/wp\/v2\/product_brand?post=712681"},{"taxonomy":"product_cat","embeddable":true,"href":"https:\/\/roveyayinevi.com.tr\/index.php\/wp-json\/wp\/v2\/product_cat?post=712681"},{"taxonomy":"product_tag","embeddable":true,"href":"https:\/\/roveyayinevi.com.tr\/index.php\/wp-json\/wp\/v2\/product_tag?post=712681"}],"curies":[{"name":"wp","href":"https:\/\/api.w.org\/{rel}","templated":true}]}}