{"id":712678,"date":"2025-08-27T16:58:35","date_gmt":"2025-08-27T13:58:35","guid":{"rendered":"https:\/\/roveyayinevi.com.tr\/index.php\/urun\/enigmanin-sifresini-cozmek-alan-turing\/"},"modified":"2026-04-16T02:21:05","modified_gmt":"2026-04-15T23:21:05","slug":"enigmanin-sifresini-cozmek-alan-turing","status":"publish","type":"product","link":"https:\/\/roveyayinevi.com.tr\/index.php\/urun\/enigmanin-sifresini-cozmek-alan-turing\/","title":{"rendered":"Enigma&#8217;n\u0131n \u015eifresini \u00c7\u00f6zmek Alan Turing"},"content":{"rendered":"<p>ALAN MATHISON TURING. MATEMAT\u0130K\u00c7\u0130. F\u0130LOZOF. \u015e\u0130FRE KIRICI. B\u0130LG\u0130SAYAR B\u0130L\u0130M\u0130N\u0130N KURUCUSU. YAPAY ZEK\u00c2\u2019NIN TEMELLER\u0130N\u0130 ATAN ADAM. TURING, KING\u2019S COLLEGE\u2019A SE\u00c7\u0130LD\u0130\u011e\u0130NDE HEN\u00dcZ 22 YA\u015eINDAYDI. 33 YA\u015eINDA, II. D\u00dcNYA SAVA\u015eI\u2019NDA NAZ\u0130 EN\u0130GMA KODLARININ KIRILMASINDA G\u00d6STERD\u0130\u011e\u0130 BA\u015eARILAR NEDEN\u0130YLE KRAL VI. GEORGE TARAFINDAN BR\u0130TANYA \u0130MPARATORLUK N\u0130\u015eANI \u0130LE \u00d6D\u00dcLLEND\u0130R\u0130LD\u0130. YA\u015eADI\u011eI \u00c7A\u011eDA B\u0130R SU\u00c7 OLARAK KABUL ED\u0130LEN E\u015eC\u0130NSELL\u0130\u011e\u0130N\u0130 A\u00c7IK B\u0130R \u015eEK\u0130LDE D\u0130LE GET\u0130RM\u0130\u015e OLMASI EN SONUNDA TURING\u2019\u0130 KEND\u0130 \u00d6L\u00dcM\u00dcNE S\u00dcR\u00dcKLED\u0130. \u015e\u00dcPHES\u0130Z VAK\u0130TS\u0130Z B\u0130R \u00d6L\u00dcMD\u00dc BU. HEN\u00dcZ 41 YA\u015eINDAYDI. DAVID BOYLE, BU \u00c7ALI\u015eMASINDA, TURING\u2019\u0130N DEHASININ VE ONUN OLA\u011eAN\u00dcST\u00dc KAR\u0130YER\u0130N\u0130N ALTINDA YATAN G\u0130ZEM\u0130 G\u00dcN I\u015eI\u011eINA \u00c7IKARIYOR. <\/p>\n","protected":false},"excerpt":{"rendered":"<p>ALAN MATHISON TURING. MATEMAT\u0130K\u00c7\u0130. F\u0130LOZOF. \u015e\u0130FRE KIRICI. B\u0130LG\u0130SAYAR B\u0130L\u0130M\u0130N\u0130N KURUCUSU. YAPAY ZEK\u00c2\u2019NIN TEMELLER\u0130N\u0130 ATAN ADAM. TURING, KING\u2019S COLLEGE\u2019A SE\u00c7\u0130LD\u0130\u011e\u0130NDE HEN\u00dcZ 22 YA\u015eINDAYDI. 33 YA\u015eINDA, II. D\u00dcNYA<span class=\"excerpt-hellip\"> [\u2026]<\/span><\/p>\n","protected":false},"featured_media":0,"template":"","meta":{"_monsterinsights_skip_tracking":false,"_monsterinsights_sitenote_active":false,"_monsterinsights_sitenote_note":"","_monsterinsights_sitenote_category":0},"product_brand":[],"product_cat":[14009,12291],"product_tag":[],"class_list":{"0":"post-712678","1":"product","2":"type-product","3":"status-publish","5":"product_cat-biyografi-otobiyografi-edebiyat","6":"product_cat-edebiyat","7":"pa_cilt-ciltsiz","8":"pa_tur-kitap","9":"pa_yayinevi-zeplin-kitap","10":"pa_yazar-david-boyle","12":"first","13":"instock","14":"sale","15":"shipping-taxable","16":"purchasable","17":"product-type-simple"},"_links":{"self":[{"href":"https:\/\/roveyayinevi.com.tr\/index.php\/wp-json\/wp\/v2\/product\/712678","targetHints":{"allow":["GET"]}}],"collection":[{"href":"https:\/\/roveyayinevi.com.tr\/index.php\/wp-json\/wp\/v2\/product"}],"about":[{"href":"https:\/\/roveyayinevi.com.tr\/index.php\/wp-json\/wp\/v2\/types\/product"}],"wp:attachment":[{"href":"https:\/\/roveyayinevi.com.tr\/index.php\/wp-json\/wp\/v2\/media?parent=712678"}],"wp:term":[{"taxonomy":"product_brand","embeddable":true,"href":"https:\/\/roveyayinevi.com.tr\/index.php\/wp-json\/wp\/v2\/product_brand?post=712678"},{"taxonomy":"product_cat","embeddable":true,"href":"https:\/\/roveyayinevi.com.tr\/index.php\/wp-json\/wp\/v2\/product_cat?post=712678"},{"taxonomy":"product_tag","embeddable":true,"href":"https:\/\/roveyayinevi.com.tr\/index.php\/wp-json\/wp\/v2\/product_tag?post=712678"}],"curies":[{"name":"wp","href":"https:\/\/api.w.org\/{rel}","templated":true}]}}