{"id":712677,"date":"2025-08-27T16:58:35","date_gmt":"2025-08-27T13:58:35","guid":{"rendered":"https:\/\/roveyayinevi.com.tr\/index.php\/urun\/marka-birlesmeleri-tuketici-satin-alma-kararina-iliskin-bir-uygulama\/"},"modified":"2026-04-16T02:21:05","modified_gmt":"2026-04-15T23:21:05","slug":"marka-birlesmeleri-tuketici-satin-alma-kararina-iliskin-bir-uygulama","status":"publish","type":"product","link":"https:\/\/roveyayinevi.com.tr\/index.php\/urun\/marka-birlesmeleri-tuketici-satin-alma-kararina-iliskin-bir-uygulama\/","title":{"rendered":"Marka Birle\u015fmeleri &#8221;T\u00fcketici Sat\u0131n Alma Karar\u0131na \u0130li\u015fkin Bir Uygulama&#8221;"},"content":{"rendered":"<p>\u0130\u00c7\u0130NDEK\u0130LER B\u00d6L\u00dcM 1: MARKALAMA KARARLARI VE MARKA DENKL\u0130\u011e\u0130N\u0130N MARKA Y\u00d6NET\u0130M\u0130 A\u00c7ISINDAN \u00d6NEM\u0130 B\u00d6L\u00dcM 2: MARKA B\u0130RLE\u015eMELER\u0130 VE T\u00dcKET\u0130C\u0130LER DAVRANI\u015eLARI B\u00d6L\u00dcM 3 :MARKA B\u0130RLE\u015eMELER\u0130 VE T\u00dcKET\u0130C\u0130 SATIN ALMA KARARINA \u0130L\u0130\u015eK\u0130N B\u0130R UYGULAMA SONU\u00c7 VE \u00d6NER\u0130LER KAYNAK\u00c7A <\/p>\n","protected":false},"excerpt":{"rendered":"<p>\u0130\u00c7\u0130NDEK\u0130LER B\u00d6L\u00dcM 1: MARKALAMA KARARLARI VE MARKA DENKL\u0130\u011e\u0130N\u0130N MARKA Y\u00d6NET\u0130M\u0130 A\u00c7ISINDAN \u00d6NEM\u0130 B\u00d6L\u00dcM 2: MARKA B\u0130RLE\u015eMELER\u0130 VE T\u00dcKET\u0130C\u0130LER DAVRANI\u015eLARI B\u00d6L\u00dcM 3 :MARKA B\u0130RLE\u015eMELER\u0130 VE T\u00dcKET\u0130C\u0130 SATIN<span class=\"excerpt-hellip\"> [\u2026]<\/span><\/p>\n","protected":false},"featured_media":0,"template":"","meta":{"_monsterinsights_skip_tracking":false,"_monsterinsights_sitenote_active":false,"_monsterinsights_sitenote_note":"","_monsterinsights_sitenote_category":0},"product_brand":[],"product_cat":[12312,12304],"product_tag":[],"class_list":{"0":"post-712677","1":"product","2":"type-product","3":"status-publish","5":"product_cat-diger","6":"product_cat-tarih","7":"pa_cilt-ciltsiz","8":"pa_tur-kitap","9":"pa_yayinevi-gazi-kitabevi","10":"pa_yazar-bulent-ozsacmaci","12":"first","13":"instock","14":"sale","15":"shipping-taxable","16":"purchasable","17":"product-type-simple"},"_links":{"self":[{"href":"https:\/\/roveyayinevi.com.tr\/index.php\/wp-json\/wp\/v2\/product\/712677","targetHints":{"allow":["GET"]}}],"collection":[{"href":"https:\/\/roveyayinevi.com.tr\/index.php\/wp-json\/wp\/v2\/product"}],"about":[{"href":"https:\/\/roveyayinevi.com.tr\/index.php\/wp-json\/wp\/v2\/types\/product"}],"wp:attachment":[{"href":"https:\/\/roveyayinevi.com.tr\/index.php\/wp-json\/wp\/v2\/media?parent=712677"}],"wp:term":[{"taxonomy":"product_brand","embeddable":true,"href":"https:\/\/roveyayinevi.com.tr\/index.php\/wp-json\/wp\/v2\/product_brand?post=712677"},{"taxonomy":"product_cat","embeddable":true,"href":"https:\/\/roveyayinevi.com.tr\/index.php\/wp-json\/wp\/v2\/product_cat?post=712677"},{"taxonomy":"product_tag","embeddable":true,"href":"https:\/\/roveyayinevi.com.tr\/index.php\/wp-json\/wp\/v2\/product_tag?post=712677"}],"curies":[{"name":"wp","href":"https:\/\/api.w.org\/{rel}","templated":true}]}}