{"id":712676,"date":"2025-08-27T16:58:34","date_gmt":"2025-08-27T13:58:34","guid":{"rendered":"https:\/\/roveyayinevi.com.tr\/index.php\/urun\/cellatin-kalbi-ciltli\/"},"modified":"2026-04-16T02:21:05","modified_gmt":"2026-04-15T23:21:05","slug":"cellatin-kalbi-ciltli","status":"publish","type":"product","link":"https:\/\/roveyayinevi.com.tr\/index.php\/urun\/cellatin-kalbi-ciltli\/","title":{"rendered":"Cellat&#8217;\u0131n Kalbi (Ciltli)"},"content":{"rendered":"<p>T\u00fcm sevdiklerini kaybetti\u011fi bir kurt sald\u0131r\u0131s\u0131n\u0131n ard\u0131ndan evini terk eden Ada, bamba\u015fka bir ger\u00e7ekli\u011fe y\u00f6neldi\u011finden habersizdi. Sadece kurt adamlar\u0131n varl\u0131\u011f\u0131n\u0131 \u00f6\u011frenmekle kalmam\u0131\u015f, kendisinin de onlardan biri oldu\u011funu ke\u015ffetmi\u015fti. \u0130ntikam almak i\u00e7in girdi\u011fi bu yolda ise tahmin edece\u011fi son \u015fey \u00e2\u015f\u0131k olmakt\u0131. \u00dcstelik onlardan birine&#8230; Fakat olmu\u015ftu ve sonunda sadece kendisini de\u011fil, onu da kurtarmak i\u00e7in sava\u015fmaya karar vermi\u015fti. Ada, Dawson\u2019\u0131 zincirlenmi\u015f ve yaral\u0131 bir halde b\u0131rak\u0131p Aleut\u2019a geri d\u00f6nd\u00fc\u011f\u00fcnde akl\u0131ndaki tek \u015fey onu geri getirmekti. Arkada\u015flar\u0131yla birlikte Aleut\u2019un daha adil y\u00f6netilmesi i\u00e7in \u00e7abalarken en b\u00fcy\u00fck avantajlar\u0131 Ada\u2019n\u0131n Kaiser\u2019a yak\u0131nl\u0131\u011f\u0131yd\u0131. Ada bir yandan Kaiser\u2019a kar\u015f\u0131 casusluk yaparken, di\u011fer yandan kurt yan\u0131n\u0131 benimseyememenin zorlu\u011fu i\u00e7erisindeydi. Zaman Ada i\u00e7in daral\u0131yor, Av D\u00f6nencesi tekrar yakla\u015f\u0131yordu. * \u201cOnu ilk kez g\u00f6rd\u00fc\u011f\u00fcmde kasvetli bir a\u011fac\u0131n alt\u0131ndayd\u0131. A\u011fa\u00e7tan sarkan ipler bunun bir idam a\u011fac\u0131 oldu\u011funu s\u00f6yl\u00fcyordu. Ve bu, bizim hik\u00e2yemizin nas\u0131l devam edece\u011fine dair ger\u00e7ek bir ipucuydu.\u201d <\/p>\n","protected":false},"excerpt":{"rendered":"<p>T\u00fcm sevdiklerini kaybetti\u011fi bir kurt sald\u0131r\u0131s\u0131n\u0131n ard\u0131ndan evini terk eden Ada, bamba\u015fka bir ger\u00e7ekli\u011fe y\u00f6neldi\u011finden habersizdi. Sadece kurt adamlar\u0131n varl\u0131\u011f\u0131n\u0131 \u00f6\u011frenmekle kalmam\u0131\u015f, kendisinin de onlardan biri<span class=\"excerpt-hellip\"> [\u2026]<\/span><\/p>\n","protected":false},"featured_media":0,"template":"","meta":{"_monsterinsights_skip_tracking":false,"_monsterinsights_sitenote_active":false,"_monsterinsights_sitenote_note":"","_monsterinsights_sitenote_category":0},"product_brand":[],"product_cat":[12291,14777],"product_tag":[],"class_list":{"0":"post-712676","1":"product","2":"type-product","3":"status-publish","5":"product_cat-edebiyat","6":"product_cat-fantastik","7":"pa_cilt-ciltli","8":"pa_tur-kitap","9":"pa_yayinevi-ephesus-yayinlari","10":"pa_yazar-busra-toraman","12":"first","13":"instock","14":"sale","15":"shipping-taxable","16":"purchasable","17":"product-type-simple"},"_links":{"self":[{"href":"https:\/\/roveyayinevi.com.tr\/index.php\/wp-json\/wp\/v2\/product\/712676","targetHints":{"allow":["GET"]}}],"collection":[{"href":"https:\/\/roveyayinevi.com.tr\/index.php\/wp-json\/wp\/v2\/product"}],"about":[{"href":"https:\/\/roveyayinevi.com.tr\/index.php\/wp-json\/wp\/v2\/types\/product"}],"wp:attachment":[{"href":"https:\/\/roveyayinevi.com.tr\/index.php\/wp-json\/wp\/v2\/media?parent=712676"}],"wp:term":[{"taxonomy":"product_brand","embeddable":true,"href":"https:\/\/roveyayinevi.com.tr\/index.php\/wp-json\/wp\/v2\/product_brand?post=712676"},{"taxonomy":"product_cat","embeddable":true,"href":"https:\/\/roveyayinevi.com.tr\/index.php\/wp-json\/wp\/v2\/product_cat?post=712676"},{"taxonomy":"product_tag","embeddable":true,"href":"https:\/\/roveyayinevi.com.tr\/index.php\/wp-json\/wp\/v2\/product_tag?post=712676"}],"curies":[{"name":"wp","href":"https:\/\/api.w.org\/{rel}","templated":true}]}}