{"id":712674,"date":"2025-08-27T16:58:33","date_gmt":"2025-08-27T13:58:33","guid":{"rendered":"https:\/\/roveyayinevi.com.tr\/index.php\/urun\/kim-korkar-ustalardan-romantik-buyutec-altinda-yontemsel-siir-okumalari\/"},"modified":"2026-04-16T02:21:05","modified_gmt":"2026-04-15T23:21:05","slug":"kim-korkar-ustalardan-romantik-buyutec-altinda-yontemsel-siir-okumalari","status":"publish","type":"product","link":"https:\/\/roveyayinevi.com.tr\/index.php\/urun\/kim-korkar-ustalardan-romantik-buyutec-altinda-yontemsel-siir-okumalari\/","title":{"rendered":"Kim Korkar Ustalardan \u201cRomantik b\u00fcy\u00fcte\u00e7 alt\u0131nda y\u00f6ntemsel \u015fiir okumalar\u0131\u201d"},"content":{"rendered":"<p>Modern \u015fiirden \u00f6nce onun \u00f6nc\u00fcl\u00fc olan romantizm ve ard\u0131ndan, hepsi modern \u015fiirin kapsam\u0131 i\u00e7inde olan, romantizmin ald\u0131\u011f\u0131 yeni bi\u00e7imler (d\u0131\u015favurumculuk, ger\u00e7ek\u00fcst\u00fcc\u00fcl\u00fck, sembolizm vs.) incelendikten sonra \u2018modern\u2019 olarak genelle\u015ftirilebilecek \u015fiir ve \u015fair ile bunlar\u0131n daha ileri y\u00f6nelimleri hakk\u0131nda konu\u015fulabilir. Ku\u015fak veya ba\u015fka t\u00fcrl\u00fc genelle\u015ftirici, ki\u015fisel \u00f6zellikleri silerek g\u00f6r\u00fcnmez hale getirici, tekil olan\u0131, \u00e7o\u011funlu\u011fun ya da genel olan\u0131n i\u00e7inde eritici isimlendirme, kavramla\u015ft\u0131rma ve kategorizasyonlar  kapitalist- modernitenin, tekil olan\u0131 veya \u015fairi yok etmek i\u00e7in kulland\u0131\u011f\u0131 ara\u00e7lardand\u0131r. Bu nedenle, \u015fiirleri arac\u0131l\u0131\u011f\u0131yla, ama\u00e7lar\u0131 tam da modernitenin kategorize ederek bireysellikleri silmesine kar\u015f\u0131 \u00f6znel duru\u015f sergileme ve bu yolla direni\u015f olan bu \u015fairleri \u201960 Ku\u015fa\u011f\u0131 veya \u201980 Ku\u015fa\u011f\u0131 gibi genelle\u015ftirmelerden uzakta, tipolojik olarak bir araya toplay\u0131p tekil olarak de\u011ferlendirmenin gerekli oldu\u011fu a\u00e7\u0131kt\u0131r. Bu yap\u0131ld\u0131\u011f\u0131nda  \u201860 Ku\u015fa\u011f\u0131 i\u00e7inde an\u0131lan bir \u015fairin asl\u0131nda \u201880 Ku\u015fa\u011f\u0131 i\u00e7inde an\u0131labilece\u011fi veya \u201980 Ku\u015fa\u011f\u0131 i\u00e7inde an\u0131lan bir \u015fairin de \u201870 Ku\u015fa\u011f\u0131 i\u00e7inde olabilece\u011fi g\u00f6r\u00fcl\u00fcr ki, bu da ku\u015fak s\u0131n\u0131fland\u0131rmalar\u0131n\u0131n i\u015flevsizli\u011fini ortaya \u00e7\u0131kar\u0131r. Bu kitaptaki \u015fiir incelemeleri s\u00f6z konusu anlay\u0131\u015f \u00e7er\u00e7evesinde yap\u0131lm\u0131\u015ft\u0131r. <\/p>\n","protected":false},"excerpt":{"rendered":"<p>Modern \u015fiirden \u00f6nce onun \u00f6nc\u00fcl\u00fc olan romantizm ve ard\u0131ndan, hepsi modern \u015fiirin kapsam\u0131 i\u00e7inde olan, romantizmin ald\u0131\u011f\u0131 yeni bi\u00e7imler (d\u0131\u015favurumculuk, ger\u00e7ek\u00fcst\u00fcc\u00fcl\u00fck, sembolizm vs.) incelendikten sonra \u2018modern\u2019<span class=\"excerpt-hellip\"> [\u2026]<\/span><\/p>\n","protected":false},"featured_media":0,"template":"","meta":{"_monsterinsights_skip_tracking":false,"_monsterinsights_sitenote_active":false,"_monsterinsights_sitenote_note":"","_monsterinsights_sitenote_category":0},"product_brand":[],"product_cat":[13072,12291],"product_tag":[],"class_list":{"0":"post-712674","1":"product","2":"type-product","3":"status-publish","5":"product_cat-arastirma-inceleme-referans","6":"product_cat-edebiyat","7":"pa_cilt-ciltsiz","8":"pa_tur-kitap","9":"pa_yayinevi-bilgesu-yayincilik","10":"pa_yazar-z-betul-yazici","12":"first","13":"instock","14":"sale","15":"shipping-taxable","16":"purchasable","17":"product-type-simple"},"_links":{"self":[{"href":"https:\/\/roveyayinevi.com.tr\/index.php\/wp-json\/wp\/v2\/product\/712674","targetHints":{"allow":["GET"]}}],"collection":[{"href":"https:\/\/roveyayinevi.com.tr\/index.php\/wp-json\/wp\/v2\/product"}],"about":[{"href":"https:\/\/roveyayinevi.com.tr\/index.php\/wp-json\/wp\/v2\/types\/product"}],"wp:attachment":[{"href":"https:\/\/roveyayinevi.com.tr\/index.php\/wp-json\/wp\/v2\/media?parent=712674"}],"wp:term":[{"taxonomy":"product_brand","embeddable":true,"href":"https:\/\/roveyayinevi.com.tr\/index.php\/wp-json\/wp\/v2\/product_brand?post=712674"},{"taxonomy":"product_cat","embeddable":true,"href":"https:\/\/roveyayinevi.com.tr\/index.php\/wp-json\/wp\/v2\/product_cat?post=712674"},{"taxonomy":"product_tag","embeddable":true,"href":"https:\/\/roveyayinevi.com.tr\/index.php\/wp-json\/wp\/v2\/product_tag?post=712674"}],"curies":[{"name":"wp","href":"https:\/\/api.w.org\/{rel}","templated":true}]}}