{"id":712673,"date":"2025-08-27T16:58:32","date_gmt":"2025-08-27T13:58:32","guid":{"rendered":"https:\/\/roveyayinevi.com.tr\/index.php\/urun\/melankolik-kara-delik-siir-uzerine-kadin-yazisi\/"},"modified":"2026-04-16T02:21:05","modified_gmt":"2026-04-15T23:21:05","slug":"melankolik-kara-delik-siir-uzerine-kadin-yazisi","status":"publish","type":"product","link":"https:\/\/roveyayinevi.com.tr\/index.php\/urun\/melankolik-kara-delik-siir-uzerine-kadin-yazisi\/","title":{"rendered":"Melankolik Kara Delik \u015eiir \u00dczerine Kad\u0131n Yaz\u0131s\u0131"},"content":{"rendered":"<p>\u00dclkemizde \u2018modern \u015fiir\u2019 \u2018geleneksel \u015fiir\u2019e kar\u015f\u0131 konumland\u0131r\u0131larak tan\u0131mlan\u0131r, \u2018Modern\u2019 T\u00fcrk \u015fiirinin \u00f6nceli Bat\u0131\u2019daki gibi \u2018Romantik \u015fiir\u2019 de\u011fil, \u2018Geleneksel \u015fiir\u2019 olarak kabul edilir. \u0130\u00e7erik olarak toplumsal olan\u0131n de\u011fil de \u201cmodern \u015fiirde\u201d burjuva bireycili\u011finin ve geleneksel \u015fiirde de tinsel olan\u0131n a\u015f\u0131r\u0131 olumlanmas\u0131, siyasi ve k\u00fclt\u00fcrel olarak da ge\u00e7mi\u015fin veya eskinin referans al\u0131nmas\u0131 nedeniyle hem \u2018Geleneksel \u015fiir\u2019 hem de Bat\u0131\u2019da modern \u015fiirin \u00f6nc\u00fcs\u00fc olan \u2018Romantik \u015fiir\u2019 \u00fclkemizin sosyalist- ger\u00e7ek\u00e7i ele\u015ftirmenleri taraf\u0131ndan k\u00fc\u00e7\u00fcmsenir.  Oysa kar\u015f\u0131 kar\u015f\u0131ya yerle\u015ftirilebilecek olan toplumculuk ile bireycilik veya toplumculuk ile tinsellik de\u011fil,  Lucien Goldmann\u2019dan \u00f6d\u00fcn\u00e7 alarak s\u00f6ylersek,  tinsellik ile burjuva (liberal) bireycili\u011fidir. Liberal bireyi de romantik bak\u0131\u015f a\u00e7\u0131s\u0131 ta\u015f\u0131yan (anti-kapitalist-romantik) bireyden ay\u0131rmak gerekir. <\/p>\n","protected":false},"excerpt":{"rendered":"<p>\u00dclkemizde \u2018modern \u015fiir\u2019 \u2018geleneksel \u015fiir\u2019e kar\u015f\u0131 konumland\u0131r\u0131larak tan\u0131mlan\u0131r, \u2018Modern\u2019 T\u00fcrk \u015fiirinin \u00f6nceli Bat\u0131\u2019daki gibi \u2018Romantik \u015fiir\u2019 de\u011fil, \u2018Geleneksel \u015fiir\u2019 olarak kabul edilir. \u0130\u00e7erik olarak toplumsal olan\u0131n<span class=\"excerpt-hellip\"> [\u2026]<\/span><\/p>\n","protected":false},"featured_media":0,"template":"","meta":{"_monsterinsights_skip_tracking":false,"_monsterinsights_sitenote_active":false,"_monsterinsights_sitenote_note":"","_monsterinsights_sitenote_category":0},"product_brand":[],"product_cat":[13072,12291],"product_tag":[],"class_list":{"0":"post-712673","1":"product","2":"type-product","3":"status-publish","5":"product_cat-arastirma-inceleme-referans","6":"product_cat-edebiyat","7":"pa_cilt-ciltsiz","8":"pa_tur-kitap","9":"pa_yayinevi-bilgesu-yayincilik","10":"pa_yazar-z-betul-yazici","12":"first","13":"instock","14":"sale","15":"shipping-taxable","16":"purchasable","17":"product-type-simple"},"_links":{"self":[{"href":"https:\/\/roveyayinevi.com.tr\/index.php\/wp-json\/wp\/v2\/product\/712673","targetHints":{"allow":["GET"]}}],"collection":[{"href":"https:\/\/roveyayinevi.com.tr\/index.php\/wp-json\/wp\/v2\/product"}],"about":[{"href":"https:\/\/roveyayinevi.com.tr\/index.php\/wp-json\/wp\/v2\/types\/product"}],"wp:attachment":[{"href":"https:\/\/roveyayinevi.com.tr\/index.php\/wp-json\/wp\/v2\/media?parent=712673"}],"wp:term":[{"taxonomy":"product_brand","embeddable":true,"href":"https:\/\/roveyayinevi.com.tr\/index.php\/wp-json\/wp\/v2\/product_brand?post=712673"},{"taxonomy":"product_cat","embeddable":true,"href":"https:\/\/roveyayinevi.com.tr\/index.php\/wp-json\/wp\/v2\/product_cat?post=712673"},{"taxonomy":"product_tag","embeddable":true,"href":"https:\/\/roveyayinevi.com.tr\/index.php\/wp-json\/wp\/v2\/product_tag?post=712673"}],"curies":[{"name":"wp","href":"https:\/\/api.w.org\/{rel}","templated":true}]}}