{"id":712672,"date":"2025-08-27T16:58:32","date_gmt":"2025-08-27T13:58:32","guid":{"rendered":"https:\/\/roveyayinevi.com.tr\/index.php\/urun\/turkiye-nereye\/"},"modified":"2026-04-16T02:21:05","modified_gmt":"2026-04-15T23:21:05","slug":"turkiye-nereye","status":"publish","type":"product","link":"https:\/\/roveyayinevi.com.tr\/index.php\/urun\/turkiye-nereye\/","title":{"rendered":"T\u00fcrkiye Nereye"},"content":{"rendered":"<p>Bu kitapta; T\u00fcrkiye\u2019nin ba\u015f\u0131na \u00f6nce \u201cYenilik\u00e7i Hareket\u201din sonra AKP\u2019nin nas\u0131l bela edildi\u011fine dair ilgin\u00e7 bilgiler ve ayr\u0131nt\u0131lar bulacaks\u0131n\u0131z. Asl\u0131nda mevcut y\u00f6netimin T\u00fcrkiye\u2019ye kimler taraf\u0131ndan nas\u0131l dayat\u0131ld\u0131\u011f\u0131n\u0131, senaryonun ve oynanan oyunun b\u00fcy\u00fckl\u00fc\u011f\u00fcn\u00fc; bu oyuna kat\u0131lanlar\u0131n kendisine \u00f6\u011fretilen her edinilmi\u015fli\u011fi nas\u0131l bir i\u00e7sellikle kabul edip ona g\u00f6re hareket etti\u011fini g\u00f6r\u00fcnce \u015fa\u015f\u0131racaks\u0131n\u0131z.Bu memleket benim memleketim mi diye soracaks\u0131n\u0131z ancak bu memleketin sizinle birlikte sizin memleketiniz oldu\u011funu asla unutmayacaks\u0131n\u0131z. <\/p>\n","protected":false},"excerpt":{"rendered":"<p>Bu kitapta; T\u00fcrkiye\u2019nin ba\u015f\u0131na \u00f6nce \u201cYenilik\u00e7i Hareket\u201din sonra AKP\u2019nin nas\u0131l bela edildi\u011fine dair ilgin\u00e7 bilgiler ve ayr\u0131nt\u0131lar bulacaks\u0131n\u0131z. Asl\u0131nda mevcut y\u00f6netimin T\u00fcrkiye\u2019ye kimler taraf\u0131ndan nas\u0131l dayat\u0131ld\u0131\u011f\u0131n\u0131,<span class=\"excerpt-hellip\"> [\u2026]<\/span><\/p>\n","protected":false},"featured_media":0,"template":"","meta":{"_monsterinsights_skip_tracking":false,"_monsterinsights_sitenote_active":false,"_monsterinsights_sitenote_note":"","_monsterinsights_sitenote_category":0},"product_brand":[],"product_cat":[12337,14543],"product_tag":[],"class_list":{"0":"post-712672","1":"product","2":"type-product","3":"status-publish","5":"product_cat-politika-siyaset","6":"product_cat-turkiye-siyaseti-ve-politikasi","7":"pa_cilt-ciltsiz","8":"pa_tur-kitap","9":"pa_yayinevi-halk-kitabevi","10":"pa_yazar-fatih-erturk","12":"first","13":"instock","14":"sale","15":"shipping-taxable","16":"purchasable","17":"product-type-simple"},"_links":{"self":[{"href":"https:\/\/roveyayinevi.com.tr\/index.php\/wp-json\/wp\/v2\/product\/712672","targetHints":{"allow":["GET"]}}],"collection":[{"href":"https:\/\/roveyayinevi.com.tr\/index.php\/wp-json\/wp\/v2\/product"}],"about":[{"href":"https:\/\/roveyayinevi.com.tr\/index.php\/wp-json\/wp\/v2\/types\/product"}],"wp:attachment":[{"href":"https:\/\/roveyayinevi.com.tr\/index.php\/wp-json\/wp\/v2\/media?parent=712672"}],"wp:term":[{"taxonomy":"product_brand","embeddable":true,"href":"https:\/\/roveyayinevi.com.tr\/index.php\/wp-json\/wp\/v2\/product_brand?post=712672"},{"taxonomy":"product_cat","embeddable":true,"href":"https:\/\/roveyayinevi.com.tr\/index.php\/wp-json\/wp\/v2\/product_cat?post=712672"},{"taxonomy":"product_tag","embeddable":true,"href":"https:\/\/roveyayinevi.com.tr\/index.php\/wp-json\/wp\/v2\/product_tag?post=712672"}],"curies":[{"name":"wp","href":"https:\/\/api.w.org\/{rel}","templated":true}]}}