{"id":712670,"date":"2025-08-27T16:58:31","date_gmt":"2025-08-27T13:58:31","guid":{"rendered":"https:\/\/roveyayinevi.com.tr\/index.php\/urun\/sorokinin-toplum-felsefesi\/"},"modified":"2025-11-20T04:36:08","modified_gmt":"2025-11-20T01:36:08","slug":"sorokinin-toplum-felsefesi","status":"publish","type":"product","link":"https:\/\/roveyayinevi.com.tr\/index.php\/urun\/sorokinin-toplum-felsefesi\/","title":{"rendered":"Sorokin&#8217;in Toplum Felsefesi"},"content":{"rendered":"<p>D\u00fcnyaya evrenselci ve ilerlemeci bir h\u00fcmanizm mi egemendir, yoksa d\u00fcnyada birbirinden farkl\u0131 k\u00fclt\u00fcrler, milletler veya medeniyetler mi vard\u0131r? Toplumsal hayat\u0131m\u0131zda ya\u015fad\u0131\u011f\u0131m\u0131z de\u011fi\u015fmeler b\u00fct\u00fcn toplumlar\u0131 kapsayan bir ilerleme midir, yoksa farkl\u0131 toplumlarda ini\u015fli \u00e7\u0131k\u0131\u015fl\u0131 farkl\u0131 de\u011fi\u015fimler mi g\u00f6r\u00fcnmektedir? Sosyolojinin ortaya \u00e7\u0131kt\u0131\u011f\u0131 g\u00fcnden itibaren \u00fcretilen b\u00fcy\u00fck teoriler genellikle bu sorunu g\u00f6rmezden gelmi\u015flerdir. Biraz da bunda \u00e7a\u011f\u0131n ruhu diyebilece\u011fimiz egemen bir zihniyet yap\u0131s\u0131 etkilidir. Fakat bu d\u00f6nemin moda anlay\u0131\u015f\u0131n\u0131n ger\u00e7eklerle pek \u00f6rt\u00fc\u015fmedi\u011fi d\u00fcnyada ya\u015fanan \u00e7at\u0131\u015fmalar ve olumsuzluklarla \u00e7abuk ortaya \u00e7\u0131km\u0131\u015ft\u0131r. Sorokin\u2019nin Bir Bunal\u0131m \u00c7a\u011f\u0131nda Toplum Felsefeleri kitab\u0131 bu durumu \u00e7ok g\u00fczel \u00f6zetler. O zaman bu anlay\u0131\u015f farkl\u0131l\u0131\u011f\u0131n\u0131 ortaya koymak bizim i\u00e7in bir g\u00f6rev haline geldi. \u00c7\u00fcnk\u00fc bizim aray\u0131\u015f\u0131m\u0131z da zaten millet ve k\u00fclt\u00fcr farkl\u0131l\u0131\u011f\u0131n\u0131n bilimsel olarak nas\u0131l temellendirilece\u011fi \u00fczerine idi. Bir anlamda zihnimizdeki problemin \u00e7\u00f6z\u00fcm\u00fcne katk\u0131 sa\u011flayabilecek bir cevher bulmu\u015f gibi olduk. Bu eser Sorokin\u2019in g\u00f6r\u00fc\u015fleri hakk\u0131nda ipu\u00e7lar\u0131 veren bir k\u0131lavuz niteli\u011findedir. Sorkin\u2019i daha do\u011fru anlayabilmenin yolu kendi eserlerine do\u011frudan m\u00fcracaat etmekten ge\u00e7er. Bizim yapt\u0131\u011f\u0131m\u0131z toplum felsefesi ba\u011flam\u0131nda bir Sorokin okumas\u0131d\u0131r. <\/p>\n","protected":false},"excerpt":{"rendered":"<p>D\u00fcnyaya evrenselci ve ilerlemeci bir h\u00fcmanizm mi egemendir, yoksa d\u00fcnyada birbirinden farkl\u0131 k\u00fclt\u00fcrler, milletler veya medeniyetler mi vard\u0131r? Toplumsal hayat\u0131m\u0131zda ya\u015fad\u0131\u011f\u0131m\u0131z de\u011fi\u015fmeler b\u00fct\u00fcn toplumlar\u0131 kapsayan bir<span class=\"excerpt-hellip\"> [\u2026]<\/span><\/p>\n","protected":false},"featured_media":0,"template":"","meta":{"_monsterinsights_skip_tracking":false,"_monsterinsights_sitenote_active":false,"_monsterinsights_sitenote_note":"","_monsterinsights_sitenote_category":0},"product_brand":[],"product_cat":[12312,12304],"product_tag":[],"class_list":{"0":"post-712670","1":"product","2":"type-product","3":"status-publish","5":"product_cat-diger","6":"product_cat-tarih","7":"pa_cilt-ciltsiz","8":"pa_tur-kitap","9":"pa_yayinevi-net-kitaplik-yayincilik","10":"pa_yazar-fahri-atasoy","12":"first","13":"instock","14":"sale","15":"shipping-taxable","16":"purchasable","17":"product-type-simple"},"_links":{"self":[{"href":"https:\/\/roveyayinevi.com.tr\/index.php\/wp-json\/wp\/v2\/product\/712670","targetHints":{"allow":["GET"]}}],"collection":[{"href":"https:\/\/roveyayinevi.com.tr\/index.php\/wp-json\/wp\/v2\/product"}],"about":[{"href":"https:\/\/roveyayinevi.com.tr\/index.php\/wp-json\/wp\/v2\/types\/product"}],"wp:attachment":[{"href":"https:\/\/roveyayinevi.com.tr\/index.php\/wp-json\/wp\/v2\/media?parent=712670"}],"wp:term":[{"taxonomy":"product_brand","embeddable":true,"href":"https:\/\/roveyayinevi.com.tr\/index.php\/wp-json\/wp\/v2\/product_brand?post=712670"},{"taxonomy":"product_cat","embeddable":true,"href":"https:\/\/roveyayinevi.com.tr\/index.php\/wp-json\/wp\/v2\/product_cat?post=712670"},{"taxonomy":"product_tag","embeddable":true,"href":"https:\/\/roveyayinevi.com.tr\/index.php\/wp-json\/wp\/v2\/product_tag?post=712670"}],"curies":[{"name":"wp","href":"https:\/\/api.w.org\/{rel}","templated":true}]}}