{"id":712669,"date":"2025-08-27T16:58:30","date_gmt":"2025-08-27T13:58:30","guid":{"rendered":"https:\/\/roveyayinevi.com.tr\/index.php\/urun\/osmanli-turkcesine-giris-ve-tarihi-metinler\/"},"modified":"2026-04-16T02:21:05","modified_gmt":"2026-04-15T23:21:05","slug":"osmanli-turkcesine-giris-ve-tarihi-metinler","status":"publish","type":"product","link":"https:\/\/roveyayinevi.com.tr\/index.php\/urun\/osmanli-turkcesine-giris-ve-tarihi-metinler\/","title":{"rendered":"Osmanl\u0131 T\u00fcrk\u00e7esine Giri\u015f Ve Tarihi Metinler"},"content":{"rendered":"<p>1928 y\u0131l\u0131nda yap\u0131lan Harf Devrimi sonras\u0131nda Latin harflerinin kabul edilmesiyle Osmanl\u0131ca eserleri okuyan ki\u015fi say\u0131s\u0131nda zamanla azalm\u0131\u015ft\u0131r. Ancak bu durum T\u00fcrk k\u00fclt\u00fcr\u00fc, medeniyeti ve dilini \u00f6\u011frenmek i\u00e7in Osmanl\u0131ca\u2019n\u0131n bilinmesini bir ihtiya\u00e7 haline getirmi\u015ftir. G\u00fcn\u00fcm\u00fczde bu ihtiyac\u0131 kar\u015f\u0131lamak i\u00e7in Tarih ve Edebiyat fak\u00fcltelerinde, Sosyal Bilimler Liselerinde ders olarak okutulmaktad\u0131r. Osmanl\u0131ca T\u00fcrk\u00e7esine Giri\u015f ve Tarihi Metinler kitab\u0131 Osmanl\u0131ca \u00f6\u011frenimini kolayla\u015ft\u0131ran ve \u00f6\u011frenilen bilgilerin kal\u0131c\u0131l\u0131\u011f\u0131n\u0131 sa\u011flayan yard\u0131mc\u0131 kaynakt\u0131r. Hem okuma hem yazma \u00e7al\u0131\u015fmalar\u0131nda kullan\u0131labilecek formatta haz\u0131rlanan bu eserde; Osmanl\u0131ca dilbilgisi kurallar\u0131 bol \u00f6rneklerin yan\u0131 s\u0131ra yazma \u00e7al\u0131\u015fmalar\u0131nda da yararlan\u0131labilecek kelime ve metinler e\u015fli\u011finde verilmektedir. Okuma \u00e7al\u0131\u015fmalar\u0131 i\u00e7in sunulan metinler ise Osmanl\u0131 tarihi ile ilgili olup kroniklerden, vesikalardan ve tarihi metinlerden olu\u015fmaktad\u0131r. <\/p>\n","protected":false},"excerpt":{"rendered":"<p>1928 y\u0131l\u0131nda yap\u0131lan Harf Devrimi sonras\u0131nda Latin harflerinin kabul edilmesiyle Osmanl\u0131ca eserleri okuyan ki\u015fi say\u0131s\u0131nda zamanla azalm\u0131\u015ft\u0131r. Ancak bu durum T\u00fcrk k\u00fclt\u00fcr\u00fc, medeniyeti ve dilini \u00f6\u011frenmek<span class=\"excerpt-hellip\"> [\u2026]<\/span><\/p>\n","protected":false},"featured_media":0,"template":"","meta":{"_monsterinsights_skip_tracking":false,"_monsterinsights_sitenote_active":false,"_monsterinsights_sitenote_note":"","_monsterinsights_sitenote_category":0},"product_brand":[],"product_cat":[15351,15350],"product_tag":[],"class_list":{"0":"post-712669","1":"product","2":"type-product","3":"status-publish","5":"product_cat-ders-kitaplari","6":"product_cat-hukuk","7":"pa_cilt-ciltsiz","8":"pa_tur-kitap","9":"pa_yayinevi-ideal-kultur-akademik","10":"pa_yazar-ertan-gokmen-arzu-tascan","12":"first","13":"instock","14":"sale","15":"shipping-taxable","16":"purchasable","17":"product-type-simple"},"_links":{"self":[{"href":"https:\/\/roveyayinevi.com.tr\/index.php\/wp-json\/wp\/v2\/product\/712669","targetHints":{"allow":["GET"]}}],"collection":[{"href":"https:\/\/roveyayinevi.com.tr\/index.php\/wp-json\/wp\/v2\/product"}],"about":[{"href":"https:\/\/roveyayinevi.com.tr\/index.php\/wp-json\/wp\/v2\/types\/product"}],"wp:attachment":[{"href":"https:\/\/roveyayinevi.com.tr\/index.php\/wp-json\/wp\/v2\/media?parent=712669"}],"wp:term":[{"taxonomy":"product_brand","embeddable":true,"href":"https:\/\/roveyayinevi.com.tr\/index.php\/wp-json\/wp\/v2\/product_brand?post=712669"},{"taxonomy":"product_cat","embeddable":true,"href":"https:\/\/roveyayinevi.com.tr\/index.php\/wp-json\/wp\/v2\/product_cat?post=712669"},{"taxonomy":"product_tag","embeddable":true,"href":"https:\/\/roveyayinevi.com.tr\/index.php\/wp-json\/wp\/v2\/product_tag?post=712669"}],"curies":[{"name":"wp","href":"https:\/\/api.w.org\/{rel}","templated":true}]}}