{"id":712668,"date":"2025-08-27T16:58:30","date_gmt":"2025-08-27T13:58:30","guid":{"rendered":"https:\/\/roveyayinevi.com.tr\/index.php\/urun\/taskafa\/"},"modified":"2026-04-16T02:21:05","modified_gmt":"2026-04-15T23:21:05","slug":"taskafa","status":"publish","type":"product","link":"https:\/\/roveyayinevi.com.tr\/index.php\/urun\/taskafa\/","title":{"rendered":"Ta\u015fkafa"},"content":{"rendered":"<p>Aile s\u0131rlar\u0131, kimsenin kay\u0131ts\u0131z kalamayaca\u011f\u0131 kadar heyecan vericidir.Menek\u015fe \u0130stasyonu, Benim Babam \u00d6m\u00fcr Adam ve Montsuzlargibi romanlar\u0131yla dikkat \u00e7eken \u00d6mer A\u00e7\u0131k, yeni kitab\u0131nda u\u00e7aklara sevdal\u0131, hik\u00e2yelere merakl\u0131 \u00fc\u00e7 arkada\u015f e\u015fli\u011finde, bir aile s\u0131rr\u0131n\u0131n kap\u0131s\u0131n\u0131 aral\u0131yor. Nesilleraras\u0131 ileti\u015fim temas\u0131n\u0131 \u00e7ok y\u00f6nl\u00fc i\u015fleyen yazar, birbirinden \u00f6zg\u00fcn karakterler yarat\u0131yor. \u00c7ok katmanl\u0131 kurgusu ve se\u00e7kin s\u00f6zc\u00fck da\u011farc\u0131\u011f\u0131yla farkl\u0131la\u015fan roman, e\u011flenceli anlat\u0131m\u0131yla inat\u00e7\u0131l\u0131k duvar\u0131n\u0131 a\u015f\u0131yor. On d\u00f6rt ya\u015f\u0131ndaki \u0130dil&#8217;in hayatta en \u00e7ok sevdi\u011fi \u00fc\u00e7 \u015fey: &#8220;Mutfakku\u015fu&#8221; ad\u0131n\u0131 takt\u0131\u011f\u0131 dedesi, u\u00e7aklar ve s\u00f6zc\u00fcklerdir. G\u00fcne, Mutfakku\u015fu&#8217;nun haz\u0131rlad\u0131\u011f\u0131 kahvalt\u0131yla ba\u015flar, ondan yeni s\u00f6zc\u00fckler \u00f6\u011frenir ve her okul \u00e7\u0131k\u0131\u015f\u0131, arkada\u015flar\u0131 Behice ve N\u00e2z\u0131m&#8217;la birlikte g\u00f6ky\u00fcz\u00fcnde s\u00fcz\u00fclen u\u00e7aklar\u0131 izler. Ancak, \u00f6dev i\u00e7in tozlu raftan indirdi\u011fi aile alb\u00fcm\u00fc evdeki dengeleri bozuverir ve dedesinin ad\u0131n\u0131 Ta\u015fkafa&#8217;ya d\u00f6n\u00fc\u015ft\u00fcren bir s\u0131r a\u00e7\u0131\u011fa \u00e7\u0131kar!.. <\/p>\n","protected":false},"excerpt":{"rendered":"<p>Aile s\u0131rlar\u0131, kimsenin kay\u0131ts\u0131z kalamayaca\u011f\u0131 kadar heyecan vericidir.Menek\u015fe \u0130stasyonu, Benim Babam \u00d6m\u00fcr Adam ve Montsuzlargibi romanlar\u0131yla dikkat \u00e7eken \u00d6mer A\u00e7\u0131k, yeni kitab\u0131nda u\u00e7aklara sevdal\u0131, hik\u00e2yelere merakl\u0131<span class=\"excerpt-hellip\"> [\u2026]<\/span><\/p>\n","protected":false},"featured_media":0,"template":"","meta":{"_monsterinsights_skip_tracking":false,"_monsterinsights_sitenote_active":false,"_monsterinsights_sitenote_note":"","_monsterinsights_sitenote_category":0},"product_brand":[],"product_cat":[12275,12274],"product_tag":[],"class_list":{"0":"post-712668","1":"product","2":"type-product","3":"status-publish","5":"product_cat-6-12-yas-kitaplari","6":"product_cat-cocuk-ve-genclik-kitaplari","7":"pa_cilt-ciltsiz","8":"pa_tur-kitap","9":"pa_yayinevi-gunisigi-kitapligi","10":"pa_yazar-omer-acik","12":"first","13":"instock","14":"sale","15":"shipping-taxable","16":"purchasable","17":"product-type-simple"},"_links":{"self":[{"href":"https:\/\/roveyayinevi.com.tr\/index.php\/wp-json\/wp\/v2\/product\/712668","targetHints":{"allow":["GET"]}}],"collection":[{"href":"https:\/\/roveyayinevi.com.tr\/index.php\/wp-json\/wp\/v2\/product"}],"about":[{"href":"https:\/\/roveyayinevi.com.tr\/index.php\/wp-json\/wp\/v2\/types\/product"}],"wp:attachment":[{"href":"https:\/\/roveyayinevi.com.tr\/index.php\/wp-json\/wp\/v2\/media?parent=712668"}],"wp:term":[{"taxonomy":"product_brand","embeddable":true,"href":"https:\/\/roveyayinevi.com.tr\/index.php\/wp-json\/wp\/v2\/product_brand?post=712668"},{"taxonomy":"product_cat","embeddable":true,"href":"https:\/\/roveyayinevi.com.tr\/index.php\/wp-json\/wp\/v2\/product_cat?post=712668"},{"taxonomy":"product_tag","embeddable":true,"href":"https:\/\/roveyayinevi.com.tr\/index.php\/wp-json\/wp\/v2\/product_tag?post=712668"}],"curies":[{"name":"wp","href":"https:\/\/api.w.org\/{rel}","templated":true}]}}