{"id":712667,"date":"2025-08-27T16:58:29","date_gmt":"2025-08-27T13:58:29","guid":{"rendered":"https:\/\/roveyayinevi.com.tr\/index.php\/urun\/gizli-numara-2\/"},"modified":"2026-04-16T02:21:04","modified_gmt":"2026-04-15T23:21:04","slug":"gizli-numara-2","status":"publish","type":"product","link":"https:\/\/roveyayinevi.com.tr\/index.php\/urun\/gizli-numara-2\/","title":{"rendered":"Gizli Numara 2"},"content":{"rendered":"<p>Wattpad fenomeni Semiha Kaya\u2019dan &#8216;Her \u015fey&#8217; bir &#8216;Gizli Numara&#8217;n\u0131n aramas\u0131yla ba\u015flam\u0131\u015ft\u0131&#8230; Ve yine &#8216;Her \u015eey&#8217; bir &#8216;Gizli Numara&#8217;n\u0131n kar\u015f\u0131ma \u00e7\u0131kmas\u0131yla devam etti. <\/p>\n","protected":false},"excerpt":{"rendered":"<p>Wattpad fenomeni Semiha Kaya\u2019dan &#8216;Her \u015fey&#8217; bir &#8216;Gizli Numara&#8217;n\u0131n aramas\u0131yla ba\u015flam\u0131\u015ft\u0131&#8230; Ve yine &#8216;Her \u015eey&#8217; bir &#8216;Gizli Numara&#8217;n\u0131n kar\u015f\u0131ma \u00e7\u0131kmas\u0131yla devam etti.<\/p>\n","protected":false},"featured_media":0,"template":"","meta":{"_monsterinsights_skip_tracking":false,"_monsterinsights_sitenote_active":false,"_monsterinsights_sitenote_note":"","_monsterinsights_sitenote_category":0},"product_brand":[],"product_cat":[12291,12711],"product_tag":[],"class_list":{"0":"post-712667","1":"product","2":"type-product","3":"status-publish","5":"product_cat-edebiyat","6":"product_cat-roman-oyku","7":"pa_cilt-ciltsiz","8":"pa_tur-kitap","9":"pa_yayinevi-epsilon-yayinlari","10":"pa_yazar-semiha-kaya","12":"first","13":"instock","14":"sale","15":"shipping-taxable","16":"purchasable","17":"product-type-simple"},"_links":{"self":[{"href":"https:\/\/roveyayinevi.com.tr\/index.php\/wp-json\/wp\/v2\/product\/712667","targetHints":{"allow":["GET"]}}],"collection":[{"href":"https:\/\/roveyayinevi.com.tr\/index.php\/wp-json\/wp\/v2\/product"}],"about":[{"href":"https:\/\/roveyayinevi.com.tr\/index.php\/wp-json\/wp\/v2\/types\/product"}],"wp:attachment":[{"href":"https:\/\/roveyayinevi.com.tr\/index.php\/wp-json\/wp\/v2\/media?parent=712667"}],"wp:term":[{"taxonomy":"product_brand","embeddable":true,"href":"https:\/\/roveyayinevi.com.tr\/index.php\/wp-json\/wp\/v2\/product_brand?post=712667"},{"taxonomy":"product_cat","embeddable":true,"href":"https:\/\/roveyayinevi.com.tr\/index.php\/wp-json\/wp\/v2\/product_cat?post=712667"},{"taxonomy":"product_tag","embeddable":true,"href":"https:\/\/roveyayinevi.com.tr\/index.php\/wp-json\/wp\/v2\/product_tag?post=712667"}],"curies":[{"name":"wp","href":"https:\/\/api.w.org\/{rel}","templated":true}]}}