{"id":712664,"date":"2025-08-27T16:58:28","date_gmt":"2025-08-27T13:58:28","guid":{"rendered":"https:\/\/roveyayinevi.com.tr\/index.php\/urun\/byzantine-architectural-sculpture-in-canakkale\/"},"modified":"2026-04-16T02:21:04","modified_gmt":"2026-04-15T23:21:04","slug":"byzantine-architectural-sculpture-in-canakkale","status":"publish","type":"product","link":"https:\/\/roveyayinevi.com.tr\/index.php\/urun\/byzantine-architectural-sculpture-in-canakkale\/","title":{"rendered":"Byzantine Architectural Sculpture in \u00c7anakkale"},"content":{"rendered":"<p>\u00c7anakkale Bo\u011faz\u0131na ula\u015fan vadiler ve \u00e7evresindeki alanlarda s\u00fcrd\u00fcr\u00fclen y\u00fczey ara\u015ft\u0131rmalar\u0131nda b\u00f6lgenin Bizans d\u00f6nemi yerle\u015fimlerine ait \u00f6nemli ve \u00e7ok say\u0131da veri tespit edilmi\u015ftir. Elde edilen bu arkeolojik veriler ile Bizans D\u00f6nemi yerle\u015fimlerinin \u00c7anakkale Bo\u011faz\u0131na ula\u015fan vadilerdeki konumu, da\u011f\u0131l\u0131m\u0131 ve yo\u011funluklar\u0131 anla\u015f\u0131l\u0131r hale gelmi\u015ftir. Bizans D\u00f6nemine ait arkeolojik verilerin \u00f6nemli bir grubunu mermer ve ta\u015f eserler olu\u015fturur. Bu \u00e7al\u0131\u015fma \u00c7anakkale Bo\u011faz\u0131\u2019n\u0131n her iki k\u0131y\u0131s\u0131ndaki yerle\u015fimlerde tespit edilen liturjik ve mimari i\u015fleve sahip mermer ve ta\u015f eserlerin bir de\u011ferlendirmesidir. \ufffcTan\u0131t\u0131m Metni<\/p>\n","protected":false},"excerpt":{"rendered":"<p>\u00c7anakkale Bo\u011faz\u0131na ula\u015fan vadiler ve \u00e7evresindeki alanlarda s\u00fcrd\u00fcr\u00fclen y\u00fczey ara\u015ft\u0131rmalar\u0131nda b\u00f6lgenin Bizans d\u00f6nemi yerle\u015fimlerine ait \u00f6nemli ve \u00e7ok say\u0131da veri tespit edilmi\u015ftir. Elde edilen bu arkeolojik<span class=\"excerpt-hellip\"> [\u2026]<\/span><\/p>\n","protected":false},"featured_media":0,"template":"","meta":{"_monsterinsights_skip_tracking":false,"_monsterinsights_sitenote_active":false,"_monsterinsights_sitenote_note":"","_monsterinsights_sitenote_category":0},"product_brand":[],"product_cat":[12472],"product_tag":[],"class_list":{"0":"post-712664","1":"product","2":"type-product","3":"status-publish","5":"product_cat-yabanci-dilde-kitaplar","6":"pa_cilt-ciltsiz","7":"pa_tur-kitap","8":"pa_yayinevi-bilgin-kultur-sanat","9":"pa_yazar-ayse-c-turker","11":"first","12":"instock","13":"sale","14":"shipping-taxable","15":"purchasable","16":"product-type-simple"},"_links":{"self":[{"href":"https:\/\/roveyayinevi.com.tr\/index.php\/wp-json\/wp\/v2\/product\/712664","targetHints":{"allow":["GET"]}}],"collection":[{"href":"https:\/\/roveyayinevi.com.tr\/index.php\/wp-json\/wp\/v2\/product"}],"about":[{"href":"https:\/\/roveyayinevi.com.tr\/index.php\/wp-json\/wp\/v2\/types\/product"}],"wp:attachment":[{"href":"https:\/\/roveyayinevi.com.tr\/index.php\/wp-json\/wp\/v2\/media?parent=712664"}],"wp:term":[{"taxonomy":"product_brand","embeddable":true,"href":"https:\/\/roveyayinevi.com.tr\/index.php\/wp-json\/wp\/v2\/product_brand?post=712664"},{"taxonomy":"product_cat","embeddable":true,"href":"https:\/\/roveyayinevi.com.tr\/index.php\/wp-json\/wp\/v2\/product_cat?post=712664"},{"taxonomy":"product_tag","embeddable":true,"href":"https:\/\/roveyayinevi.com.tr\/index.php\/wp-json\/wp\/v2\/product_tag?post=712664"}],"curies":[{"name":"wp","href":"https:\/\/api.w.org\/{rel}","templated":true}]}}