{"id":712663,"date":"2025-08-27T16:58:27","date_gmt":"2025-08-27T13:58:27","guid":{"rendered":"https:\/\/roveyayinevi.com.tr\/index.php\/urun\/yenilikci-cerceve-tasarimin-getirdigi-yeni-dusunme-bicimleri\/"},"modified":"2026-04-16T02:21:04","modified_gmt":"2026-04-15T23:21:04","slug":"yenilikci-cerceve-tasarimin-getirdigi-yeni-dusunme-bicimleri","status":"publish","type":"product","link":"https:\/\/roveyayinevi.com.tr\/index.php\/urun\/yenilikci-cerceve-tasarimin-getirdigi-yeni-dusunme-bicimleri\/","title":{"rendered":"Yenilik\u00e7i \u00c7er\u00e7eve: Tasar\u0131m\u0131n Getirdi\u011fi Yeni D\u00fc\u015f\u00fcnme Bi\u00e7imleri"},"content":{"rendered":"<p>Uzman birtasar\u0131mc\u0131n\u0131n kendine has d\u00fc\u015f\u00fcnme bi\u00e7imi ve y\u0131llar i\u00e7inde edindi\u011fi deneyim, bug\u00fcn\u00fcn toplumunda kar\u015f\u0131m\u0131za \u00e7\u0131kan karma\u015f\u0131k sorunlara \u0131\u015f\u0131k tutabilir mi? Yenilik\u00e7i \u00c7er\u00e7eve: Tasar\u0131m\u0131n Getirdi\u011fi Yeni D\u00fc\u015f\u00fcnme Bi\u00e7imleri g\u00fcn\u00fcm\u00fczde organizasyonlar\u0131n m\u00fccadele etti\u011fi sorunlara al\u0131\u015f\u0131lm\u0131\u015f y\u00f6ntemlerle yakla\u015farak ge\u00e7ici ve y\u00fczeysel sonu\u00e7lar elde etmek yerine, bu sorunlar\u0131 dinamik a\u00e7mazlar olarak ele alan yenilik\u00e7i bir tutumla yakla\u015fmay\u0131 \u00f6neriyor. Kees Dorst\u2019un y\u0131llar i\u00e7inde farkl\u0131 tasar\u0131m giri\u015fimleriyle beraber \u00e7al\u0131\u015farak ustaca geli\u015ftirdi\u011fi ve sosyal \u00e7evreler \u00fczerindeki \u00f6l\u00e7\u00fclebilir etkisini vaka \u00f6rnekleriyle ayr\u0131nt\u0131l\u0131 bi\u00e7imde g\u00f6sterdi\u011fi \u201c\u00e7er\u00e7eve yarat\u0131m\u0131 yakla\u015f\u0131m\u0131\u201d, bug\u00fcn \u015firketlerin ve toplumlar\u0131n zorluklar\u0131 kar\u015f\u0131larken kulland\u0131\u011f\u0131 d\u00fc\u015f\u00fcnce bi\u00e7imini odak noktas\u0131na al\u0131yor. Bildik sorunlar\u0131 farkl\u0131 \u00e7er\u00e7evelerle yeniden tan\u0131mlamaya dayanan bu inovatif yakla\u015f\u0131m\u0131yla Dorst, sorun \u00e7\u00f6zme y\u00f6ntemlerini atik, uyarlanabilir ve de\u011fi\u015fken k\u0131lmay\u0131 hedefliyor. Kees Dorst, Sidney Teknoloji \u00dcniversitesi\u2019nde Tasar\u0131m \u0130novasyonu profes\u00f6r\u00fc. <\/p>\n","protected":false},"excerpt":{"rendered":"<p>Uzman birtasar\u0131mc\u0131n\u0131n kendine has d\u00fc\u015f\u00fcnme bi\u00e7imi ve y\u0131llar i\u00e7inde edindi\u011fi deneyim, bug\u00fcn\u00fcn toplumunda kar\u015f\u0131m\u0131za \u00e7\u0131kan karma\u015f\u0131k sorunlara \u0131\u015f\u0131k tutabilir mi? Yenilik\u00e7i \u00c7er\u00e7eve: Tasar\u0131m\u0131n Getirdi\u011fi Yeni D\u00fc\u015f\u00fcnme<span class=\"excerpt-hellip\"> [\u2026]<\/span><\/p>\n","protected":false},"featured_media":0,"template":"","meta":{"_monsterinsights_skip_tracking":false,"_monsterinsights_sitenote_active":false,"_monsterinsights_sitenote_note":"","_monsterinsights_sitenote_category":0},"product_brand":[],"product_cat":[13512,12408],"product_tag":[],"class_list":{"0":"post-712663","1":"product","2":"type-product","3":"status-publish","5":"product_cat-mimarlik","6":"product_cat-sanat","7":"pa_cilt-ciltsiz","8":"pa_tur-kitap","9":"pa_yayinevi-koc-universitesi-yayinlari","10":"pa_yazar-kees-dorst","12":"first","13":"instock","14":"sale","15":"shipping-taxable","16":"purchasable","17":"product-type-simple"},"_links":{"self":[{"href":"https:\/\/roveyayinevi.com.tr\/index.php\/wp-json\/wp\/v2\/product\/712663","targetHints":{"allow":["GET"]}}],"collection":[{"href":"https:\/\/roveyayinevi.com.tr\/index.php\/wp-json\/wp\/v2\/product"}],"about":[{"href":"https:\/\/roveyayinevi.com.tr\/index.php\/wp-json\/wp\/v2\/types\/product"}],"wp:attachment":[{"href":"https:\/\/roveyayinevi.com.tr\/index.php\/wp-json\/wp\/v2\/media?parent=712663"}],"wp:term":[{"taxonomy":"product_brand","embeddable":true,"href":"https:\/\/roveyayinevi.com.tr\/index.php\/wp-json\/wp\/v2\/product_brand?post=712663"},{"taxonomy":"product_cat","embeddable":true,"href":"https:\/\/roveyayinevi.com.tr\/index.php\/wp-json\/wp\/v2\/product_cat?post=712663"},{"taxonomy":"product_tag","embeddable":true,"href":"https:\/\/roveyayinevi.com.tr\/index.php\/wp-json\/wp\/v2\/product_tag?post=712663"}],"curies":[{"name":"wp","href":"https:\/\/api.w.org\/{rel}","templated":true}]}}