{"id":712662,"date":"2025-08-27T16:58:27","date_gmt":"2025-08-27T13:58:27","guid":{"rendered":"https:\/\/roveyayinevi.com.tr\/index.php\/urun\/cennet-ruhun-cennetidir-ask\/"},"modified":"2026-04-16T02:21:04","modified_gmt":"2026-04-15T23:21:04","slug":"cennet-ruhun-cennetidir-ask","status":"publish","type":"product","link":"https:\/\/roveyayinevi.com.tr\/index.php\/urun\/cennet-ruhun-cennetidir-ask\/","title":{"rendered":"Cennet Ruhun Cennetidir&#8230; A\u015fk!"},"content":{"rendered":"<p>Bilin ki! \u2018\u0130nsan\u2019! \u2018Bir\u2019 Cennet hayali olmadan ya\u015fayamaz&#8230; Bu \u2018kitap\u2019 i\u015fte! Size! \u2018Bir\u2019 Cennet hayalini diri tutabilmeniz i\u00e7in yaz\u0131ld\u0131! Kitab\u0131 a\u00e7t\u0131\u011f\u0131n\u0131zda! \u2018Bir\u2019 sessizlik ba\u015flar&#8230; Huzurdas\u0131n\u0131zd\u0131r&#8230; S\u00fck\u00fbnet ve dua! Iss\u0131z anlar&#8230; D\u00fcnya biter! Yaz\u0131n\u0131n kalbi atmaya ba\u015flar&#8230; \u0130lerleyin hadi! \u2018Oku\u2019maya ba\u015flay\u0131n&#8230; \u0130lerisi Cennet! Gelin&#8230; Cennet\u2019e ilk ad\u0131m\u0131n\u0131z\u0131! Daha do\u011frusu ilk bak\u0131\u015f\u0131n\u0131z\u0131! Bu \u2018kitap\u2019la at\u0131n&#8230; Bak\u0131n! \u2018Oku\u2019yun&#8230; Cennet! \u2018Bir\u2019 bak\u0131\u015fmad\u0131r asl\u0131nda! Rabbimizle! Bak\u0131\u015f\u0131n&#8230; Gelin hadi! Cennet\u2019ten \u2018bir\u2019 bak\u0131\u015fma! Size aynad\u0131r bu \u2018kitap\u2019! Cennet-Kitap! Ey Cennetler Kur\u2019an Kitap! Gelin hadi! \u2018A\u015fk\u2019 u\u00e7ar&#8230; \u2018Ruh\u2019 u\u00e7ar&#8230; Yeter ki \u2018bir\u2019 iyilik pe\u015finde olun&#8230; Bu \u2018kitap\u2019 u\u00e7urur sizi! Ey Cennetler Kur\u2019an \u2018Kitap\u2019! Gelin hadi! A\u00e7\u0131n \u2018kitap\u2019\u0131n kapa\u011f\u0131n\u0131! \u0130\u015fte \u2018S\u0131r\u2019&#8230; \u0130\u015fte \u2018Cennet\u2019! <\/p>\n","protected":false},"excerpt":{"rendered":"<p>Bilin ki! \u2018\u0130nsan\u2019! \u2018Bir\u2019 Cennet hayali olmadan ya\u015fayamaz&#8230; Bu \u2018kitap\u2019 i\u015fte! Size! \u2018Bir\u2019 Cennet hayalini diri tutabilmeniz i\u00e7in yaz\u0131ld\u0131! Kitab\u0131 a\u00e7t\u0131\u011f\u0131n\u0131zda! \u2018Bir\u2019 sessizlik ba\u015flar&#8230; Huzurdas\u0131n\u0131zd\u0131r&#8230; S\u00fck\u00fbnet<span class=\"excerpt-hellip\"> [\u2026]<\/span><\/p>\n","protected":false},"featured_media":0,"template":"","meta":{"_monsterinsights_skip_tracking":false,"_monsterinsights_sitenote_active":false,"_monsterinsights_sitenote_note":"","_monsterinsights_sitenote_category":0},"product_brand":[],"product_cat":[12718,12719,15238],"product_tag":[],"class_list":{"0":"post-712662","1":"product","2":"type-product","3":"status-publish","5":"product_cat-din","6":"product_cat-islam","7":"product_cat-tasavvuf","8":"pa_cilt-ciltsiz","9":"pa_tur-kitap","10":"pa_yayinevi-hayykitap","11":"pa_yazar-hayati-sir","13":"first","14":"instock","15":"sale","16":"shipping-taxable","17":"purchasable","18":"product-type-simple"},"_links":{"self":[{"href":"https:\/\/roveyayinevi.com.tr\/index.php\/wp-json\/wp\/v2\/product\/712662","targetHints":{"allow":["GET"]}}],"collection":[{"href":"https:\/\/roveyayinevi.com.tr\/index.php\/wp-json\/wp\/v2\/product"}],"about":[{"href":"https:\/\/roveyayinevi.com.tr\/index.php\/wp-json\/wp\/v2\/types\/product"}],"wp:attachment":[{"href":"https:\/\/roveyayinevi.com.tr\/index.php\/wp-json\/wp\/v2\/media?parent=712662"}],"wp:term":[{"taxonomy":"product_brand","embeddable":true,"href":"https:\/\/roveyayinevi.com.tr\/index.php\/wp-json\/wp\/v2\/product_brand?post=712662"},{"taxonomy":"product_cat","embeddable":true,"href":"https:\/\/roveyayinevi.com.tr\/index.php\/wp-json\/wp\/v2\/product_cat?post=712662"},{"taxonomy":"product_tag","embeddable":true,"href":"https:\/\/roveyayinevi.com.tr\/index.php\/wp-json\/wp\/v2\/product_tag?post=712662"}],"curies":[{"name":"wp","href":"https:\/\/api.w.org\/{rel}","templated":true}]}}