{"id":712660,"date":"2025-08-27T16:58:26","date_gmt":"2025-08-27T13:58:26","guid":{"rendered":"https:\/\/roveyayinevi.com.tr\/index.php\/urun\/sanatci-gibi-dusun\/"},"modified":"2026-04-16T02:21:04","modified_gmt":"2026-04-15T23:21:04","slug":"sanatci-gibi-dusun","status":"publish","type":"product","link":"https:\/\/roveyayinevi.com.tr\/index.php\/urun\/sanatci-gibi-dusun\/","title":{"rendered":"Sanat\u00e7\u0131 Gibi D\u00fc\u015f\u00fcn"},"content":{"rendered":"<p>Baz\u0131 insanlar parlak fikirler bulmakta ve bunlar\u0131 hayata ge\u00e7irmekte neden daha mahirdir? Pardon Neye Bakm\u0131\u015ft\u0131n\u0131z? \/ Modern Sanat\u0131n 150 Y\u0131ll\u0131k \u015ea\u015f\u0131rt\u0131c\u0131, Sars\u0131c\u0131, Kimi Zaman da Tuhaf Hik\u00e2yesi kitab\u0131ndan tan\u0131d\u0131\u011f\u0131m\u0131z yazar, BBC sanat edit\u00f6r\u00fc Will Gompertz uzun y\u0131llar sanat\u00e7\u0131larla \u00e7al\u0131\u015fm\u0131\u015f ve onlar\u0131 incelemi\u015f. Bu s\u00fcre\u00e7 zarf\u0131nda, ba\u015far\u0131l\u0131 sanat\u00e7\u0131lar\u0131n birtak\u0131m ortak \u00f6zellikleri oldu\u011funu fark etmi\u015f. Sanat\u00e7\u0131 Gibi D\u00fc\u015f\u00fcn kitab\u0131nda bu \u00f6zellikleri, her zamanki ak\u0131c\u0131, esprili \u00fcslubuyla ve \u00f6rneklerle anlat\u0131yor. Yeteneklerin geli\u015fmesine yard\u0131mc\u0131 olan birtak\u0131m yakla\u015f\u0131mlar\u0131 benimseyen ve sanat\u00e7\u0131 gibi d\u00fc\u015f\u00fcnen herkesin, i\u015fi ne olursa olsun, daha yarat\u0131c\u0131 ve verimli bir hayat s\u00fcrebilece\u011fini, ba\u015far\u0131 kazanma ihtimalinin artaca\u011f\u0131n\u0131 savunuyor. <\/p>\n","protected":false},"excerpt":{"rendered":"<p>Baz\u0131 insanlar parlak fikirler bulmakta ve bunlar\u0131 hayata ge\u00e7irmekte neden daha mahirdir? Pardon Neye Bakm\u0131\u015ft\u0131n\u0131z? \/ Modern Sanat\u0131n 150 Y\u0131ll\u0131k \u015ea\u015f\u0131rt\u0131c\u0131, Sars\u0131c\u0131, Kimi Zaman da Tuhaf<span class=\"excerpt-hellip\"> [\u2026]<\/span><\/p>\n","protected":false},"featured_media":0,"template":"","meta":{"_monsterinsights_skip_tracking":false,"_monsterinsights_sitenote_active":false,"_monsterinsights_sitenote_note":"","_monsterinsights_sitenote_category":0},"product_brand":[],"product_cat":[12312,12304],"product_tag":[],"class_list":{"0":"post-712660","1":"product","2":"type-product","3":"status-publish","5":"product_cat-diger","6":"product_cat-tarih","7":"pa_cilt-ciltsiz","8":"pa_tur-kitap","9":"pa_yayinevi-yapi-kredi-yayinlari","10":"pa_yazar-will-gompertz","12":"first","13":"instock","14":"sale","15":"shipping-taxable","16":"purchasable","17":"product-type-simple"},"_links":{"self":[{"href":"https:\/\/roveyayinevi.com.tr\/index.php\/wp-json\/wp\/v2\/product\/712660","targetHints":{"allow":["GET"]}}],"collection":[{"href":"https:\/\/roveyayinevi.com.tr\/index.php\/wp-json\/wp\/v2\/product"}],"about":[{"href":"https:\/\/roveyayinevi.com.tr\/index.php\/wp-json\/wp\/v2\/types\/product"}],"wp:attachment":[{"href":"https:\/\/roveyayinevi.com.tr\/index.php\/wp-json\/wp\/v2\/media?parent=712660"}],"wp:term":[{"taxonomy":"product_brand","embeddable":true,"href":"https:\/\/roveyayinevi.com.tr\/index.php\/wp-json\/wp\/v2\/product_brand?post=712660"},{"taxonomy":"product_cat","embeddable":true,"href":"https:\/\/roveyayinevi.com.tr\/index.php\/wp-json\/wp\/v2\/product_cat?post=712660"},{"taxonomy":"product_tag","embeddable":true,"href":"https:\/\/roveyayinevi.com.tr\/index.php\/wp-json\/wp\/v2\/product_tag?post=712660"}],"curies":[{"name":"wp","href":"https:\/\/api.w.org\/{rel}","templated":true}]}}