{"id":712659,"date":"2025-08-27T16:58:25","date_gmt":"2025-08-27T13:58:25","guid":{"rendered":"https:\/\/roveyayinevi.com.tr\/index.php\/urun\/canlar-olesi-degil-fotograflarla-haldun-tanerin-yasamoykusu\/"},"modified":"2026-04-16T02:21:04","modified_gmt":"2026-04-15T23:21:04","slug":"canlar-olesi-degil-fotograflarla-haldun-tanerin-yasamoykusu","status":"publish","type":"product","link":"https:\/\/roveyayinevi.com.tr\/index.php\/urun\/canlar-olesi-degil-fotograflarla-haldun-tanerin-yasamoykusu\/","title":{"rendered":"Canlar \u00d6lesi De\u011fil Foto\u011fraflarla Haldun Taner&#8217;in Ya\u015fam\u00f6yk\u00fcs\u00fc.."},"content":{"rendered":"<p>E\u015finin kaleminden Haldun Taner Demet Taner\u2019in e\u015fi Haldun Taner\u2019in 10. \u00f6l\u00fcm y\u0131ld\u00f6n\u00fcm\u00fcnde yay\u0131mlanan kitab\u0131 Canlar \u00d6lesi De\u011fil yirmi y\u0131l aradan sonra Yap\u0131 Kredi Yay\u0131nlar\u0131ndan \u00e7\u0131kt\u0131. Canlar \u00d6lesi De\u011fil, bir\u00e7ok bak\u0131mdan \u00f6zel bir kitap: \u00d6yk\u00fcleri, tiyatro yap\u0131tlar\u0131, gazete yaz\u0131lar\u0131, konferanslar\u0131, \u00fcniversitedeki dersleri, uluslararas\u0131 toplant\u0131larda edebiyat\u0131m\u0131z\u0131 temsil edi\u015fi ve daha bir\u00e7ok yan\u0131yla bilenen Haldun Taner\u2019in ya\u015fam \u00f6yk\u00fcs\u00fcn\u00fc, kendine \u00f6zg\u00fc ki\u015fili\u011fini, insani de\u011ferlerini ve geni\u015f bir foto\u011fraf alb\u00fcm\u00fcn\u00fc i\u00e7eriyor. Ku\u015fkusuz edebiyat\u0131m\u0131z\u0131n bu b\u00fcy\u00fck ustas\u0131 hakk\u0131nda pek \u00e7ok bilimsel \u00e7al\u0131\u015fma yap\u0131ld\u0131, yaz\u0131lar yaz\u0131ld\u0131, bildiriler sunuldu. Ayr\u0131ca edebiyat ve tiyatro insanlar\u0131n\u0131n an\u0131lar\u0131nda s\u0131k\u00e7a kendisinden bahsedildi. Ama Canlar \u00d6lesi De\u011fil\u2019de can yolda\u015f\u0131 Demet Taner\u2019in kalemiyle onu kavrayacak, s\u0131ms\u0131cak duygulara tan\u0131kl\u0131k edeceksiniz. Canlar \u00d6lesi De\u011fil sevgi dolu bir ya\u015fam \u00f6yk\u00fcs\u00fcn\u00fcn kitab\u0131. <\/p>\n","protected":false},"excerpt":{"rendered":"<p>E\u015finin kaleminden Haldun Taner Demet Taner\u2019in e\u015fi Haldun Taner\u2019in 10. \u00f6l\u00fcm y\u0131ld\u00f6n\u00fcm\u00fcnde yay\u0131mlanan kitab\u0131 Canlar \u00d6lesi De\u011fil yirmi y\u0131l aradan sonra Yap\u0131 Kredi Yay\u0131nlar\u0131ndan \u00e7\u0131kt\u0131. Canlar<span class=\"excerpt-hellip\"> [\u2026]<\/span><\/p>\n","protected":false},"featured_media":0,"template":"","meta":{"_monsterinsights_skip_tracking":false,"_monsterinsights_sitenote_active":false,"_monsterinsights_sitenote_note":"","_monsterinsights_sitenote_category":0},"product_brand":[],"product_cat":[13701,12291],"product_tag":[],"class_list":{"0":"post-712659","1":"product","2":"type-product","3":"status-publish","5":"product_cat-ani-mektup-gunluk","6":"product_cat-edebiyat","7":"pa_cilt-ciltsiz","8":"pa_tur-kitap","9":"pa_yayinevi-yapi-kredi-yayinlari","10":"pa_yazar-demet-taner","12":"first","13":"instock","14":"sale","15":"shipping-taxable","16":"purchasable","17":"product-type-simple"},"_links":{"self":[{"href":"https:\/\/roveyayinevi.com.tr\/index.php\/wp-json\/wp\/v2\/product\/712659","targetHints":{"allow":["GET"]}}],"collection":[{"href":"https:\/\/roveyayinevi.com.tr\/index.php\/wp-json\/wp\/v2\/product"}],"about":[{"href":"https:\/\/roveyayinevi.com.tr\/index.php\/wp-json\/wp\/v2\/types\/product"}],"wp:attachment":[{"href":"https:\/\/roveyayinevi.com.tr\/index.php\/wp-json\/wp\/v2\/media?parent=712659"}],"wp:term":[{"taxonomy":"product_brand","embeddable":true,"href":"https:\/\/roveyayinevi.com.tr\/index.php\/wp-json\/wp\/v2\/product_brand?post=712659"},{"taxonomy":"product_cat","embeddable":true,"href":"https:\/\/roveyayinevi.com.tr\/index.php\/wp-json\/wp\/v2\/product_cat?post=712659"},{"taxonomy":"product_tag","embeddable":true,"href":"https:\/\/roveyayinevi.com.tr\/index.php\/wp-json\/wp\/v2\/product_tag?post=712659"}],"curies":[{"name":"wp","href":"https:\/\/api.w.org\/{rel}","templated":true}]}}