{"id":712658,"date":"2025-08-27T16:58:24","date_gmt":"2025-08-27T13:58:24","guid":{"rendered":"https:\/\/roveyayinevi.com.tr\/index.php\/urun\/orhan-pamukta-yaziyla-kefaret\/"},"modified":"2026-04-16T02:21:04","modified_gmt":"2026-04-15T23:21:04","slug":"orhan-pamukta-yaziyla-kefaret","status":"publish","type":"product","link":"https:\/\/roveyayinevi.com.tr\/index.php\/urun\/orhan-pamukta-yaziyla-kefaret\/","title":{"rendered":"Orhan Pamuk&#8217;ta Yaz\u0131yla Kefaret"},"content":{"rendered":"<p>Orhan Pamuk\u2019ta Yaz\u0131yla Kefaret kitab\u0131nda Jale Parla, gerek ilk kez yay\u0131mlanan gerekse bu \u00f6zel toplamda bir araya getirdi\u011fi yaz\u0131lar\u0131yla roman\u0131m\u0131z\u0131n ezeli konusu kimli\u011fin Pamuk\u2019taki i\u015fleyi\u015fine, onun \u201cbir sarkac\u0131n git gelleri\u201d gibi sal\u0131nan \u00f6znelerinin \u201c\u00e7at\u0131\u015fma halindeyken bile birbirine d\u00f6n\u00fc\u015fme\u201d ve \u201cb\u00fct\u00fcnlenme arzusuna\u201d bakarken, kahramanlar\u0131n\u0131n bu s\u00fcre\u00e7te tutunduklar\u0131 hik\u00e2yelerin nas\u0131l ba\u015fka hik\u00e2yelere a\u00e7\u0131ld\u0131\u011f\u0131na da titizlikle e\u011filiyor. \u201cPamuk\u2019ta aray\u0131\u015fla yarat\u0131c\u0131l\u0131k, yarat\u0131c\u0131l\u0131kla ba\u015fkala\u015f\u0131m \u00f6zde\u015ftir\u201d c\u00fcmlesinde billurla\u015fan \u201csanat\u0131n s\u0131radan\u0131 s\u0131ra d\u0131\u015f\u0131na d\u00f6n\u00fc\u015ft\u00fcrme g\u00fcc\u00fc\u201dne ve bu s\u00fcre\u00e7te Pamuk yaz\u0131s\u0131n\u0131n nas\u0131l ya\u015fam boyu t\u00fcm bireysel ve toplumsal kefaretleri \u00fcstlenece\u011fi vurgusuyla ise, Orhan Pamuk romanc\u0131l\u0131\u011f\u0131n\u0131n d\u00fcn\u00fc ve bug\u00fcn\u00fc kadar gelece\u011fine de \u0131\u015f\u0131k d\u00fc\u015f\u00fcr\u00fcyor. Orhan Pamuk\u2019ta Yaz\u0131yla Kefaret, d\u00fcnya \u00f6l\u00e7e\u011findeki romanc\u0131m\u0131z i\u00e7in, \u201cDon Ki\u015fot\u2019tan bug\u00fcne roman\u201d\u0131n ustas\u0131ndan d\u00f6rt d\u00f6rtl\u00fck bir \u00e7al\u0131\u015fma&#8230; <\/p>\n","protected":false},"excerpt":{"rendered":"<p>Orhan Pamuk\u2019ta Yaz\u0131yla Kefaret kitab\u0131nda Jale Parla, gerek ilk kez yay\u0131mlanan gerekse bu \u00f6zel toplamda bir araya getirdi\u011fi yaz\u0131lar\u0131yla roman\u0131m\u0131z\u0131n ezeli konusu kimli\u011fin Pamuk\u2019taki i\u015fleyi\u015fine, onun<span class=\"excerpt-hellip\"> [\u2026]<\/span><\/p>\n","protected":false},"featured_media":0,"template":"","meta":{"_monsterinsights_skip_tracking":false,"_monsterinsights_sitenote_active":false,"_monsterinsights_sitenote_note":"","_monsterinsights_sitenote_category":0},"product_brand":[],"product_cat":[13072,12291],"product_tag":[],"class_list":{"0":"post-712658","1":"product","2":"type-product","3":"status-publish","5":"product_cat-arastirma-inceleme-referans","6":"product_cat-edebiyat","7":"pa_cilt-ciltsiz","8":"pa_tur-kitap","9":"pa_yayinevi-yapi-kredi-yayinlari","10":"pa_yazar-jale-parla","12":"first","13":"instock","14":"sale","15":"shipping-taxable","16":"purchasable","17":"product-type-simple"},"_links":{"self":[{"href":"https:\/\/roveyayinevi.com.tr\/index.php\/wp-json\/wp\/v2\/product\/712658","targetHints":{"allow":["GET"]}}],"collection":[{"href":"https:\/\/roveyayinevi.com.tr\/index.php\/wp-json\/wp\/v2\/product"}],"about":[{"href":"https:\/\/roveyayinevi.com.tr\/index.php\/wp-json\/wp\/v2\/types\/product"}],"wp:attachment":[{"href":"https:\/\/roveyayinevi.com.tr\/index.php\/wp-json\/wp\/v2\/media?parent=712658"}],"wp:term":[{"taxonomy":"product_brand","embeddable":true,"href":"https:\/\/roveyayinevi.com.tr\/index.php\/wp-json\/wp\/v2\/product_brand?post=712658"},{"taxonomy":"product_cat","embeddable":true,"href":"https:\/\/roveyayinevi.com.tr\/index.php\/wp-json\/wp\/v2\/product_cat?post=712658"},{"taxonomy":"product_tag","embeddable":true,"href":"https:\/\/roveyayinevi.com.tr\/index.php\/wp-json\/wp\/v2\/product_tag?post=712658"}],"curies":[{"name":"wp","href":"https:\/\/api.w.org\/{rel}","templated":true}]}}