{"id":712657,"date":"2025-08-27T16:58:24","date_gmt":"2025-08-27T13:58:24","guid":{"rendered":"https:\/\/roveyayinevi.com.tr\/index.php\/urun\/damdaki-kemanci\/"},"modified":"2026-04-16T02:21:04","modified_gmt":"2026-04-15T23:21:04","slug":"damdaki-kemanci","status":"publish","type":"product","link":"https:\/\/roveyayinevi.com.tr\/index.php\/urun\/damdaki-kemanci\/","title":{"rendered":"Damdaki Kemanc\u0131"},"content":{"rendered":"<p>S\u00fct\u00e7\u00fc Tevye ve K\u0131zlar\u0131 1859\u2019da Ukrayna\u2019da do\u011fan \u015eolem Aleyhem, b\u00fct\u00fcn d\u00fcnyada Damdaki Kemanc\u0131 kitab\u0131yla tan\u0131nm\u0131\u015ft\u0131r. Ayn\u0131 addaki \u00fcnl\u00fc m\u00fczikale de esin kayna\u011f\u0131 olan bu eser, Rusya\u2019da k\u00fc\u00e7\u00fck bir Yahudi kasabas\u0131nda ya\u015fayan S\u00fct\u00e7\u00fc Tevye\u2019nin kendi geleneklerini korumak istemesinin ve de\u011fi\u015fen d\u00fcnyaya ayak uyduramamas\u0131n\u0131n \u00f6yk\u00fcs\u00fcd\u00fcr. Tevye\u2019nin b\u00fcy\u00fck k\u0131z\u0131 babas\u0131n\u0131n se\u00e7ti\u011fi varl\u0131kl\u0131 kasap yerine fakir bir terziyle evlenmek istemektedir\u2026 S\u00fct\u00e7\u00fc Tevye\u2019nin \u00e7ilesi bununla bitmez. S\u0131rada di\u011fer k\u0131zlar\u0131 da vard\u0131r. <\/p>\n","protected":false},"excerpt":{"rendered":"<p>S\u00fct\u00e7\u00fc Tevye ve K\u0131zlar\u0131 1859\u2019da Ukrayna\u2019da do\u011fan \u015eolem Aleyhem, b\u00fct\u00fcn d\u00fcnyada Damdaki Kemanc\u0131 kitab\u0131yla tan\u0131nm\u0131\u015ft\u0131r. Ayn\u0131 addaki \u00fcnl\u00fc m\u00fczikale de esin kayna\u011f\u0131 olan bu eser, Rusya\u2019da<span class=\"excerpt-hellip\"> [\u2026]<\/span><\/p>\n","protected":false},"featured_media":0,"template":"","meta":{"_monsterinsights_skip_tracking":false,"_monsterinsights_sitenote_active":false,"_monsterinsights_sitenote_note":"","_monsterinsights_sitenote_category":0},"product_brand":[],"product_cat":[12291,13872],"product_tag":[],"class_list":{"0":"post-712657","1":"product","2":"type-product","3":"status-publish","5":"product_cat-edebiyat","6":"product_cat-klasikler","7":"pa_cilt-ciltsiz","8":"pa_tur-kitap","9":"pa_yayinevi-remzi-kitabevi","10":"pa_yazar-solem-aleyhem","12":"first","13":"instock","14":"sale","15":"shipping-taxable","16":"purchasable","17":"product-type-simple"},"_links":{"self":[{"href":"https:\/\/roveyayinevi.com.tr\/index.php\/wp-json\/wp\/v2\/product\/712657","targetHints":{"allow":["GET"]}}],"collection":[{"href":"https:\/\/roveyayinevi.com.tr\/index.php\/wp-json\/wp\/v2\/product"}],"about":[{"href":"https:\/\/roveyayinevi.com.tr\/index.php\/wp-json\/wp\/v2\/types\/product"}],"wp:attachment":[{"href":"https:\/\/roveyayinevi.com.tr\/index.php\/wp-json\/wp\/v2\/media?parent=712657"}],"wp:term":[{"taxonomy":"product_brand","embeddable":true,"href":"https:\/\/roveyayinevi.com.tr\/index.php\/wp-json\/wp\/v2\/product_brand?post=712657"},{"taxonomy":"product_cat","embeddable":true,"href":"https:\/\/roveyayinevi.com.tr\/index.php\/wp-json\/wp\/v2\/product_cat?post=712657"},{"taxonomy":"product_tag","embeddable":true,"href":"https:\/\/roveyayinevi.com.tr\/index.php\/wp-json\/wp\/v2\/product_tag?post=712657"}],"curies":[{"name":"wp","href":"https:\/\/api.w.org\/{rel}","templated":true}]}}