{"id":712656,"date":"2025-08-27T16:58:23","date_gmt":"2025-08-27T13:58:23","guid":{"rendered":"https:\/\/roveyayinevi.com.tr\/index.php\/urun\/yabaniler\/"},"modified":"2025-11-22T04:34:03","modified_gmt":"2025-11-22T01:34:03","slug":"yabaniler","status":"publish","type":"product","link":"https:\/\/roveyayinevi.com.tr\/index.php\/urun\/yabaniler\/","title":{"rendered":"Yabaniler"},"content":{"rendered":"<p>Rivka, b\u00fcy\u00fc g\u00fcc\u00fcne sahip Kasirlerden biri ve \u00f6nemli bir el\u00e7inin k\u0131z\u0131yd\u0131. Ama bir s\u0131r sakl\u0131yordu: eskiden bir ikiz karde\u015fi vard\u0131. Arik. Arik b\u00fcy\u00fc s\u0131nav\u0131ndan ge\u00e7emeyince h\u00fck\u00fcmet onu \u201cyabani\u201d ilan etti, onu evinden uzakla\u015ft\u0131r\u0131p b\u00fcy\u00fc g\u00fcc\u00fc olmayan bir aileye evlatl\u0131k verdi. Art\u0131k \u00f6z anne-babas\u0131 ve karde\u015fiyle ileti\u015fim kurmas\u0131 bile yasakt\u0131. Rivka\u2019dan da Arik hi\u00e7 varolmam\u0131\u015f gibi davranmas\u0131 bekleniyordu. Ama Rivka ikiz karde\u015fini unutmay\u0131 asla kabul etmedi. Her \u015feyini \u2013babas\u0131n\u0131, arkada\u015flar\u0131n\u0131, hatta \u00f6zg\u00fcrl\u00fc\u011f\u00fcn\u00fc\u2013 kaybedece\u011fini bilse bile Arik\u2019i bulmakta kararl\u0131yd\u0131. Yeni ke\u015ffetmeye ba\u015flad\u0131\u011f\u0131 b\u00fcy\u00fc g\u00fcc\u00fc ve karde\u015fine olan sevgisi d\u0131\u015f\u0131nda hi\u00e7bir \u015feyi yoktu. Onu bulsa bile bir araya gelebilecekler miydi? \ufffcTan\u0131t\u0131m Metni<\/p>\n","protected":false},"excerpt":{"rendered":"<p>Rivka, b\u00fcy\u00fc g\u00fcc\u00fcne sahip Kasirlerden biri ve \u00f6nemli bir el\u00e7inin k\u0131z\u0131yd\u0131. Ama bir s\u0131r sakl\u0131yordu: eskiden bir ikiz karde\u015fi vard\u0131. Arik. Arik b\u00fcy\u00fc s\u0131nav\u0131ndan ge\u00e7emeyince h\u00fck\u00fcmet<span class=\"excerpt-hellip\"> [\u2026]<\/span><\/p>\n","protected":false},"featured_media":0,"template":"","meta":{"_monsterinsights_skip_tracking":false,"_monsterinsights_sitenote_active":false,"_monsterinsights_sitenote_note":"","_monsterinsights_sitenote_category":0},"product_brand":[],"product_cat":[12291,14777],"product_tag":[],"class_list":{"0":"post-712656","1":"product","2":"type-product","3":"status-publish","5":"product_cat-edebiyat","6":"product_cat-fantastik","7":"pa_cilt-ciltsiz","8":"pa_tur-kitap","9":"pa_yayinevi-kirmizi-kedi-yayinevi","10":"pa_yazar-eleanor-glewwe","12":"first","13":"instock","14":"sale","15":"shipping-taxable","16":"purchasable","17":"product-type-simple"},"_links":{"self":[{"href":"https:\/\/roveyayinevi.com.tr\/index.php\/wp-json\/wp\/v2\/product\/712656","targetHints":{"allow":["GET"]}}],"collection":[{"href":"https:\/\/roveyayinevi.com.tr\/index.php\/wp-json\/wp\/v2\/product"}],"about":[{"href":"https:\/\/roveyayinevi.com.tr\/index.php\/wp-json\/wp\/v2\/types\/product"}],"wp:attachment":[{"href":"https:\/\/roveyayinevi.com.tr\/index.php\/wp-json\/wp\/v2\/media?parent=712656"}],"wp:term":[{"taxonomy":"product_brand","embeddable":true,"href":"https:\/\/roveyayinevi.com.tr\/index.php\/wp-json\/wp\/v2\/product_brand?post=712656"},{"taxonomy":"product_cat","embeddable":true,"href":"https:\/\/roveyayinevi.com.tr\/index.php\/wp-json\/wp\/v2\/product_cat?post=712656"},{"taxonomy":"product_tag","embeddable":true,"href":"https:\/\/roveyayinevi.com.tr\/index.php\/wp-json\/wp\/v2\/product_tag?post=712656"}],"curies":[{"name":"wp","href":"https:\/\/api.w.org\/{rel}","templated":true}]}}