{"id":712655,"date":"2025-08-27T16:58:22","date_gmt":"2025-08-27T13:58:22","guid":{"rendered":"https:\/\/roveyayinevi.com.tr\/index.php\/urun\/minyaturlerle-osmanli-islam-mitologyasi\/"},"modified":"2026-04-16T02:21:04","modified_gmt":"2026-04-15T23:21:04","slug":"minyaturlerle-osmanli-islam-mitologyasi","status":"publish","type":"product","link":"https:\/\/roveyayinevi.com.tr\/index.php\/urun\/minyaturlerle-osmanli-islam-mitologyasi\/","title":{"rendered":"Minyat\u00fcrlerle Osmanl\u0131 \u0130slam Mitologyas\u0131"},"content":{"rendered":"<p>Minyat\u00fcrlerle Osmanl\u0131-\u0130slam Mitologyas\u0131, dini konularla ilgili kitaplar i\u00e7in yap\u0131lm\u0131\u015f minyat\u00fcrlerden yola \u00e7\u0131k\u0131larak haz\u0131rlanm\u0131\u015f &#8220;Minyat\u00fcr&#8221;, &#8220;Osmanl\u0131-\u0130slam&#8221; ve &#8220;Mitologya&#8221; kavramlar\u0131n\u0131 bulu\u015fturan ilk ve tek monografidir. d\u00fcnyan\u0131n d\u00f6rt bir yan\u0131ndaki k\u00fct\u00fcphanelerde bu t\u00fcr yazma eserleri altm\u0131\u015f y\u0131la yak\u0131n bir s\u00fcredir ara\u015ft\u0131r\u0131p inceleyen Metin And, haz\u0131rlad\u0131\u011f\u0131 bu kitapta genel olarak mitologya kavram\u0131 \u00fczerinde durmu\u015f da\u011flar, a\u011fa\u00e7lar, kuyular, kutsal sular, evrenin yarad\u0131l\u0131\u015f\u0131, ilk insan tufan, Hz. Adem&#8217;den Hz. Nuhammed&#8217;e var\u0131ncaya kadar peygamberler ve mucizeleri, mah\u015fer ve ahiret, melekler, \u015feytanlar, cinler ve \u00f6nemli yarat\u0131klar, bur\u00e7lar, gezegenler, On \u0130ki \u0130mam, Kerbela-Taziye-Maktel, ulu ki\u015filer mitologyas\u0131, a\u015fk hikayeleri gibi konularda minyat\u00fcrler e\u015fli\u011finde bir k\u00fclt\u00fcrel arkeoloji denemesine giri\u015fmi\u015ftir. Ba\u015fta Osmanl\u0131 ve \u0130ran olmak \u00fczere \u0130slam tasvir sanat\u0131ndaki resmetme anlay\u0131\u015f\u0131n\u0131n temelinde yatan ho\u015fg\u00f6r\u00fcy\u00fc arayan ve verilen her \u00f6rnekte bunun izlerini, sonu\u00e7lar\u0131n\u0131 bulmam\u0131za yard\u0131m eden, T.S Halman&#8217;\u0131n deyimiyle yazar\u0131n bilim ya\u015fam\u0131n\u0131n doru\u011fu say\u0131labilecek Minyat\u00fcrlerle Osmanl\u0131-\u0130slam Mitogyas\u0131, bu kez 50 kadar yeni minyat\u00fcr eklenerek yay\u0131mlan\u0131yor.<\/p>\n","protected":false},"excerpt":{"rendered":"<p>Minyat\u00fcrlerle Osmanl\u0131-\u0130slam Mitologyas\u0131, dini konularla ilgili kitaplar i\u00e7in yap\u0131lm\u0131\u015f minyat\u00fcrlerden yola \u00e7\u0131k\u0131larak haz\u0131rlanm\u0131\u015f &#8220;Minyat\u00fcr&#8221;, &#8220;Osmanl\u0131-\u0130slam&#8221; ve &#8220;Mitologya&#8221; kavramlar\u0131n\u0131 bulu\u015fturan ilk ve tek monografidir. d\u00fcnyan\u0131n d\u00f6rt bir<span class=\"excerpt-hellip\"> [\u2026]<\/span><\/p>\n","protected":false},"featured_media":0,"template":"","meta":{"_monsterinsights_skip_tracking":false,"_monsterinsights_sitenote_active":false,"_monsterinsights_sitenote_note":"","_monsterinsights_sitenote_category":0},"product_brand":[],"product_cat":[12312,12304],"product_tag":[],"class_list":{"0":"post-712655","1":"product","2":"type-product","3":"status-publish","5":"product_cat-diger","6":"product_cat-tarih","7":"pa_cilt-ciltsiz","8":"pa_tur-kitap","9":"pa_yayinevi-yapi-kredi-yayinlari","10":"pa_yazar-metin-and","12":"first","13":"instock","14":"sale","15":"shipping-taxable","16":"purchasable","17":"product-type-simple"},"_links":{"self":[{"href":"https:\/\/roveyayinevi.com.tr\/index.php\/wp-json\/wp\/v2\/product\/712655","targetHints":{"allow":["GET"]}}],"collection":[{"href":"https:\/\/roveyayinevi.com.tr\/index.php\/wp-json\/wp\/v2\/product"}],"about":[{"href":"https:\/\/roveyayinevi.com.tr\/index.php\/wp-json\/wp\/v2\/types\/product"}],"wp:attachment":[{"href":"https:\/\/roveyayinevi.com.tr\/index.php\/wp-json\/wp\/v2\/media?parent=712655"}],"wp:term":[{"taxonomy":"product_brand","embeddable":true,"href":"https:\/\/roveyayinevi.com.tr\/index.php\/wp-json\/wp\/v2\/product_brand?post=712655"},{"taxonomy":"product_cat","embeddable":true,"href":"https:\/\/roveyayinevi.com.tr\/index.php\/wp-json\/wp\/v2\/product_cat?post=712655"},{"taxonomy":"product_tag","embeddable":true,"href":"https:\/\/roveyayinevi.com.tr\/index.php\/wp-json\/wp\/v2\/product_tag?post=712655"}],"curies":[{"name":"wp","href":"https:\/\/api.w.org\/{rel}","templated":true}]}}