{"id":712654,"date":"2025-08-27T16:58:22","date_gmt":"2025-08-27T13:58:22","guid":{"rendered":"https:\/\/roveyayinevi.com.tr\/index.php\/urun\/burokrasiname-yeni-sistem-yeni-burokrasi-sorunlar-tespitler-oneriler\/"},"modified":"2026-04-16T02:21:04","modified_gmt":"2026-04-15T23:21:04","slug":"burokrasiname-yeni-sistem-yeni-burokrasi-sorunlar-tespitler-oneriler","status":"publish","type":"product","link":"https:\/\/roveyayinevi.com.tr\/index.php\/urun\/burokrasiname-yeni-sistem-yeni-burokrasi-sorunlar-tespitler-oneriler\/","title":{"rendered":"B\u00fcrokrasiname &#8211; Yeni Sistem, Yeni B\u00fcrokrasi: Sorunlar, Tespitler, \u00d6neriler"},"content":{"rendered":"<p>\u0130yi i\u015fleyen bir b\u00fcrokrasi, sadece kamu sekt\u00f6r\u00fc i\u00e7in de\u011fil, sivil toplum, akademya ve \u00f6zel sekt\u00f6r i\u00e7in de zorunluluktur. Belirli bir i\u015fleyi\u015f d\u00fczeni olmadan herhangi bir i\u015fin etkin ve verimli bir \u015fekilde bitirilebilmesi d\u00fc\u015f\u00fcn\u00fclemez. Bu nedenle bu \u00e7al\u0131\u015fmadaki \u00f6neriler, b\u00fcrokraside her \u015feyin k\u00f6t\u00fc oldu\u011fu \u015feklinde de\u011fil, d\u00fczeltilmesi gereken eksiklikler olarak de\u011ferlendirilmelidir.\u00c7al\u0131\u015fman\u0131n hedef kitlesi do\u011fal olarak \u00f6ncelikle b\u00fcrokratlar, siyaset\u00e7iler, bilim insanlar\u0131, ara\u015ft\u0131rmac\u0131lar, \u00f6\u011frenciler, \u00f6zel sekt\u00f6r ve sivil toplum \u00e7al\u0131\u015fanlar\u0131, b\u00fcrokrat olmay\u0131 d\u00fc\u015f\u00fcnenler ile b\u00fcrokratik mekanizmam\u0131z\u0131 sadece ele\u015ftirmenin \u00f6tesinde anlamaya \u00e7al\u0131\u015fanlar ve daha iyi i\u015fleyen bir sisteme dair sorumluluk hisseden herkestir. <\/p>\n","protected":false},"excerpt":{"rendered":"<p>\u0130yi i\u015fleyen bir b\u00fcrokrasi, sadece kamu sekt\u00f6r\u00fc i\u00e7in de\u011fil, sivil toplum, akademya ve \u00f6zel sekt\u00f6r i\u00e7in de zorunluluktur. Belirli bir i\u015fleyi\u015f d\u00fczeni olmadan herhangi bir i\u015fin<span class=\"excerpt-hellip\"> [\u2026]<\/span><\/p>\n","protected":false},"featured_media":0,"template":"","meta":{"_monsterinsights_skip_tracking":false,"_monsterinsights_sitenote_active":false,"_monsterinsights_sitenote_note":"","_monsterinsights_sitenote_category":0},"product_brand":[],"product_cat":[15351,15350],"product_tag":[],"class_list":{"0":"post-712654","1":"product","2":"type-product","3":"status-publish","5":"product_cat-ders-kitaplari","6":"product_cat-hukuk","7":"pa_cilt-ciltsiz","8":"pa_tur-kitap","9":"pa_yayinevi-liberte-yayinlari","10":"pa_yazar-kudret-bulbul","12":"first","13":"instock","14":"sale","15":"shipping-taxable","16":"purchasable","17":"product-type-simple"},"_links":{"self":[{"href":"https:\/\/roveyayinevi.com.tr\/index.php\/wp-json\/wp\/v2\/product\/712654","targetHints":{"allow":["GET"]}}],"collection":[{"href":"https:\/\/roveyayinevi.com.tr\/index.php\/wp-json\/wp\/v2\/product"}],"about":[{"href":"https:\/\/roveyayinevi.com.tr\/index.php\/wp-json\/wp\/v2\/types\/product"}],"wp:attachment":[{"href":"https:\/\/roveyayinevi.com.tr\/index.php\/wp-json\/wp\/v2\/media?parent=712654"}],"wp:term":[{"taxonomy":"product_brand","embeddable":true,"href":"https:\/\/roveyayinevi.com.tr\/index.php\/wp-json\/wp\/v2\/product_brand?post=712654"},{"taxonomy":"product_cat","embeddable":true,"href":"https:\/\/roveyayinevi.com.tr\/index.php\/wp-json\/wp\/v2\/product_cat?post=712654"},{"taxonomy":"product_tag","embeddable":true,"href":"https:\/\/roveyayinevi.com.tr\/index.php\/wp-json\/wp\/v2\/product_tag?post=712654"}],"curies":[{"name":"wp","href":"https:\/\/api.w.org\/{rel}","templated":true}]}}