{"id":712653,"date":"2025-08-27T16:58:21","date_gmt":"2025-08-27T13:58:21","guid":{"rendered":"https:\/\/roveyayinevi.com.tr\/index.php\/urun\/kultur-kurami\/"},"modified":"2026-04-16T02:21:04","modified_gmt":"2026-04-15T23:21:04","slug":"kultur-kurami","status":"publish","type":"product","link":"https:\/\/roveyayinevi.com.tr\/index.php\/urun\/kultur-kurami\/","title":{"rendered":"K\u00fclt\u00fcr Kuram\u0131"},"content":{"rendered":"<p>Nermi Uygur&#8217;un (1925-2005) ilk kez 1985&#8217;te yay\u0131mlanan bu kitab\u0131nda on yaz\u0131 yer al\u0131yor. K\u00fclt\u00fcr alanlar\u0131n\u0131n dil, e\u011fitim, ahlak, tarih felsefesi&#8230; gibi en \u00f6nemlilerine ili\u015fkin bu yaz\u0131lardan: &#8220;Dil, K\u00fclt\u00fcr ve E\u011fitim&#8221;, &#8220;T\u00fcrk Dilinin Felfesi&#8221;, &#8220;Marcel&#8217;de Ben-Sen Ba\u011f\u0131&#8221; ve &#8220;Ahlak\u0131n Bilimce Temellendirilmesi Sorunu&#8221;, y\u0131llar \u00f6nce yurtd\u0131\u015f\u0131na yay\u0131mlanm\u0131\u015ft\u0131. Hala korudu\u011fu \u00f6nemi, geli\u015ftirdi\u011fi yan\u0131t denemeleri kadar, sordu\u011fu sorular\u0131n da \u00f6zg\u00fcnl\u00fc\u011f\u00fcnde yatan bu kitab\u0131, &#8220;Dil geli\u015fiminin gerekli k\u0131ld\u0131\u011f\u0131 dokunu\u015flar&#8221;: \u00e7ok ufak bir-iki s\u00f6zc\u00fck ve yaz\u0131m &#8220;yenileme&#8221;si d\u0131\u015f\u0131nda, &#8220;elde\u011fmeden&#8221; sunuyoruz. <\/p>\n","protected":false},"excerpt":{"rendered":"<p>Nermi Uygur&#8217;un (1925-2005) ilk kez 1985&#8217;te yay\u0131mlanan bu kitab\u0131nda on yaz\u0131 yer al\u0131yor. K\u00fclt\u00fcr alanlar\u0131n\u0131n dil, e\u011fitim, ahlak, tarih felsefesi&#8230; gibi en \u00f6nemlilerine ili\u015fkin bu yaz\u0131lardan:<span class=\"excerpt-hellip\"> [\u2026]<\/span><\/p>\n","protected":false},"featured_media":0,"template":"","meta":{"_monsterinsights_skip_tracking":false,"_monsterinsights_sitenote_active":false,"_monsterinsights_sitenote_note":"","_monsterinsights_sitenote_category":0},"product_brand":[],"product_cat":[13633,12324],"product_tag":[],"class_list":{"0":"post-712653","1":"product","2":"type-product","3":"status-publish","5":"product_cat-kultur-ve-bilim","6":"product_cat-sosyoloji","7":"pa_cilt-ciltsiz","8":"pa_tur-kitap","9":"pa_yayinevi-yapi-kredi-yayinlari","10":"pa_yazar-nermi-uygur","12":"first","13":"instock","14":"sale","15":"shipping-taxable","16":"purchasable","17":"product-type-simple"},"_links":{"self":[{"href":"https:\/\/roveyayinevi.com.tr\/index.php\/wp-json\/wp\/v2\/product\/712653","targetHints":{"allow":["GET"]}}],"collection":[{"href":"https:\/\/roveyayinevi.com.tr\/index.php\/wp-json\/wp\/v2\/product"}],"about":[{"href":"https:\/\/roveyayinevi.com.tr\/index.php\/wp-json\/wp\/v2\/types\/product"}],"wp:attachment":[{"href":"https:\/\/roveyayinevi.com.tr\/index.php\/wp-json\/wp\/v2\/media?parent=712653"}],"wp:term":[{"taxonomy":"product_brand","embeddable":true,"href":"https:\/\/roveyayinevi.com.tr\/index.php\/wp-json\/wp\/v2\/product_brand?post=712653"},{"taxonomy":"product_cat","embeddable":true,"href":"https:\/\/roveyayinevi.com.tr\/index.php\/wp-json\/wp\/v2\/product_cat?post=712653"},{"taxonomy":"product_tag","embeddable":true,"href":"https:\/\/roveyayinevi.com.tr\/index.php\/wp-json\/wp\/v2\/product_tag?post=712653"}],"curies":[{"name":"wp","href":"https:\/\/api.w.org\/{rel}","templated":true}]}}