{"id":712652,"date":"2025-08-27T16:58:21","date_gmt":"2025-08-27T13:58:21","guid":{"rendered":"https:\/\/roveyayinevi.com.tr\/index.php\/urun\/masumiyet-ya-da-ozel-iliski\/"},"modified":"2026-02-03T02:33:42","modified_gmt":"2026-02-02T23:33:42","slug":"masumiyet-ya-da-ozel-iliski","status":"publish","type":"product","link":"https:\/\/roveyayinevi.com.tr\/index.php\/urun\/masumiyet-ya-da-ozel-iliski\/","title":{"rendered":"Masumiyet ya da \u00d6zel \u0130li\u015fki"},"content":{"rendered":"<p>\u00c7a\u011fda\u015f \u0130ngiliz edebiyat\u0131n\u0131n en \u00f6nemli yazarlar\u0131ndan Ian McEwan, ger\u00e7ek bir olaya yaslanan, psikolojik gerilim olan Masumiyet\u2019te bir insan\u0131n s\u0131ra d\u0131\u015f\u0131 \u015fartlarda var olu\u015funu ve bu uyan\u0131\u015f\u0131n beraberinde getirdi\u011fi karma\u015fa ve \u00e7alkant\u0131lar\u0131 g\u00f6zler \u00f6n\u00fcne seriyor. II. D\u00fcnya Sava\u015f\u0131 sonras\u0131 Berlin\u2019de sava\u015f yer alt\u0131nda devam ediyor. \u0130ngiliz ve Amerikan gizli servisleri, Sovyet hatlar\u0131na s\u0131zmak i\u00e7in dev bir t\u00fcnel projesini ortakla\u015fa y\u00fcr\u00fct\u00fcyor. Tarihte \u201cAlt\u0131n Operasyon\u201d olarak bilinen bu projede \u00e7al\u0131\u015fmak \u00fczere Berlin\u2019e giden \u00e7ekingen ve \u201cmasum\u201d bir \u0130ngiliz, b\u00f6ylece d\u0131\u015f d\u00fcnyaya ilk ad\u0131m\u0131n\u0131 at\u0131yor. \ufffcTan\u0131t\u0131m Metni<\/p>\n","protected":false},"excerpt":{"rendered":"<p>\u00c7a\u011fda\u015f \u0130ngiliz edebiyat\u0131n\u0131n en \u00f6nemli yazarlar\u0131ndan Ian McEwan, ger\u00e7ek bir olaya yaslanan, psikolojik gerilim olan Masumiyet\u2019te bir insan\u0131n s\u0131ra d\u0131\u015f\u0131 \u015fartlarda var olu\u015funu ve bu uyan\u0131\u015f\u0131n<span class=\"excerpt-hellip\"> [\u2026]<\/span><\/p>\n","protected":false},"featured_media":0,"template":"","meta":{"_monsterinsights_skip_tracking":false,"_monsterinsights_sitenote_active":false,"_monsterinsights_sitenote_note":"","_monsterinsights_sitenote_category":0},"product_brand":[],"product_cat":[12291,12711],"product_tag":[],"class_list":{"0":"post-712652","1":"product","2":"type-product","3":"status-publish","5":"product_cat-edebiyat","6":"product_cat-roman-oyku","7":"pa_cilt-ciltsiz","8":"pa_tur-kitap","9":"pa_yayinevi-yapi-kredi-yayinlari","10":"pa_yazar-ian-mcewan","12":"first","13":"instock","14":"sale","15":"shipping-taxable","16":"purchasable","17":"product-type-simple"},"_links":{"self":[{"href":"https:\/\/roveyayinevi.com.tr\/index.php\/wp-json\/wp\/v2\/product\/712652","targetHints":{"allow":["GET"]}}],"collection":[{"href":"https:\/\/roveyayinevi.com.tr\/index.php\/wp-json\/wp\/v2\/product"}],"about":[{"href":"https:\/\/roveyayinevi.com.tr\/index.php\/wp-json\/wp\/v2\/types\/product"}],"wp:attachment":[{"href":"https:\/\/roveyayinevi.com.tr\/index.php\/wp-json\/wp\/v2\/media?parent=712652"}],"wp:term":[{"taxonomy":"product_brand","embeddable":true,"href":"https:\/\/roveyayinevi.com.tr\/index.php\/wp-json\/wp\/v2\/product_brand?post=712652"},{"taxonomy":"product_cat","embeddable":true,"href":"https:\/\/roveyayinevi.com.tr\/index.php\/wp-json\/wp\/v2\/product_cat?post=712652"},{"taxonomy":"product_tag","embeddable":true,"href":"https:\/\/roveyayinevi.com.tr\/index.php\/wp-json\/wp\/v2\/product_tag?post=712652"}],"curies":[{"name":"wp","href":"https:\/\/api.w.org\/{rel}","templated":true}]}}