{"id":712650,"date":"2025-08-27T16:58:20","date_gmt":"2025-08-27T13:58:20","guid":{"rendered":"https:\/\/roveyayinevi.com.tr\/index.php\/urun\/cogito-65-66-cinsel-yonelimler-ve-queer-kuram\/"},"modified":"2026-04-16T02:21:04","modified_gmt":"2026-04-15T23:21:04","slug":"cogito-65-66-cinsel-yonelimler-ve-queer-kuram","status":"publish","type":"product","link":"https:\/\/roveyayinevi.com.tr\/index.php\/urun\/cogito-65-66-cinsel-yonelimler-ve-queer-kuram\/","title":{"rendered":"Cogito 65-66: Cinsel Y\u00f6nelimler ve Queer Kuram"},"content":{"rendered":"<p>\u00dc\u00e7 ayl\u0131k d\u00fc\u015f\u00fcnce dergisi Cogito&#8217;nun 65-66. say\u0131s\u0131n\u0131n konusu &#8220;Cinsel Y\u00f6nelimler ve Queer Kuram&#8221;. Cogito&#8217;nun bu say\u0131s\u0131 heteroseks\u00fcel hegemonyan\u0131n buyruklar\u0131n\u0131 reddeden ve sadece gay ve lezbiyen kimliklerle s\u0131n\u0131rland\u0131r\u0131lamayacak olan queer pratiklere ve queer kurama dair metinlerden olu\u015fuyor. Queer kurama dair metinlerde queer \u00f6znelli\u011fi, queer kuram \u00e7al\u0131\u015fmalar\u0131, homofobi, queer eti\u011fi, heteroseks\u00fcel matris vb. konular Judith Butler, Michel Foucault gibi akademisyenlerin \u00e7al\u0131\u015fmalar\u0131 \u00fczerinden tart\u0131\u015fmaya a\u00e7\u0131l\u0131yor. Judith Butler&#8217;\u0131n Bodies That Matter (Maddele\u015fen \/ Sorunla\u015fan Bedenler) kitab\u0131n\u0131n ilk b\u00f6l\u00fcm\u00fcn\u00fcn \u00e7evirisinin de yer ald\u0131\u011f\u0131 say\u0131ya Claire Colebrook, Zeynep Direk, Lee Edelman, Elizabeth Grosz, Selin Berghan, Hande \u00d6\u011f\u00fct, Selim S. Kuru, Melek G\u00f6regenli, Morgan Holmes, Hande Birkalan-Gedik, Sel\u00e7uk Candansayar ve katk\u0131da bulundu. 472 sayfal\u0131k Cinsel Y\u00f6nelimler ve Queer Kuram say\u0131s\u0131, e\u015fcinsel hareketin T\u00fcrkiye seyri, e\u015fcinsel aktivizmi, psikanalizin ve t\u0131bb\u0131n escinselli\u011fe yakla\u015f\u0131m\u0131, interseks\u00fcellik, nefret su\u00e7lar\u0131 \u00fczerine makalelerle birlikte T\u00fcrk\u00e7ede bu konuda yay\u0131mlanm\u0131\u015f en kapsaml\u0131 se\u00e7kilerden biri. Bu say\u0131da ayr\u0131ca May\u0131s 2010&#8217;da bir konferans i\u00e7in T\u00fcrkiye&#8217;ye gelen Julia Kristeva&#8217;yla yap\u0131lm\u0131\u015f bir s\u00f6yle\u015fi de yer al\u0131yor. \ufffcTan\u0131t\u0131m Metni<\/p>\n","protected":false},"excerpt":{"rendered":"<p>\u00dc\u00e7 ayl\u0131k d\u00fc\u015f\u00fcnce dergisi Cogito&#8217;nun 65-66. say\u0131s\u0131n\u0131n konusu &#8220;Cinsel Y\u00f6nelimler ve Queer Kuram&#8221;. Cogito&#8217;nun bu say\u0131s\u0131 heteroseks\u00fcel hegemonyan\u0131n buyruklar\u0131n\u0131 reddeden ve sadece gay ve lezbiyen kimliklerle<span class=\"excerpt-hellip\"> [\u2026]<\/span><\/p>\n","protected":false},"featured_media":0,"template":"","meta":{"_monsterinsights_skip_tracking":false,"_monsterinsights_sitenote_active":false,"_monsterinsights_sitenote_note":"","_monsterinsights_sitenote_category":0},"product_brand":[],"product_cat":[12312,12304],"product_tag":[],"class_list":{"0":"post-712650","1":"product","2":"type-product","3":"status-publish","5":"product_cat-diger","6":"product_cat-tarih","7":"pa_cilt-ciltsiz","8":"pa_tur-dergi","9":"pa_yayinevi-yapi-kredi-yayinlari-dergi","10":"pa_yazar-kollektif","12":"first","13":"instock","14":"sale","15":"shipping-taxable","16":"purchasable","17":"product-type-simple"},"_links":{"self":[{"href":"https:\/\/roveyayinevi.com.tr\/index.php\/wp-json\/wp\/v2\/product\/712650","targetHints":{"allow":["GET"]}}],"collection":[{"href":"https:\/\/roveyayinevi.com.tr\/index.php\/wp-json\/wp\/v2\/product"}],"about":[{"href":"https:\/\/roveyayinevi.com.tr\/index.php\/wp-json\/wp\/v2\/types\/product"}],"wp:attachment":[{"href":"https:\/\/roveyayinevi.com.tr\/index.php\/wp-json\/wp\/v2\/media?parent=712650"}],"wp:term":[{"taxonomy":"product_brand","embeddable":true,"href":"https:\/\/roveyayinevi.com.tr\/index.php\/wp-json\/wp\/v2\/product_brand?post=712650"},{"taxonomy":"product_cat","embeddable":true,"href":"https:\/\/roveyayinevi.com.tr\/index.php\/wp-json\/wp\/v2\/product_cat?post=712650"},{"taxonomy":"product_tag","embeddable":true,"href":"https:\/\/roveyayinevi.com.tr\/index.php\/wp-json\/wp\/v2\/product_tag?post=712650"}],"curies":[{"name":"wp","href":"https:\/\/api.w.org\/{rel}","templated":true}]}}