{"id":712648,"date":"2025-08-27T16:58:19","date_gmt":"2025-08-27T13:58:19","guid":{"rendered":"https:\/\/roveyayinevi.com.tr\/index.php\/urun\/tolstoyun-yasami\/"},"modified":"2026-04-16T02:21:04","modified_gmt":"2026-04-15T23:21:04","slug":"tolstoyun-yasami","status":"publish","type":"product","link":"https:\/\/roveyayinevi.com.tr\/index.php\/urun\/tolstoyun-yasami\/","title":{"rendered":"Tolstoy&#8217;un Ya\u015fam\u0131"},"content":{"rendered":"<p>Tolstoy\u2019un Ya\u015fam\u0131, yazara b\u00fcy\u00fck hayranl\u0131k duyan ve onun yaz\u0131n ya\u015fam\u0131n\u0131 d\u00f6nemlere ay\u0131rma gere\u011fi duymadan b\u00fct\u00fcn\u00fc ile seven birinden, b\u00fcy\u00fck romanc\u0131 Romain Rolland\u2019dan ona bir selam. Tolstoy, her d\u00f6nemde oldu\u011fu gibi, on dokuzuncu y\u00fczy\u0131l sonras\u0131nda da herkesi eserleriyle birle\u015ftiriyor \u00e7\u00fcnk\u00fc. Her kesim-den insan onun evrenselli\u011finde birle\u015fiyor, onda ken-dini buluyor. Romain Rolland, Lev Nikolayevi\u00e7\u2019in ya\u015fam\u0131n\u0131 anlat\u0131rken, ona y\u00f6nelik iddialar\u0131 da ele al\u0131yor: Tolstoy ba\u015fkalar\u0131n\u0131n fikirlerinden etkilendi mi, kriz \u00f6ncesi ve sonras\u0131 diye iki kategoride de\u011ferlendirilebilir mi?..Tolstoy d\u00fc\u015f\u00fcncenin ayr\u0131cal\u0131kl\u0131 ki\u015filerine seslenmez, s\u0131radan ki\u015filere, iyi niyetli insanlara seslenir. Bizim bilincimizdir. Bizim, biz orta halli insanlar\u0131n, d\u00fc\u015f\u00fcnd\u00fc\u011f\u00fcm\u00fcz\u00fc, kendi i\u00e7imizde okumaktan korktu\u011fumuzu s\u00f6yler. Gururla dolup ta\u015fan bir \u00f6nder de\u011fildir bizim i\u00e7in, insanl\u0131\u011f\u0131n yukar\u0131s\u0131nda, sanatlar\u0131n\u0131n ve ar\u0131l\u0131klar\u0131n\u0131n taht\u0131nda oturan, ma\u011frur dehalardan de\u011fildir. Tolstoy \u2013mektuplar\u0131nda da kendini bu en g\u00fczel, en tatl\u0131 adla adland\u0131rmaktan ho\u015flan\u0131rd\u0131\u2013 bizim \u201ckarde\u015fimiz\u201ddir.\ufffc<\/p>\n","protected":false},"excerpt":{"rendered":"<p>Tolstoy\u2019un Ya\u015fam\u0131, yazara b\u00fcy\u00fck hayranl\u0131k duyan ve onun yaz\u0131n ya\u015fam\u0131n\u0131 d\u00f6nemlere ay\u0131rma gere\u011fi duymadan b\u00fct\u00fcn\u00fc ile seven birinden, b\u00fcy\u00fck romanc\u0131 Romain Rolland\u2019dan ona bir selam. Tolstoy,<span class=\"excerpt-hellip\"> [\u2026]<\/span><\/p>\n","protected":false},"featured_media":0,"template":"","meta":{"_monsterinsights_skip_tracking":false,"_monsterinsights_sitenote_active":false,"_monsterinsights_sitenote_note":"","_monsterinsights_sitenote_category":0},"product_brand":[],"product_cat":[14009,12291],"product_tag":[],"class_list":{"0":"post-712648","1":"product","2":"type-product","3":"status-publish","5":"product_cat-biyografi-otobiyografi-edebiyat","6":"product_cat-edebiyat","7":"pa_cilt-ciltsiz","8":"pa_tur-kitap","9":"pa_yayinevi-yapi-kredi-yayinlari","10":"pa_yazar-romain-rolland","12":"first","13":"instock","14":"sale","15":"shipping-taxable","16":"purchasable","17":"product-type-simple"},"_links":{"self":[{"href":"https:\/\/roveyayinevi.com.tr\/index.php\/wp-json\/wp\/v2\/product\/712648","targetHints":{"allow":["GET"]}}],"collection":[{"href":"https:\/\/roveyayinevi.com.tr\/index.php\/wp-json\/wp\/v2\/product"}],"about":[{"href":"https:\/\/roveyayinevi.com.tr\/index.php\/wp-json\/wp\/v2\/types\/product"}],"wp:attachment":[{"href":"https:\/\/roveyayinevi.com.tr\/index.php\/wp-json\/wp\/v2\/media?parent=712648"}],"wp:term":[{"taxonomy":"product_brand","embeddable":true,"href":"https:\/\/roveyayinevi.com.tr\/index.php\/wp-json\/wp\/v2\/product_brand?post=712648"},{"taxonomy":"product_cat","embeddable":true,"href":"https:\/\/roveyayinevi.com.tr\/index.php\/wp-json\/wp\/v2\/product_cat?post=712648"},{"taxonomy":"product_tag","embeddable":true,"href":"https:\/\/roveyayinevi.com.tr\/index.php\/wp-json\/wp\/v2\/product_tag?post=712648"}],"curies":[{"name":"wp","href":"https:\/\/api.w.org\/{rel}","templated":true}]}}