{"id":712643,"date":"2025-08-27T16:58:16","date_gmt":"2025-08-27T13:58:16","guid":{"rendered":"https:\/\/roveyayinevi.com.tr\/index.php\/urun\/kisa-sureli-grup-terapileri\/"},"modified":"2026-04-16T02:21:04","modified_gmt":"2026-04-15T23:21:04","slug":"kisa-sureli-grup-terapileri","status":"publish","type":"product","link":"https:\/\/roveyayinevi.com.tr\/index.php\/urun\/kisa-sureli-grup-terapileri\/","title":{"rendered":"K\u0131sa S\u00fcreli Grup Terapileri"},"content":{"rendered":"<p>Alan\u0131na \u00f6nc\u00fcl\u00fck eden psikiyatr ve yazar Irvin D. Yalom, bu kitab\u0131nda klinisyenler i\u00e7in akut psikiyatri servislerinde kullan\u0131lan grup terapisi tekniklerinden faydalanman\u0131n yeni yollar\u0131n\u0131 ortaya koyuyor ve hem seanslar\u0131n nas\u0131l yap\u0131land\u0131r\u0131lmas\u0131 gerekti\u011fini hem de hastalara verilmesi gereken deste\u011fin niteli\u011fini a\u00e7\u0131kl\u0131\u011fa kavu\u015fturuyor. Odak noktas\u0131n\u0131 \u201cburada-ve-\u015fimdi\u201dde tutarak, \u00fcst d\u00fczey ve alt d\u00fczey grubu olmak \u00fczere iki grup modelini irdelerken grup terapisinin \u00f6nemli noktalar\u0131na \u0131\u015f\u0131k tutuyor: Hastalara fayda sa\u011flamas\u0131 i\u00e7in grup terapisinin nas\u0131l yap\u0131land\u0131r\u0131lmas\u0131 gerekir? Hangi prensiplere uyulmal\u0131d\u0131r? Yatan hastalar ile ayakta tedavi g\u00f6ren hastalar aras\u0131nda ne t\u00fcr farklar vard\u0131r? Yatan hasta grubunun b\u00fcy\u00fckl\u00fc\u011f\u00fc, bile\u015fimi, seanslar\u0131n s\u0131kl\u0131\u011f\u0131 ve s\u00fcresi nas\u0131l olmal\u0131d\u0131r? Yatan hasta ortam\u0131n\u0131n gerektirdi\u011fi yap\u0131sal de\u011fi\u015fikliklerin, terapistin temel stratejisi ve teknikleri \u00fczerinde ne t\u00fcr etkileri vard\u0131r?Yalom\u2019un kendi klinik \u00e7al\u0131\u015fmalar\u0131ndan, ki\u015fisel g\u00f6zlemlerinden ve ara\u015ft\u0131rma literat\u00fcr\u00fcnden yola \u00e7\u0131karak kaleme ald\u0131\u011f\u0131 K\u0131sa S\u00fcreli Grup Terapileri, akut semptomlar sergileyen hastalar\u0131n yat\u0131\u015f\u0131n\u0131n ger\u00e7ekle\u015ftirildi\u011fi \u00e7a\u011fda\u015f psikiyatri servisleri i\u00e7in kapsaml\u0131 ve pratik bir rehber.\u201cYalom yine do\u011fru konuyu bulmu\u015f ve her zamanki detayl\u0131, anla\u015f\u0131l\u0131r, heyecan verici \u00fcslubuyla ele alm\u0131\u015f. Alan\u0131ndaki engin tecr\u00fcbesine dayanarak grup terapisini savunuyor. \u0130\u015fe yarayan teknikleri hasta-terapist etkile\u015fimine dair \u00f6rneklerle zenginle\u015ftirerek pratik bir rehber haline getirmi\u015f.\u201dDr. Marc Hertzman, George Washington \u00dcniversitesi\u201cGrup Psikoterapisinin Teori ve Prati\u011fi gibi bu kitap da k\u0131sa s\u00fcreli grup terapileri i\u00e7in klasik haline gelecek. Yatan hastalarla ilgilenen ya da onlar\u0131 tedavi eden t\u00fcm ak\u0131l sa\u011fl\u0131\u011f\u0131 profesyonelleri taraf\u0131ndan okunmas\u0131 gereken bir eser.\u201dProf. Dr. Ira D. Glick, Cornell \u00dcniversitesi <\/p>\n","protected":false},"excerpt":{"rendered":"<p>Alan\u0131na \u00f6nc\u00fcl\u00fck eden psikiyatr ve yazar Irvin D. Yalom, bu kitab\u0131nda klinisyenler i\u00e7in akut psikiyatri servislerinde kullan\u0131lan grup terapisi tekniklerinden faydalanman\u0131n yeni yollar\u0131n\u0131 ortaya koyuyor ve<span class=\"excerpt-hellip\"> [\u2026]<\/span><\/p>\n","protected":false},"featured_media":0,"template":"","meta":{"_monsterinsights_skip_tracking":false,"_monsterinsights_sitenote_active":false,"_monsterinsights_sitenote_note":"","_monsterinsights_sitenote_category":0},"product_brand":[],"product_cat":[20502,12357],"product_tag":[],"class_list":{"0":"post-712643","1":"product","2":"type-product","3":"status-publish","5":"product_cat-basvuru-kitaplari-psikoloji","6":"product_cat-psikoloji","7":"pa_cilt-ciltsiz","8":"pa_tur-kitap","9":"pa_yayinevi-pegasus-yayinlari","10":"pa_yazar-irvin-d-yalom","12":"first","13":"instock","14":"sale","15":"shipping-taxable","16":"purchasable","17":"product-type-simple"},"_links":{"self":[{"href":"https:\/\/roveyayinevi.com.tr\/index.php\/wp-json\/wp\/v2\/product\/712643","targetHints":{"allow":["GET"]}}],"collection":[{"href":"https:\/\/roveyayinevi.com.tr\/index.php\/wp-json\/wp\/v2\/product"}],"about":[{"href":"https:\/\/roveyayinevi.com.tr\/index.php\/wp-json\/wp\/v2\/types\/product"}],"wp:attachment":[{"href":"https:\/\/roveyayinevi.com.tr\/index.php\/wp-json\/wp\/v2\/media?parent=712643"}],"wp:term":[{"taxonomy":"product_brand","embeddable":true,"href":"https:\/\/roveyayinevi.com.tr\/index.php\/wp-json\/wp\/v2\/product_brand?post=712643"},{"taxonomy":"product_cat","embeddable":true,"href":"https:\/\/roveyayinevi.com.tr\/index.php\/wp-json\/wp\/v2\/product_cat?post=712643"},{"taxonomy":"product_tag","embeddable":true,"href":"https:\/\/roveyayinevi.com.tr\/index.php\/wp-json\/wp\/v2\/product_tag?post=712643"}],"curies":[{"name":"wp","href":"https:\/\/api.w.org\/{rel}","templated":true}]}}