{"id":712642,"date":"2025-08-27T16:58:16","date_gmt":"2025-08-27T13:58:16","guid":{"rendered":"https:\/\/roveyayinevi.com.tr\/index.php\/urun\/ozunde-herkes-iyidir\/"},"modified":"2026-04-16T02:21:04","modified_gmt":"2026-04-15T23:21:04","slug":"ozunde-herkes-iyidir","status":"publish","type":"product","link":"https:\/\/roveyayinevi.com.tr\/index.php\/urun\/ozunde-herkes-iyidir\/","title":{"rendered":"\u00d6z\u00fcnde Herkes \u0130yidir"},"content":{"rendered":"<p>\u00d6zlem renginde \u00d6zcan\u2019a\u2026Okuyorum kelimeleriniHepsi tan\u0131d\u0131kHepsi yabanc\u0131\u015eiirin can kat\u0131pCan al\u0131rkenKendimi kucakl\u0131yorumKa\u00e7arken kendimdenCesaret istermi\u015fHem de \u015fefkatlisinden Kim oldu\u011fumu bilemeyerek SevmekSevi\u015fmekKimsin demeden- G\u00fcnd\u00fcz Vassaf <\/p>\n","protected":false},"excerpt":{"rendered":"<p>\u00d6zlem renginde \u00d6zcan\u2019a\u2026Okuyorum kelimeleriniHepsi tan\u0131d\u0131kHepsi yabanc\u0131\u015eiirin can kat\u0131pCan al\u0131rkenKendimi kucakl\u0131yorumKa\u00e7arken kendimdenCesaret istermi\u015fHem de \u015fefkatlisinden Kim oldu\u011fumu bilemeyerek SevmekSevi\u015fmekKimsin demeden- G\u00fcnd\u00fcz Vassaf<\/p>\n","protected":false},"featured_media":0,"template":"","meta":{"_monsterinsights_skip_tracking":false,"_monsterinsights_sitenote_active":false,"_monsterinsights_sitenote_note":"","_monsterinsights_sitenote_category":0},"product_brand":[],"product_cat":[12291,12509],"product_tag":[],"class_list":{"0":"post-712642","1":"product","2":"type-product","3":"status-publish","5":"product_cat-edebiyat","6":"product_cat-siir","7":"pa_cilt-ciltsiz","8":"pa_tur-kitap","9":"pa_yayinevi-siyah-kugu","10":"pa_yazar-ozcan-tekdemir","12":"first","13":"instock","14":"sale","15":"shipping-taxable","16":"purchasable","17":"product-type-simple"},"_links":{"self":[{"href":"https:\/\/roveyayinevi.com.tr\/index.php\/wp-json\/wp\/v2\/product\/712642","targetHints":{"allow":["GET"]}}],"collection":[{"href":"https:\/\/roveyayinevi.com.tr\/index.php\/wp-json\/wp\/v2\/product"}],"about":[{"href":"https:\/\/roveyayinevi.com.tr\/index.php\/wp-json\/wp\/v2\/types\/product"}],"wp:attachment":[{"href":"https:\/\/roveyayinevi.com.tr\/index.php\/wp-json\/wp\/v2\/media?parent=712642"}],"wp:term":[{"taxonomy":"product_brand","embeddable":true,"href":"https:\/\/roveyayinevi.com.tr\/index.php\/wp-json\/wp\/v2\/product_brand?post=712642"},{"taxonomy":"product_cat","embeddable":true,"href":"https:\/\/roveyayinevi.com.tr\/index.php\/wp-json\/wp\/v2\/product_cat?post=712642"},{"taxonomy":"product_tag","embeddable":true,"href":"https:\/\/roveyayinevi.com.tr\/index.php\/wp-json\/wp\/v2\/product_tag?post=712642"}],"curies":[{"name":"wp","href":"https:\/\/api.w.org\/{rel}","templated":true}]}}