{"id":712641,"date":"2025-08-27T16:58:15","date_gmt":"2025-08-27T13:58:15","guid":{"rendered":"https:\/\/roveyayinevi.com.tr\/index.php\/urun\/esila\/"},"modified":"2026-04-16T02:21:04","modified_gmt":"2026-04-15T23:21:04","slug":"esila","status":"publish","type":"product","link":"https:\/\/roveyayinevi.com.tr\/index.php\/urun\/esila\/","title":{"rendered":"Esila"},"content":{"rendered":"<p>Esila&#8217;n\u0131n, y\u00fcre\u011fine de\u011fmesiyle i\u00e7 d\u00fcnyas\u0131nda tahterevalli kurulan \u0130hsan&#8230; Bir ucunda ak\u0131l bir ucunda y\u00fcrek&#8230;Kimi vakit akl\u0131n s\u00f6zleri a\u011f\u0131r basmakta kimi vakit y\u00fcre\u011fin&#8230;Her \u015fey yolunda giderken, bir g\u00fcn y\u00fcre\u011finize ayna olan g\u00f6zler kaybolursa ne yapars\u0131n\u0131z?Y\u00fcre\u011finizdeki a\u015fk da kaybolur mu?Yoksa a\u015fk m\u0131 sizi kaybeder?Kaderden ka\u00e7t\u0131\u011f\u0131n\u0131 d\u00fc\u015f\u00fcn\u00fcrken asl\u0131nda kendisi i\u00e7in takdir edilen ba\u015fka bir kaderi ya\u015famaya ba\u015flayan bir gen\u00e7le, o g\u00fcn\u00fcn ak\u015fam\u0131nda da\u011f ba\u015f\u0131ndaki barakada ge\u00e7mi\u015fini hat\u0131rlamayan bir gencin \u00e7aresizli\u011finin ad\u0131d\u0131r Esila.Esila, yolumuzun kesi\u015fti\u011fi, gizemli buldu\u011fumuz bir adam\u0131n g\u00f6n\u00fcl penceresinden hayata bakman\u0131n ad\u0131d\u0131r.Esila, belki de d\u00fcnyaya d\u00fc\u015fk\u00fcn nefsimizin \u0131\u015f\u0131\u011f\u0131ndan k\u00f6r olup y\u00fcrek semam\u0131zda g\u00f6remedi\u011fimiz y\u0131ld\u0131zlar\u0131 g\u00f6sterir bizlere&#8230; <\/p>\n","protected":false},"excerpt":{"rendered":"<p>Esila&#8217;n\u0131n, y\u00fcre\u011fine de\u011fmesiyle i\u00e7 d\u00fcnyas\u0131nda tahterevalli kurulan \u0130hsan&#8230; Bir ucunda ak\u0131l bir ucunda y\u00fcrek&#8230;Kimi vakit akl\u0131n s\u00f6zleri a\u011f\u0131r basmakta kimi vakit y\u00fcre\u011fin&#8230;Her \u015fey yolunda giderken, bir<span class=\"excerpt-hellip\"> [\u2026]<\/span><\/p>\n","protected":false},"featured_media":0,"template":"","meta":{"_monsterinsights_skip_tracking":false,"_monsterinsights_sitenote_active":false,"_monsterinsights_sitenote_note":"","_monsterinsights_sitenote_category":0},"product_brand":[],"product_cat":[12291,12711],"product_tag":[],"class_list":{"0":"post-712641","1":"product","2":"type-product","3":"status-publish","5":"product_cat-edebiyat","6":"product_cat-roman-oyku","7":"pa_cilt-ciltsiz","8":"pa_tur-kitap","9":"pa_yayinevi-nesil-yayinlari","10":"pa_yazar-halil-ibrahim-noyan","12":"first","13":"instock","14":"sale","15":"shipping-taxable","16":"purchasable","17":"product-type-simple"},"_links":{"self":[{"href":"https:\/\/roveyayinevi.com.tr\/index.php\/wp-json\/wp\/v2\/product\/712641","targetHints":{"allow":["GET"]}}],"collection":[{"href":"https:\/\/roveyayinevi.com.tr\/index.php\/wp-json\/wp\/v2\/product"}],"about":[{"href":"https:\/\/roveyayinevi.com.tr\/index.php\/wp-json\/wp\/v2\/types\/product"}],"wp:attachment":[{"href":"https:\/\/roveyayinevi.com.tr\/index.php\/wp-json\/wp\/v2\/media?parent=712641"}],"wp:term":[{"taxonomy":"product_brand","embeddable":true,"href":"https:\/\/roveyayinevi.com.tr\/index.php\/wp-json\/wp\/v2\/product_brand?post=712641"},{"taxonomy":"product_cat","embeddable":true,"href":"https:\/\/roveyayinevi.com.tr\/index.php\/wp-json\/wp\/v2\/product_cat?post=712641"},{"taxonomy":"product_tag","embeddable":true,"href":"https:\/\/roveyayinevi.com.tr\/index.php\/wp-json\/wp\/v2\/product_tag?post=712641"}],"curies":[{"name":"wp","href":"https:\/\/api.w.org\/{rel}","templated":true}]}}