{"id":712638,"date":"2025-08-27T16:58:13","date_gmt":"2025-08-27T13:58:13","guid":{"rendered":"https:\/\/roveyayinevi.com.tr\/index.php\/urun\/little-red-riding-hood-cdli\/"},"modified":"2026-04-16T02:21:04","modified_gmt":"2026-04-15T23:21:04","slug":"little-red-riding-hood-cdli","status":"publish","type":"product","link":"https:\/\/roveyayinevi.com.tr\/index.php\/urun\/little-red-riding-hood-cdli\/","title":{"rendered":"Little Red Riding Hood (Cd&#8217;li)"},"content":{"rendered":"<p>\u0130ngilizce okuma kitaplar\u0131 \u00e7ocuklar\u0131n ingilizce bilgisine g\u00f6re temel, orta, y\u00fcksek olmak \u00fczere d\u00f6rt de\u011fi\u015fik seviyeye g\u00f6re haz\u0131rlanm\u0131\u015ft\u0131r. Her kitaplar\u0131n ses CD&#8217;leri vard\u0131r. B\u00f6ylece \u00e7ocuklar \u0130ngilizceyi \u00f6\u011frenirken en do\u011fru telaffuzuyla \u00f6\u011frenebileceklerdir. \ufffcTan\u0131t\u0131m Metni<\/p>\n","protected":false},"excerpt":{"rendered":"<p>\u0130ngilizce okuma kitaplar\u0131 \u00e7ocuklar\u0131n ingilizce bilgisine g\u00f6re temel, orta, y\u00fcksek olmak \u00fczere d\u00f6rt de\u011fi\u015fik seviyeye g\u00f6re haz\u0131rlanm\u0131\u015ft\u0131r. Her kitaplar\u0131n ses CD&#8217;leri vard\u0131r. B\u00f6ylece \u00e7ocuklar \u0130ngilizceyi \u00f6\u011frenirken<span class=\"excerpt-hellip\"> [\u2026]<\/span><\/p>\n","protected":false},"featured_media":0,"template":"","meta":{"_monsterinsights_skip_tracking":false,"_monsterinsights_sitenote_active":false,"_monsterinsights_sitenote_note":"","_monsterinsights_sitenote_category":0},"product_brand":[],"product_cat":[12472],"product_tag":[],"class_list":{"0":"post-712638","1":"product","2":"type-product","3":"status-publish","5":"product_cat-yabanci-dilde-kitaplar","6":"pa_cilt-ciltsiz","7":"pa_tur-kitap","8":"pa_yayinevi-engin-yayinevi","9":"pa_yazar-kollektif","11":"first","12":"instock","13":"sale","14":"shipping-taxable","15":"purchasable","16":"product-type-simple"},"_links":{"self":[{"href":"https:\/\/roveyayinevi.com.tr\/index.php\/wp-json\/wp\/v2\/product\/712638","targetHints":{"allow":["GET"]}}],"collection":[{"href":"https:\/\/roveyayinevi.com.tr\/index.php\/wp-json\/wp\/v2\/product"}],"about":[{"href":"https:\/\/roveyayinevi.com.tr\/index.php\/wp-json\/wp\/v2\/types\/product"}],"wp:attachment":[{"href":"https:\/\/roveyayinevi.com.tr\/index.php\/wp-json\/wp\/v2\/media?parent=712638"}],"wp:term":[{"taxonomy":"product_brand","embeddable":true,"href":"https:\/\/roveyayinevi.com.tr\/index.php\/wp-json\/wp\/v2\/product_brand?post=712638"},{"taxonomy":"product_cat","embeddable":true,"href":"https:\/\/roveyayinevi.com.tr\/index.php\/wp-json\/wp\/v2\/product_cat?post=712638"},{"taxonomy":"product_tag","embeddable":true,"href":"https:\/\/roveyayinevi.com.tr\/index.php\/wp-json\/wp\/v2\/product_tag?post=712638"}],"curies":[{"name":"wp","href":"https:\/\/api.w.org\/{rel}","templated":true}]}}