{"id":712636,"date":"2025-08-27T16:58:03","date_gmt":"2025-08-27T13:58:03","guid":{"rendered":"https:\/\/roveyayinevi.com.tr\/index.php\/urun\/futbol-futsal-antrenmanin-bilimsel-temelleri\/"},"modified":"2026-04-16T02:21:04","modified_gmt":"2026-04-15T23:21:04","slug":"futbol-futsal-antrenmanin-bilimsel-temelleri","status":"publish","type":"product","link":"https:\/\/roveyayinevi.com.tr\/index.php\/urun\/futbol-futsal-antrenmanin-bilimsel-temelleri\/","title":{"rendered":"Futbol &#8211; Futsal Antrenman\u0131n Bilimsel Temelleri"},"content":{"rendered":"<p>\u0130\u00c7\u0130NDEK\u0130LER    Giri\u015f 1.ANTRENMAN KAVRAMI 2. FUTBOL ANTRENMANI 3.KUVVET 4.DAYANIKLILIK 5. S\u00dcRAT 6.KOORD\u0130NASYON 7.HAREKETL\u0130L\u0130K (ESNEKL\u0130K) 8.ANTRENMAN PLANLAMA VE PER\u0130YOTLAMA 9. ANTRENMAN VE MA\u00c7 G\u00d6ZLEM\u0130 10. ISINMA 11.\u00c7OCUK VE GEN\u00c7LERDE FUTBOL ANTRENMANI 12. BAYANLARDA FUTBOL 13. FUTBOLDA MASAJ 14. FUTBOLDA SA\u011eLIK 15. FUTBOL YETENEK TESTLER\u0130 16.FUTBOLDA TAKIM Y\u00d6NET\u0130M\u0130 17.FUTBOL VE ANTEN\u00d6R 18. FUTBOL VE PS\u0130KOLOJ\u0130 19. FUTSAL 20. EKLER 21. YARARLANILAN KAYNAKLAR <\/p>\n","protected":false},"excerpt":{"rendered":"<p>\u0130\u00c7\u0130NDEK\u0130LER Giri\u015f 1.ANTRENMAN KAVRAMI 2. FUTBOL ANTRENMANI 3.KUVVET 4.DAYANIKLILIK 5. S\u00dcRAT 6.KOORD\u0130NASYON 7.HAREKETL\u0130L\u0130K (ESNEKL\u0130K) 8.ANTRENMAN PLANLAMA VE PER\u0130YOTLAMA 9. ANTRENMAN VE MA\u00c7 G\u00d6ZLEM\u0130 10. ISINMA 11.\u00c7OCUK<span class=\"excerpt-hellip\"> [\u2026]<\/span><\/p>\n","protected":false},"featured_media":0,"template":"","meta":{"_monsterinsights_skip_tracking":false,"_monsterinsights_sitenote_active":false,"_monsterinsights_sitenote_note":"","_monsterinsights_sitenote_category":0},"product_brand":[],"product_cat":[15563,15564],"product_tag":[],"class_list":{"0":"post-712636","1":"product","2":"type-product","3":"status-publish","5":"product_cat-hobi","6":"product_cat-spor","7":"pa_cilt-ciltsiz","8":"pa_tur-kitap","9":"pa_yayinevi-gazi-kitabevi","10":"pa_yazar-mehmet-gunay-yucel-ocak-atilla-i-yuce","12":"first","13":"instock","14":"sale","15":"shipping-taxable","16":"purchasable","17":"product-type-simple"},"_links":{"self":[{"href":"https:\/\/roveyayinevi.com.tr\/index.php\/wp-json\/wp\/v2\/product\/712636","targetHints":{"allow":["GET"]}}],"collection":[{"href":"https:\/\/roveyayinevi.com.tr\/index.php\/wp-json\/wp\/v2\/product"}],"about":[{"href":"https:\/\/roveyayinevi.com.tr\/index.php\/wp-json\/wp\/v2\/types\/product"}],"wp:attachment":[{"href":"https:\/\/roveyayinevi.com.tr\/index.php\/wp-json\/wp\/v2\/media?parent=712636"}],"wp:term":[{"taxonomy":"product_brand","embeddable":true,"href":"https:\/\/roveyayinevi.com.tr\/index.php\/wp-json\/wp\/v2\/product_brand?post=712636"},{"taxonomy":"product_cat","embeddable":true,"href":"https:\/\/roveyayinevi.com.tr\/index.php\/wp-json\/wp\/v2\/product_cat?post=712636"},{"taxonomy":"product_tag","embeddable":true,"href":"https:\/\/roveyayinevi.com.tr\/index.php\/wp-json\/wp\/v2\/product_tag?post=712636"}],"curies":[{"name":"wp","href":"https:\/\/api.w.org\/{rel}","templated":true}]}}