{"id":712635,"date":"2025-08-27T16:58:02","date_gmt":"2025-08-27T13:58:02","guid":{"rendered":"https:\/\/roveyayinevi.com.tr\/index.php\/urun\/osmanli-turkcesi-ogrenim-seti-cozumlu-metinler-8-seviye-ileri-aruzlu-gufteler\/"},"modified":"2026-04-16T02:21:04","modified_gmt":"2026-04-15T23:21:04","slug":"osmanli-turkcesi-ogrenim-seti-cozumlu-metinler-8-seviye-ileri-aruzlu-gufteler","status":"publish","type":"product","link":"https:\/\/roveyayinevi.com.tr\/index.php\/urun\/osmanli-turkcesi-ogrenim-seti-cozumlu-metinler-8-seviye-ileri-aruzlu-gufteler\/","title":{"rendered":"Osmanl\u0131 T\u00fcrk\u00e7esi \u00d6\u011frenim Seti \u00c7\u00f6z\u00fcml\u00fc Metinler 8 (Seviye-\u0130leri) Aruzlu G\u00fcfteler"},"content":{"rendered":"<p>Alfabe bilgisine sahip olan ki\u015filer i\u00e7in haz\u0131rlanan bu \u00e7al\u0131\u015fma ile okuma becerinizi art\u0131racak, ba\u015flang\u0131\u00e7 seviyesinden ileri seviyeye kadar olan farkl\u0131 metinlerle a\u015famal\u0131 olarak hem kelime hem de yaz\u0131l\u0131\u015f bi\u00e7imleri konusundaki bilgilerinizi peki\u015ftireceksiniz. Osmanl\u0131 T\u00fcrk\u00e7esi \u00d6\u011frenim Seti ba\u015fl\u0131\u011f\u0131 alt\u0131nda sunulan bu \u00e7\u00f6z\u00fcml\u00fc metinler ile, \u2022 Seviyenize g\u00f6re kitap se\u00e7ebilecek, \u2022 Fars\u00e7a ve Arap\u00e7a kelime da\u011farc\u0131\u011f\u0131n\u0131z\u0131 geni\u015fletecek, \u2022 Metnin Arap harfli k\u0131sm\u0131 ile Latin harfli k\u0131sm\u0131n\u0131 ayn\u0131 sayfada g\u00f6rerek kelimelerin yaz\u0131l\u0131\u015f bi\u00e7imleri ile telaffuzunu tek seferde kar\u015f\u0131la\u015ft\u0131rabileceksiniz. <\/p>\n","protected":false},"excerpt":{"rendered":"<p>Alfabe bilgisine sahip olan ki\u015filer i\u00e7in haz\u0131rlanan bu \u00e7al\u0131\u015fma ile okuma becerinizi art\u0131racak, ba\u015flang\u0131\u00e7 seviyesinden ileri seviyeye kadar olan farkl\u0131 metinlerle a\u015famal\u0131 olarak hem kelime hem<span class=\"excerpt-hellip\"> [\u2026]<\/span><\/p>\n","protected":false},"featured_media":0,"template":"","meta":{"_monsterinsights_skip_tracking":false,"_monsterinsights_sitenote_active":false,"_monsterinsights_sitenote_note":"","_monsterinsights_sitenote_category":0},"product_brand":[],"product_cat":[14597,12566],"product_tag":[],"class_list":{"0":"post-712635","1":"product","2":"type-product","3":"status-publish","5":"product_cat-dil-ogrenimi","6":"product_cat-egitim","7":"pa_cilt-ciltsiz","8":"pa_tur-kitap","9":"pa_yayinevi-say-yayinlari","10":"pa_yazar-mehmet-kanar","12":"first","13":"instock","14":"sale","15":"shipping-taxable","16":"purchasable","17":"product-type-simple"},"_links":{"self":[{"href":"https:\/\/roveyayinevi.com.tr\/index.php\/wp-json\/wp\/v2\/product\/712635","targetHints":{"allow":["GET"]}}],"collection":[{"href":"https:\/\/roveyayinevi.com.tr\/index.php\/wp-json\/wp\/v2\/product"}],"about":[{"href":"https:\/\/roveyayinevi.com.tr\/index.php\/wp-json\/wp\/v2\/types\/product"}],"wp:attachment":[{"href":"https:\/\/roveyayinevi.com.tr\/index.php\/wp-json\/wp\/v2\/media?parent=712635"}],"wp:term":[{"taxonomy":"product_brand","embeddable":true,"href":"https:\/\/roveyayinevi.com.tr\/index.php\/wp-json\/wp\/v2\/product_brand?post=712635"},{"taxonomy":"product_cat","embeddable":true,"href":"https:\/\/roveyayinevi.com.tr\/index.php\/wp-json\/wp\/v2\/product_cat?post=712635"},{"taxonomy":"product_tag","embeddable":true,"href":"https:\/\/roveyayinevi.com.tr\/index.php\/wp-json\/wp\/v2\/product_tag?post=712635"}],"curies":[{"name":"wp","href":"https:\/\/api.w.org\/{rel}","templated":true}]}}