{"id":712634,"date":"2025-08-27T16:58:02","date_gmt":"2025-08-27T13:58:02","guid":{"rendered":"https:\/\/roveyayinevi.com.tr\/index.php\/urun\/arthasastra\/"},"modified":"2026-04-16T02:21:04","modified_gmt":"2026-04-15T23:21:04","slug":"arthasastra","status":"publish","type":"product","link":"https:\/\/roveyayinevi.com.tr\/index.php\/urun\/arthasastra\/","title":{"rendered":"Artha\u015fastra"},"content":{"rendered":"<p>Siyasette \u201cSonuca giden her yol mubaht\u0131r,\u201d anlay\u0131\u015f\u0131yla kadim. Hint d\u00fcnyas\u0131n\u0131n Machiavelli\u2019si olarak kabul edilen Kautilya ve as\u0131rlard\u0131r okunan eseri Artha\u015fastra nihayet T\u00fcrk\u00e7ede. Kautilya, M\u00d6 340-293 y\u0131llar\u0131nda, dan\u0131\u015fmanl\u0131k ve ba\u015fbakanl\u0131k yapt\u0131\u011f\u0131 ilk Maurya \u0130mparatoru \u00c7andragupta\u2019n\u0131n iktidara y\u00fckseli\u015finin mimar\u0131 olmu\u015f bir devlet adam\u0131d\u0131r. Derin felsefe, siyaset ve iktisat bilgisiyle kaleme ald\u0131\u011f\u0131 Artha\u015fastra ise devlet y\u00f6netimi alan\u0131nda bug\u00fcne dek yaz\u0131lm\u0131\u015f en kapsaml\u0131 eserlerden biridir.  H\u00fck\u00fcmdar\u0131n vazifelerinden devlet g\u00f6revlilerinin maa\u015flar\u0131na, isyanlardan sava\u015flara, m\u00fclkiyet kanunundan ceza sistemine, devletin ve toplumun yap\u0131s\u0131 ve i\u015fleyi\u015fiyle ilgili hemen her konuya de\u011finen devasa bir \u00e7al\u0131\u015fma. <\/p>\n","protected":false},"excerpt":{"rendered":"<p>Siyasette \u201cSonuca giden her yol mubaht\u0131r,\u201d anlay\u0131\u015f\u0131yla kadim. Hint d\u00fcnyas\u0131n\u0131n Machiavelli\u2019si olarak kabul edilen Kautilya ve as\u0131rlard\u0131r okunan eseri Artha\u015fastra nihayet T\u00fcrk\u00e7ede. Kautilya, M\u00d6 340-293 y\u0131llar\u0131nda,<span class=\"excerpt-hellip\"> [\u2026]<\/span><\/p>\n","protected":false},"featured_media":0,"template":"","meta":{"_monsterinsights_skip_tracking":false,"_monsterinsights_sitenote_active":false,"_monsterinsights_sitenote_note":"","_monsterinsights_sitenote_category":0},"product_brand":[],"product_cat":[12370,12304],"product_tag":[],"class_list":{"0":"post-712634","1":"product","2":"type-product","3":"status-publish","5":"product_cat-arastirma-inceleme","6":"product_cat-tarih","7":"pa_cilt-ciltsiz","8":"pa_tur-kitap","9":"pa_yayinevi-kirmizi-kedi-yayinevi","10":"pa_yazar-kautilya","12":"first","13":"instock","14":"sale","15":"shipping-taxable","16":"purchasable","17":"product-type-simple"},"_links":{"self":[{"href":"https:\/\/roveyayinevi.com.tr\/index.php\/wp-json\/wp\/v2\/product\/712634","targetHints":{"allow":["GET"]}}],"collection":[{"href":"https:\/\/roveyayinevi.com.tr\/index.php\/wp-json\/wp\/v2\/product"}],"about":[{"href":"https:\/\/roveyayinevi.com.tr\/index.php\/wp-json\/wp\/v2\/types\/product"}],"wp:attachment":[{"href":"https:\/\/roveyayinevi.com.tr\/index.php\/wp-json\/wp\/v2\/media?parent=712634"}],"wp:term":[{"taxonomy":"product_brand","embeddable":true,"href":"https:\/\/roveyayinevi.com.tr\/index.php\/wp-json\/wp\/v2\/product_brand?post=712634"},{"taxonomy":"product_cat","embeddable":true,"href":"https:\/\/roveyayinevi.com.tr\/index.php\/wp-json\/wp\/v2\/product_cat?post=712634"},{"taxonomy":"product_tag","embeddable":true,"href":"https:\/\/roveyayinevi.com.tr\/index.php\/wp-json\/wp\/v2\/product_tag?post=712634"}],"curies":[{"name":"wp","href":"https:\/\/api.w.org\/{rel}","templated":true}]}}