{"id":712632,"date":"2025-08-27T16:58:01","date_gmt":"2025-08-27T13:58:01","guid":{"rendered":"https:\/\/roveyayinevi.com.tr\/index.php\/urun\/akilli-yatirimci\/"},"modified":"2026-04-16T02:21:04","modified_gmt":"2026-04-15T23:21:04","slug":"akilli-yatirimci","status":"publish","type":"product","link":"https:\/\/roveyayinevi.com.tr\/index.php\/urun\/akilli-yatirimci\/","title":{"rendered":"Ak\u0131ll\u0131 Yat\u0131r\u0131mc\u0131"},"content":{"rendered":"<p>D\u00fcnyan\u0131n en iyi yat\u0131r\u0131mc\u0131l\u0131k kitab\u0131n\u0131n g\u00fcncel yorumlarla yenilenmi\u015f ve zenginle\u015ftirilmi\u015f yeni bask\u0131s\u0131 \u201cYat\u0131r\u0131mc\u0131l\u0131k hakk\u0131nda gelmi\u015f ge\u00e7mi\u015f en iyi kitap.\u201d Warren Buffett, \u00dcnl\u00fc yat\u0131r\u0131mc\u0131, d\u00fcnyan\u0131n en zengin 3. adam\u0131 \u201cHayat\u0131n\u0131z boyunca tek bir yat\u0131r\u0131m kitab\u0131 okuyacaksan\u0131z, bu olsun.\u201d Forbes \u201cBu kitap Benjamin Graham\u2019\u0131n yat\u0131r\u0131mc\u0131l\u0131k hakk\u0131ndaki ola\u011fan\u00fcst\u00fc ba\u015far\u0131 kazanm\u0131\u015f temel ilkelerini net bir \u015fekilde a\u00e7\u0131kl\u0131yor.\u201d Money \u201cBu kitap hayat\u0131n\u0131z boyunca ba\u015far\u0131l\u0131 yat\u0131r\u0131mlar yapabilmeniz i\u00e7in gerekli bilgileri ve mant\u0131ksal \u00e7er\u00e7eveyi eksiksiz ve anla\u015f\u0131l\u0131r bi\u00e7imde sunuyor. Sizin yapman\u0131z gerekense gerekli duygusal disiplini sa\u011flamak.\u201d \u201cYat\u0131r\u0131mc\u0131l\u0131\u011f\u0131n temel ilkeleri hisselere i\u015f ortakl\u0131\u011f\u0131 gibi bakmak, piyasa dalgalanmalar\u0131n\u0131 yarar\u0131n\u0131za kullanmak ve hesaplamalar\u0131n\u0131zda bir g\u00fcvenlik marj\u0131 b\u0131rakmakt\u0131r. Bunlar\u0131 bize Benjamin Graham \u00f6\u011fretti, y\u00fcz y\u0131l sonra da yat\u0131r\u0131mc\u0131l\u0131\u011f\u0131n temel ta\u015flar\u0131 bunlar olacak.\u201d Warren Buffett Warren Buffett\u2019\u0131n \u00f6ns\u00f6z\u00fc ve sons\u00f6z\u00fc ile, Jason Zweig\u2019in g\u00fcncel yorumlar\u0131yla Amazon\u2019un en \u00e7ok satan 100 kitap listesinden hi\u00e7 d\u00fc\u015fmeyen bu efsane kitaptaki ilkeleri dikkat ve istikrarla uygulayarak: \u25cfYat\u0131r\u0131mc\u0131l\u0131kla spek\u00fclasyonun fark\u0131n\u0131 \u00f6\u011frenerek spek\u00fclasyondan korunacak, \u25cfYat\u0131r\u0131mc\u0131 profilinizi, riske bak\u0131\u015f a\u00e7\u0131n\u0131z\u0131 \u00f6\u011frenerek kendiniz i\u00e7in do\u011fru yat\u0131r\u0131m stratejisini olu\u015fturacak, \u25cf\u00d6zel emeklilik fonlar\u0131n\u0131z\u0131 etkili ve verimli y\u00f6netmeyi \u00f6\u011frenecek, \u25cfBirikimlerinizi krizlere, enflasyona ve panik dalgalar\u0131na kar\u015f\u0131 koruyacak, \u25cfOrta ve uzun vadede ak\u0131lc\u0131, s\u00fcrd\u00fcr\u00fclebilir ve reel getiriler elde edecek, \u25cfNiteli\u011fi ne olursa olsun varl\u0131klar\u0131n do\u011fru de\u011fer ve fiyatlar\u0131n\u0131 g\u00fcvenilir \u015fekilde bilecek, \u25cfAk\u0131ll\u0131 bir yat\u0131r\u0131mc\u0131 i\u00e7in panik dalgalar\u0131n\u0131n ve fiyat d\u00fc\u015f\u00fc\u015flerinin f\u0131rsat oldu\u011funun bilincine varacak, \u25cfDo\u011fru zaman ve ko\u015fullarda al\u0131m-sat\u0131m yapman\u0131n ilkelerini kavrayacak, \u25cfGereksiz al\u0131m-sat\u0131m ve pozisyon al\u0131mlar\u0131n daima zarar getirdi\u011fini bilecek, \u25cfDe\u011ferli ve do\u011fru fiyattan al\u0131nm\u0131\u015f varl\u0131klar\u0131 furyalara kap\u0131lmadan elde tutman\u0131n \u00f6nemini anlayacaks\u0131n\u0131z. Tahmin edilece\u011fi gibi bu kitap k\u0131sa vadede zengin olma hayali kuranlara ve spek\u00fclat\u00f6rlere g\u00f6re de\u011fil. Ancak ister birikimlerini koruma ve makul risklerle ak\u0131lc\u0131 getiriler sa\u011flama pe\u015findeki bir pasif yat\u0131r\u0131mc\u0131 olun, ister piyasalara gereken emek ve zaman\u0131 harcayarak daha y\u00fcksek getiriler elde etme hedefi olan bir aktif yat\u0131r\u0131mc\u0131, bu kitaptaki ilkeleri \u00f6z\u00fcmseyip yat\u0131r\u0131mlar\u0131n\u0131za yans\u0131t\u0131rsan\u0131z, ola\u011fan\u00fcst\u00fc sonu\u00e7lar elde etti\u011finizi g\u00f6receksiniz. Yat\u0131r\u0131m gibi zor ve rekabet\u00e7i bir alanda 45 y\u0131l \u00f6nce yaz\u0131lm\u0131\u015f bir kitab\u0131n bug\u00fcn h\u00e2l\u00e2 \u00e7ok satanlar listelerinin \u00fcst s\u0131ralar\u0131nda yer almas\u0131 s\u0131rad\u0131\u015f\u0131 bir durum, ancak Benjamin Graham de s\u0131ra d\u0131\u015f\u0131 bir yazar. Warren Buffett, David Abrams, Walter Schloss gibi uzun vadede dahi ortalamalar\u0131n \u00e7ok \u00fczerinde getiriler sa\u011flam\u0131\u015f \u00fcnl\u00fc yat\u0131r\u0131mc\u0131lar\u0131n ak\u0131l hocas\u0131 ve \u201cde\u011fer yat\u0131r\u0131mc\u0131l\u0131\u011f\u0131\u201d ekol\u00fcn\u00fcn yarat\u0131c\u0131s\u0131 Graham, ayn\u0131 zamanda fikirlerini a\u00e7\u0131k ve duru \u015fekilde ifade edebilen iyi bir yazar ve ilkelerini kendi paras\u0131yla uygulayarak ortalama \u00fcst\u00fc getiriler elde eden iyi bir yat\u0131r\u0131mc\u0131yd\u0131. Bu kitapta ba\u015far\u0131l\u0131 yat\u0131r\u0131mc\u0131lara y\u00f6n veren ilkelerin, ustalar\u0131n\u0131n a\u011fz\u0131ndan en nitelikli ve anla\u015f\u0131l\u0131r anlat\u0131m\u0131n\u0131 bulacaks\u0131n\u0131z. Buna ek olarak; Wall Street Journal, Money, Time, Forbes gibi sayg\u0131n yay\u0131nlarda yazm\u0131\u015f \u00fcnl\u00fc finans gazetecisi Jason Zweig\u2019\u0131n bu kitaptaki fikirleri 21. y\u00fczy\u0131l ko\u015fullar\u0131na uyarlayarak ve kitab\u0131n yaz\u0131m\u0131ndan 30 y\u0131l sonra ger\u00e7ekle\u015fmi\u015f \u201cdot.com balonu\u201d gibi olaylar\u0131 inceleyerek ekledi\u011fi \u201cyorum\u201d k\u0131s\u0131mlar\u0131n\u0131 okudu\u011funuzda, Graham\u2019in \u00f6\u011fretilerinin \u00e7ok az \u00f6\u011fretinin ge\u00e7ebildi\u011fi bir testi ge\u00e7erek hem g\u00fcn\u00fcm\u00fcze, hem gelece\u011fe \u0131\u015f\u0131k tutmaya devam etti\u011fini net bir \u015fekilde g\u00f6receksiniz. Warren E. Buffett d\u00fcnyaca \u00fcnl\u00fc de\u011fer yat\u0131r\u0131mc\u0131s\u0131, Benjamin Graham&#8217;in en \u00fcnl\u00fc \u00f6\u011frencisi ve Ocak 2018 itibar\u0131yla 91,6 milyar dolarl\u0131k servetiyle d\u00fcnyan\u0131n \u00fc\u00e7\u00fcnc\u00fc en zengin insan\u0131d\u0131r. Graham&#8217;den \u00f6\u011frendi\u011fi ilkeleri geli\u015ftirip uygulayarak holdingi Berkshire Hathaway&#8217;e 51 y\u0131l boyunca toplamda %884.319 gibi inan\u0131lmas\u0131 g\u00fc\u00e7 bir b\u00fcy\u00fcme sa\u011flad\u0131. Wall Street Journal gazetesinde &#8220;The Intelligent Investor&#8221; k\u00f6\u015fesinde haftal\u0131k yat\u0131r\u0131m yaz\u0131lar\u0131 yazan Jason Zweig; Money, Time, Forbes gibi sayg\u0131n yay\u0131nlarda da yazarl\u0131k ve edit\u00f6rl\u00fck yapm\u0131\u015f ABD&#8217;li \u00fcnl\u00fc finans gazetecisidir ve 1987 y\u0131l\u0131ndan beri yat\u0131r\u0131m, finans ve borsa \u00fczerine yazmaktad\u0131r. <\/p>\n","protected":false},"excerpt":{"rendered":"<p>D\u00fcnyan\u0131n en iyi yat\u0131r\u0131mc\u0131l\u0131k kitab\u0131n\u0131n g\u00fcncel yorumlarla yenilenmi\u015f ve zenginle\u015ftirilmi\u015f yeni bask\u0131s\u0131 \u201cYat\u0131r\u0131mc\u0131l\u0131k hakk\u0131nda gelmi\u015f ge\u00e7mi\u015f en iyi kitap.\u201d Warren Buffett, \u00dcnl\u00fc yat\u0131r\u0131mc\u0131, d\u00fcnyan\u0131n en zengin<span class=\"excerpt-hellip\"> [\u2026]<\/span><\/p>\n","protected":false},"featured_media":0,"template":"","meta":{"_monsterinsights_skip_tracking":false,"_monsterinsights_sitenote_active":false,"_monsterinsights_sitenote_note":"","_monsterinsights_sitenote_category":0},"product_brand":[],"product_cat":[13043,17647],"product_tag":[],"class_list":{"0":"post-712632","1":"product","2":"type-product","3":"status-publish","5":"product_cat-ekonomi","6":"product_cat-is-dunyasi","7":"pa_cilt-ciltsiz","8":"pa_tur-kitap","9":"pa_yayinevi-epsilon-yayinlari","10":"pa_yazar-benjamin-graham-warren-buffett-jason-zweig","12":"first","13":"instock","14":"sale","15":"shipping-taxable","16":"purchasable","17":"product-type-simple"},"_links":{"self":[{"href":"https:\/\/roveyayinevi.com.tr\/index.php\/wp-json\/wp\/v2\/product\/712632","targetHints":{"allow":["GET"]}}],"collection":[{"href":"https:\/\/roveyayinevi.com.tr\/index.php\/wp-json\/wp\/v2\/product"}],"about":[{"href":"https:\/\/roveyayinevi.com.tr\/index.php\/wp-json\/wp\/v2\/types\/product"}],"wp:attachment":[{"href":"https:\/\/roveyayinevi.com.tr\/index.php\/wp-json\/wp\/v2\/media?parent=712632"}],"wp:term":[{"taxonomy":"product_brand","embeddable":true,"href":"https:\/\/roveyayinevi.com.tr\/index.php\/wp-json\/wp\/v2\/product_brand?post=712632"},{"taxonomy":"product_cat","embeddable":true,"href":"https:\/\/roveyayinevi.com.tr\/index.php\/wp-json\/wp\/v2\/product_cat?post=712632"},{"taxonomy":"product_tag","embeddable":true,"href":"https:\/\/roveyayinevi.com.tr\/index.php\/wp-json\/wp\/v2\/product_tag?post=712632"}],"curies":[{"name":"wp","href":"https:\/\/api.w.org\/{rel}","templated":true}]}}