{"id":712631,"date":"2025-08-27T16:58:00","date_gmt":"2025-08-27T13:58:00","guid":{"rendered":"https:\/\/roveyayinevi.com.tr\/index.php\/urun\/masallar-ve-toplumsal-cinsiyet\/"},"modified":"2026-04-16T02:21:04","modified_gmt":"2026-04-15T23:21:04","slug":"masallar-ve-toplumsal-cinsiyet","status":"publish","type":"product","link":"https:\/\/roveyayinevi.com.tr\/index.php\/urun\/masallar-ve-toplumsal-cinsiyet\/","title":{"rendered":"Masallar ve Toplumsal Cinsiyet"},"content":{"rendered":"<p>Timsahlarla ayn\u0131 \u0131rmakta y\u00fczmezsiniz, vah\u015fi bir ormana silahs\u0131z dalmazs\u0131n\u0131z, bir aslan kar\u015f\u0131 da\u011fdan bile k\u00fckrese ka\u00e7ars\u0131n\u0131z. Ama yemye\u015fil bir k\u0131rda uzan\u0131p g\u00f6\u011fe bakarken rahat; \u00e7imlerden yava\u015f yava\u015f zerkedilen bir zehir varsa, savunmas\u0131zs\u0131n\u0131z. Belki de masallarla m\u0131\u015f\u0131l m\u0131\u015f\u0131l uykuya dalars\u0131n\u0131z. Derken g\u00fcn\u00fc gelir sorars\u0131n\u0131z: Bir \u00f6l\u00fc olan Pamuk Prenses\u2019in \u00f6p\u00fclmesi neden bizi deh\u015fete d\u00fc\u015f\u00fcrmez? Yaln\u0131zca basit bir \u00f6p\u00fcc\u00fck bo\u011faz\u0131ndaki elmay\u0131 nas\u0131l \u00e7\u0131kar\u0131r? Yoksa ima edilen bir sars\u0131lma m\u0131d\u0131r? Hansel ve Gretel\u2019in aileleri taraf\u0131ndan fakirli\u011fe \u00e7are olarak ormana at\u0131lmalar\u0131 ve haneye tecav\u00fcz, yamyaml\u0131k, cinayet, h\u0131rs\u0131zl\u0131kla devam eden maceralar\u0131n\u0131n anlam\u0131 nedir? Cam tabut, camdan pabu\u00e7lar ve peri k\u0131zlar\u0131n\u0131n ku\u011fu kanatlar\u0131 \u00e7al\u0131n\u0131nca evlenmeye mecbur olmas\u0131 ne anlama gelir? Elman\u0131n yaln\u0131zca k\u0131rm\u0131z\u0131 taraf\u0131n\u0131n zehirlemesi, k\u0131rm\u0131z\u0131 pabu\u00e7lar\u0131 sevdi\u011fi i\u00e7in ayaklar\u0131 kesilen Karin, K\u0131rm\u0131z\u0131 Ba\u015fl\u0131kl\u0131 K\u0131z\u2026 K\u0131rm\u0131z\u0131 neyin simgesidir? Masallarda i\u015flenen kodlar, yeti\u015fkin ya\u015fam\u0131m\u0131zda bizi nas\u0131l etkiler? Bu masal analizi kitab\u0131nda asl\u0131nda hep bildi\u011finiz \u015feylerle \u015fa\u015f\u0131racaks\u0131n\u0131z. <\/p>\n","protected":false},"excerpt":{"rendered":"<p>Timsahlarla ayn\u0131 \u0131rmakta y\u00fczmezsiniz, vah\u015fi bir ormana silahs\u0131z dalmazs\u0131n\u0131z, bir aslan kar\u015f\u0131 da\u011fdan bile k\u00fckrese ka\u00e7ars\u0131n\u0131z. Ama yemye\u015fil bir k\u0131rda uzan\u0131p g\u00f6\u011fe bakarken rahat; \u00e7imlerden yava\u015f<span class=\"excerpt-hellip\"> [\u2026]<\/span><\/p>\n","protected":false},"featured_media":0,"template":"","meta":{"_monsterinsights_skip_tracking":false,"_monsterinsights_sitenote_active":false,"_monsterinsights_sitenote_note":"","_monsterinsights_sitenote_category":0},"product_brand":[],"product_cat":[13072,12291],"product_tag":[],"class_list":{"0":"post-712631","1":"product","2":"type-product","3":"status-publish","5":"product_cat-arastirma-inceleme-referans","6":"product_cat-edebiyat","7":"pa_cilt-ciltsiz","8":"pa_tur-kitap","9":"pa_yayinevi-kor-kitap","10":"pa_yazar-melek-ozlem-sezer","12":"first","13":"instock","14":"sale","15":"shipping-taxable","16":"purchasable","17":"product-type-simple"},"_links":{"self":[{"href":"https:\/\/roveyayinevi.com.tr\/index.php\/wp-json\/wp\/v2\/product\/712631","targetHints":{"allow":["GET"]}}],"collection":[{"href":"https:\/\/roveyayinevi.com.tr\/index.php\/wp-json\/wp\/v2\/product"}],"about":[{"href":"https:\/\/roveyayinevi.com.tr\/index.php\/wp-json\/wp\/v2\/types\/product"}],"wp:attachment":[{"href":"https:\/\/roveyayinevi.com.tr\/index.php\/wp-json\/wp\/v2\/media?parent=712631"}],"wp:term":[{"taxonomy":"product_brand","embeddable":true,"href":"https:\/\/roveyayinevi.com.tr\/index.php\/wp-json\/wp\/v2\/product_brand?post=712631"},{"taxonomy":"product_cat","embeddable":true,"href":"https:\/\/roveyayinevi.com.tr\/index.php\/wp-json\/wp\/v2\/product_cat?post=712631"},{"taxonomy":"product_tag","embeddable":true,"href":"https:\/\/roveyayinevi.com.tr\/index.php\/wp-json\/wp\/v2\/product_tag?post=712631"}],"curies":[{"name":"wp","href":"https:\/\/api.w.org\/{rel}","templated":true}]}}