{"id":712629,"date":"2025-08-27T16:57:59","date_gmt":"2025-08-27T13:57:59","guid":{"rendered":"https:\/\/roveyayinevi.com.tr\/index.php\/urun\/kerem-ile-asli-6\/"},"modified":"2026-04-16T02:21:04","modified_gmt":"2026-04-15T23:21:04","slug":"kerem-ile-asli-6","status":"publish","type":"product","link":"https:\/\/roveyayinevi.com.tr\/index.php\/urun\/kerem-ile-asli-6\/","title":{"rendered":"Kerem \u0130le Asl\u0131"},"content":{"rendered":"<p>Dinleri ayr\u0131 iki sevgilinin bir t\u00fcrl\u00fc kavu\u015famamas\u0131n\u0131 konu edinen Kerem \u0130le Asl\u0131 g\u00fcn\u00fcm\u00fcz halk anlat\u0131lar\u0131 aras\u0131nda en \u00f6nemlilerinden biri say\u0131lmaktad\u0131r. Her defas\u0131nda kendini yeni okumalara a\u00e7an \u00f6l\u00fcms\u00fcz bir a\u015fk\u0131n hik\u00e2yesi\u2026 \u00c7ekti\u011fim dert ile elem Benden ibret als\u0131n \u00e2lem B\u00f6yle \u00e7al\u0131nm\u0131\u015ft\u0131r kalem Yanar\u0131m Asl\u0131\u2019m yanar\u0131m <\/p>\n","protected":false},"excerpt":{"rendered":"<p>Dinleri ayr\u0131 iki sevgilinin bir t\u00fcrl\u00fc kavu\u015famamas\u0131n\u0131 konu edinen Kerem \u0130le Asl\u0131 g\u00fcn\u00fcm\u00fcz halk anlat\u0131lar\u0131 aras\u0131nda en \u00f6nemlilerinden biri say\u0131lmaktad\u0131r. Her defas\u0131nda kendini yeni okumalara a\u00e7an<span class=\"excerpt-hellip\"> [\u2026]<\/span><\/p>\n","protected":false},"featured_media":0,"template":"","meta":{"_monsterinsights_skip_tracking":false,"_monsterinsights_sitenote_active":false,"_monsterinsights_sitenote_note":"","_monsterinsights_sitenote_category":0},"product_brand":[],"product_cat":[12274,20117],"product_tag":[],"class_list":{"0":"post-712629","1":"product","2":"type-product","3":"status-publish","5":"product_cat-cocuk-ve-genclik-kitaplari","6":"product_cat-turk-klasikleri","7":"pa_cilt-ciltsiz","8":"pa_tur-kitap","9":"pa_yayinevi-kapi-yayinlari","10":"pa_yazar-kollektif","12":"first","13":"instock","14":"sale","15":"shipping-taxable","16":"purchasable","17":"product-type-simple"},"_links":{"self":[{"href":"https:\/\/roveyayinevi.com.tr\/index.php\/wp-json\/wp\/v2\/product\/712629","targetHints":{"allow":["GET"]}}],"collection":[{"href":"https:\/\/roveyayinevi.com.tr\/index.php\/wp-json\/wp\/v2\/product"}],"about":[{"href":"https:\/\/roveyayinevi.com.tr\/index.php\/wp-json\/wp\/v2\/types\/product"}],"wp:attachment":[{"href":"https:\/\/roveyayinevi.com.tr\/index.php\/wp-json\/wp\/v2\/media?parent=712629"}],"wp:term":[{"taxonomy":"product_brand","embeddable":true,"href":"https:\/\/roveyayinevi.com.tr\/index.php\/wp-json\/wp\/v2\/product_brand?post=712629"},{"taxonomy":"product_cat","embeddable":true,"href":"https:\/\/roveyayinevi.com.tr\/index.php\/wp-json\/wp\/v2\/product_cat?post=712629"},{"taxonomy":"product_tag","embeddable":true,"href":"https:\/\/roveyayinevi.com.tr\/index.php\/wp-json\/wp\/v2\/product_tag?post=712629"}],"curies":[{"name":"wp","href":"https:\/\/api.w.org\/{rel}","templated":true}]}}